{"id":35592,"date":"2026-02-27T00:30:37","date_gmt":"2026-02-27T00:30:37","guid":{"rendered":"https:\/\/nordicmart.andreevmaster.com\/product\/vasagle-tv-kaappi-pituus-120-cm-2-laatikkoa-ja-2-avointa-lokeroa\/"},"modified":"2026-02-27T09:49:09","modified_gmt":"2026-02-27T09:49:09","slug":"vasagle-tv-kaappi-pituus-120-cm-2-laatikkoa-ja-2-avointa-lokeroa","status":"publish","type":"product","link":"https:\/\/nordicmart.andreevmaster.com\/fi\/tuote\/vasagle-tv-kaappi-pituus-120-cm-2-laatikkoa-ja-2-avointa-lokeroa\/","title":{"rendered":"VASAGLE TV-kaappi, pituus 120 cm, 2 laatikkoa ja 2 avointa lokeroa"},"content":{"rendered":"<p>VASAGLE TV-kaappi, televisiop\u00f6yt\u00e4, matala kaappi televisioille, joiden koko on enint\u00e4\u00e4n 55 tuumaa, 2 laatikkoa, 2 avointa lokeroa, 120 x 40 x 50 cm, olohuoneeseen, ter\u00e4srunko, vintage-ruskea-musta LTV300B01<br \/>\nV\u00e4ri: tammipuunruskea-musta<br \/>\nMateriaali: lastulevy, ter\u00e4s<br \/>\nKoko: 40 x 120 x 50 cm (S x L x K)<br \/>\nPaino: 25,6 kg<br \/>\nP\u00f6yt\u00e4levyn maks. staattinen kantavuus: 40 kg<br \/>\nMaks. staattinen kokonaiskuormitus: 91 kg<\/p>\n","protected":false},"excerpt":{"rendered":"<p>VASAGLE TV-kaappi, televisiop\u00f6yt\u00e4, matala kaappi televisioille, joiden koko on enint\u00e4\u00e4n 55 tuumaa, 2 laatikkoa, 2 avointa lokeroa, 120 x 40 x 50 cm, olohuoneeseen, ter\u00e4srunko, vintage-ruskea-musta LTV300B01<\/p>\n","protected":false},"featured_media":44152,"comment_status":"open","ping_status":"closed","template":"","meta":[],"product_brand":[],"product_cat":[32],"product_tag":[],"class_list":{"0":"post-35592","1":"product","2":"type-product","3":"status-publish","4":"has-post-thumbnail","6":"product_cat-uncategorized-fi","8":"first","9":"instock","10":"shipping-taxable","11":"purchasable","12":"product-type-simple"},"_links":{"self":[{"href":"https:\/\/nordicmart.andreevmaster.com\/fi\/wp-json\/wp\/v2\/product\/35592","targetHints":{"allow":["GET"]}}],"collection":[{"href":"https:\/\/nordicmart.andreevmaster.com\/fi\/wp-json\/wp\/v2\/product"}],"about":[{"href":"https:\/\/nordicmart.andreevmaster.com\/fi\/wp-json\/wp\/v2\/types\/product"}],"replies":[{"embeddable":true,"href":"https:\/\/nordicmart.andreevmaster.com\/fi\/wp-json\/wp\/v2\/comments?post=35592"}],"wp:featuredmedia":[{"embeddable":true,"href":"https:\/\/nordicmart.andreevmaster.com\/fi\/wp-json\/wp\/v2\/media\/44152"}],"wp:attachment":[{"href":"https:\/\/nordicmart.andreevmaster.com\/fi\/wp-json\/wp\/v2\/media?parent=35592"}],"wp:term":[{"taxonomy":"product_brand","embeddable":true,"href":"https:\/\/nordicmart.andreevmaster.com\/fi\/wp-json\/wp\/v2\/product_brand?post=35592"},{"taxonomy":"product_cat","embeddable":true,"href":"https:\/\/nordicmart.andreevmaster.com\/fi\/wp-json\/wp\/v2\/product_cat?post=35592"},{"taxonomy":"product_tag","embeddable":true,"href":"https:\/\/nordicmart.andreevmaster.com\/fi\/wp-json\/wp\/v2\/product_tag?post=35592"}],"curies":[{"name":"wp","href":"https:\/\/api.w.org\/{rel}","templated":true}]}}