{"id":35590,"date":"2026-02-27T00:30:36","date_gmt":"2026-02-27T00:30:36","guid":{"rendered":"https:\/\/nordicmart.andreevmaster.com\/product\/vasagle-tv-poyta-120-x-40-x-50-cm\/"},"modified":"2026-02-27T09:49:08","modified_gmt":"2026-02-27T09:49:08","slug":"vasagle-tv-poyta-120-x-40-x-50-cm","status":"publish","type":"product","link":"https:\/\/nordicmart.andreevmaster.com\/fi\/tuote\/vasagle-tv-poyta-120-x-40-x-50-cm\/","title":{"rendered":"VASAGLE TV-p\u00f6yt\u00e4 120 x 40 x 50 cm"},"content":{"rendered":"<p>Tuotetiedot: V\u00e4ri: Vintage-ruskea-musta Materiaali: Puulastulevy, ter\u00e4s Koko: 120 x 40 x 50 cm (P x L x K) Paino: 30,4 kg Pinnan maksimaalinen staattinen kantavuus: 40 kg Maksimaalinen staattinen kantavuus yhteens\u00e4: 75 kg Toimitus sis\u00e4lt\u00e4\u00e4: 1 x televisiop\u00f6yt\u00e4 1 x lis\u00e4varustepaketti 1 x ohjeet VASAGLE Huomautukset:Turvallisuussyist\u00e4 lapset eiv\u00e4t saa kiivet\u00e4 tuotteelle tai leikki\u00e4 sill\u00e4.<\/p>\n","protected":false},"excerpt":{"rendered":"<p>VASAGLE TV-kaappi, televisiop\u00f6yt\u00e4, matala kaappi televisioille, joiden koko on enint\u00e4\u00e4n 55 tuumaa, 2 laatikkoa, 2 avointa lokeroa, 120 x 40 x 50 cm, olohuoneeseen, ter\u00e4srunko, vintage-ruskea-musta LTV300B01<\/p>\n","protected":false},"featured_media":44151,"comment_status":"open","ping_status":"closed","template":"","meta":[],"product_brand":[],"product_cat":[32],"product_tag":[],"class_list":{"0":"post-35590","1":"product","2":"type-product","3":"status-publish","4":"has-post-thumbnail","6":"product_cat-uncategorized-fi","8":"first","9":"instock","10":"shipping-taxable","11":"purchasable","12":"product-type-simple"},"_links":{"self":[{"href":"https:\/\/nordicmart.andreevmaster.com\/fi\/wp-json\/wp\/v2\/product\/35590","targetHints":{"allow":["GET"]}}],"collection":[{"href":"https:\/\/nordicmart.andreevmaster.com\/fi\/wp-json\/wp\/v2\/product"}],"about":[{"href":"https:\/\/nordicmart.andreevmaster.com\/fi\/wp-json\/wp\/v2\/types\/product"}],"replies":[{"embeddable":true,"href":"https:\/\/nordicmart.andreevmaster.com\/fi\/wp-json\/wp\/v2\/comments?post=35590"}],"wp:featuredmedia":[{"embeddable":true,"href":"https:\/\/nordicmart.andreevmaster.com\/fi\/wp-json\/wp\/v2\/media\/44151"}],"wp:attachment":[{"href":"https:\/\/nordicmart.andreevmaster.com\/fi\/wp-json\/wp\/v2\/media?parent=35590"}],"wp:term":[{"taxonomy":"product_brand","embeddable":true,"href":"https:\/\/nordicmart.andreevmaster.com\/fi\/wp-json\/wp\/v2\/product_brand?post=35590"},{"taxonomy":"product_cat","embeddable":true,"href":"https:\/\/nordicmart.andreevmaster.com\/fi\/wp-json\/wp\/v2\/product_cat?post=35590"},{"taxonomy":"product_tag","embeddable":true,"href":"https:\/\/nordicmart.andreevmaster.com\/fi\/wp-json\/wp\/v2\/product_tag?post=35590"}],"curies":[{"name":"wp","href":"https:\/\/api.w.org\/{rel}","templated":true}]}}