{"id":35589,"date":"2026-02-27T00:30:36","date_gmt":"2026-02-27T00:30:36","guid":{"rendered":"https:\/\/nordicmart.andreevmaster.com\/product\/vasagle-tv-matala-kaappi-moderni-puunvarinen-harmaa\/"},"modified":"2026-02-27T09:49:08","modified_gmt":"2026-02-27T09:49:08","slug":"vasagle-tv-matala-kaappi-moderni-puunvarinen-harmaa","status":"publish","type":"product","link":"https:\/\/nordicmart.andreevmaster.com\/fi\/tuote\/vasagle-tv-matala-kaappi-moderni-puunvarinen-harmaa\/","title":{"rendered":"VASAGLE TV-matala kaappi Moderni puunv\u00e4rinen-harmaa"},"content":{"rendered":"<p>VASAGLE:n suunnittelijat luovat p\u00e4ivitt\u00e4iseen k\u00e4ytt\u00f6\u00f6n tarkoitettuja ja ennen kaikkea k\u00e4yt\u00e4nn\u00f6llisi\u00e4 tuotteita, mutta heille tulee my\u00f6s s\u00e4\u00e4nn\u00f6llisesti mieleen erityisi\u00e4 huonekaluja, jotka erottuvat esimerkiksi ainutlaatuisella muodollaan tai luovasti yhdistetyill\u00e4 v\u00e4reill\u00e4. T\u00e4m\u00e4 moderni skandinaavistyylinen TV-p\u00f6yt\u00e4 tekee sinuun vaikutuksen korkealaatuisilla materiaaleillaan ja ainutlaatuisella muotoilullaan. Televisio tyylikk\u00e4\u00e4sti Kutsu yst\u00e4v\u00e4si sunnuntai-iltap\u00e4iv\u00e4ksi katsomaan yhdess\u00e4 suosikkisarjaanne. L\u00e4mpimill\u00e4 v\u00e4reill\u00e4\u00e4n ja geometrisill\u00e4 linjoillaan t\u00e4m\u00e4 TV-p\u00f6yt\u00e4 on ihanteellinen lis\u00e4varuste rentoutumiseen kutsuvassa ymp\u00e4rist\u00f6ss\u00e4.Kaikki hallinnassaSuuren p\u00f6yt\u00e4levyn ansiosta voit sijoittaa lowboardille joko suuren television tai pienemm\u00e4n laitteen sek\u00e4 kynttil\u00f6it\u00e4 ja valokuvakehyksi\u00e4. 2 pient\u00e4 kaappia, yksi laatikko ja avoin hylly varmistavat, ett\u00e4 television ymp\u00e4rill\u00e4 on aina siisti.Tuotetiedot:- V\u00e4ri: puunv\u00e4rinen harmaa &#8211; Materiaali: lastulevy, massiivipuujalat &#8211; Koko: 110 x 40 x 45 cm (P x L x K) &#8211; Paino: 20,5 kg &#8211; Maks. staattinen kantavuus: 30 kg Toimitus sis\u00e4lt\u00e4\u00e4:- 1 x TV-p\u00f6yt\u00e4 &#8211; 1 x lis\u00e4varustepussi asennusty\u00f6kaluilla &#8211; 1 x ohjeet (DE, EN, ES, FR, IT) VASAGLE-ohjeet: &#8211; Lapset eiv\u00e4t saa kiivet\u00e4 tuotteen p\u00e4\u00e4lle tai leikki\u00e4 sill\u00e4. Pid\u00e4 lapset my\u00f6s poissa p\u00f6yd\u00e4n ter\u00e4vist\u00e4 kulmista. &#8211; Asenna tuote tarkasti ohjeiden mukaisesti. &#8211; Tuote ei saa joutua kosketuksiin veden kanssa. &#8211; Pid\u00e4 ter\u00e4v\u00e4t tai ter\u00e4vi\u00e4 esineit\u00e4 poissa t\u00e4st\u00e4 tuotteesta, jotta sen pinta ei vahingoitu.<\/p>\n","protected":false},"excerpt":{"rendered":"<p>VASAGLE Moderni televisiop\u00f6yt\u00e4, TV-matala kaappi, jossa on laatikko, 2 kaappia ja avoin hylly, televisiokaappi, jossa on massiivipuujalat, olohuoneeseen, 110 x 40 x 45 cm, puunv\u00e4rinen harmaa LTV29NG<\/p>\n","protected":false},"featured_media":44150,"comment_status":"open","ping_status":"closed","template":"","meta":[],"product_brand":[],"product_cat":[32],"product_tag":[],"class_list":{"0":"post-35589","1":"product","2":"type-product","3":"status-publish","4":"has-post-thumbnail","6":"product_cat-uncategorized-fi","8":"first","9":"instock","10":"shipping-taxable","11":"purchasable","12":"product-type-simple"},"_links":{"self":[{"href":"https:\/\/nordicmart.andreevmaster.com\/fi\/wp-json\/wp\/v2\/product\/35589","targetHints":{"allow":["GET"]}}],"collection":[{"href":"https:\/\/nordicmart.andreevmaster.com\/fi\/wp-json\/wp\/v2\/product"}],"about":[{"href":"https:\/\/nordicmart.andreevmaster.com\/fi\/wp-json\/wp\/v2\/types\/product"}],"replies":[{"embeddable":true,"href":"https:\/\/nordicmart.andreevmaster.com\/fi\/wp-json\/wp\/v2\/comments?post=35589"}],"wp:featuredmedia":[{"embeddable":true,"href":"https:\/\/nordicmart.andreevmaster.com\/fi\/wp-json\/wp\/v2\/media\/44150"}],"wp:attachment":[{"href":"https:\/\/nordicmart.andreevmaster.com\/fi\/wp-json\/wp\/v2\/media?parent=35589"}],"wp:term":[{"taxonomy":"product_brand","embeddable":true,"href":"https:\/\/nordicmart.andreevmaster.com\/fi\/wp-json\/wp\/v2\/product_brand?post=35589"},{"taxonomy":"product_cat","embeddable":true,"href":"https:\/\/nordicmart.andreevmaster.com\/fi\/wp-json\/wp\/v2\/product_cat?post=35589"},{"taxonomy":"product_tag","embeddable":true,"href":"https:\/\/nordicmart.andreevmaster.com\/fi\/wp-json\/wp\/v2\/product_tag?post=35589"}],"curies":[{"name":"wp","href":"https:\/\/api.w.org\/{rel}","templated":true}]}}