{"id":35588,"date":"2026-02-27T00:30:36","date_gmt":"2026-02-27T00:30:36","guid":{"rendered":"https:\/\/nordicmart.andreevmaster.com\/product\/vasagle-tv-kaappi-led-valaistuksella\/"},"modified":"2026-02-27T09:49:08","modified_gmt":"2026-02-27T09:49:08","slug":"vasagle-tv-kaappi-led-valaistuksella","status":"publish","type":"product","link":"https:\/\/nordicmart.andreevmaster.com\/fi\/tuote\/vasagle-tv-kaappi-led-valaistuksella\/","title":{"rendered":"VASAGLE TV-kaappi LED-valaistuksella"},"content":{"rendered":"<p>TV-nurkkaus 2.0 Kun me kaikki odotamme 5G:t\u00e4 ja edullisia s\u00e4hk\u00f6autoja, televisiot ovat jo saapuneet uuteen vuosituhanteen. Tietenkin my\u00f6s TV-kalusteidemme on pysytt\u00e4v\u00e4 mukana kehityksess\u00e4: t\u00e4m\u00e4 matala kaappi on viimeistelty modernilla valkoisella kiilt\u00e4v\u00e4ll\u00e4 pinnalla. Lasipinnat ja USB-liit\u00e4nn\u00e4ll\u00e4 varustetut valonauhat tuovat my\u00f6s t\u00e4m\u00e4n nykyaikaisen kosketuksen ja viev\u00e4t TV-nurkkauksesi tulevaisuuteen. TV-kaapin kohokohdat yhdell\u00e4 silm\u00e4yksell\u00e4: &#8211; 140 x 35 cm:n pinta televisioille, joiden koko on enint\u00e4\u00e4n 60 tuumaa &#8211; Kiilt\u00e4v\u00e4 valkoinen; sopii erityisesti modernisti sisustettuihin olohuoneisiin &#8211; 2 valonauhaa USB-liit\u00e4nn\u00e4ll\u00e4, jotka voidaan liitt\u00e4\u00e4 televisioon tai muihin virtal\u00e4hteisiin. Nauhat loistavat eri v\u00e4reiss\u00e4 ja niit\u00e4 voidaan lyhent\u00e4\u00e4 tarvittaessa. &#8211; Avoimet hyllyt, suuri taitettava lokero pehme\u00e4sti sulkeutuvalla ovella sek\u00e4 2 lasihylly\u00e4 &#8211; Korkeuss\u00e4\u00e4dett\u00e4v\u00e4t jalat keskell\u00e4 &#8211; Huopapalat sivuilla; suojaavat lattiaasi naarmuilta Tuotetiedot: &#8211; V\u00e4ri: kiilt\u00e4v\u00e4 valkoinen &#8211; Materiaali: lastulevy, karkaistu lasi &#8211; Koko: 140 x 35 x 45 cm (P x L x K) &#8211; Paino: 21,4 kg &#8211; Maks. staattinen kantavuus: 30 kg Toimitus sis\u00e4lt\u00e4\u00e4: &#8211; 1 x TV-kaappi &#8211; 1 x s\u00e4ilytyslaatikko lis\u00e4varusteille &#8211; 1 x ohjeet (DE, EN, FR, ES, IT)  VASAGLE Huomautukset: &#8211; Lapset eiv\u00e4t saa kiivet\u00e4 tuotteen p\u00e4\u00e4lle. Varo my\u00f6s, ett\u00e4 lapset eiv\u00e4t osu kaapin ter\u00e4viin kulmiin. Loukkaantumisvaara! &#8211; Turvallisuussyist\u00e4 pid\u00e4 lapset poissa valonauhoista. &#8211; Varmista, ett\u00e4 t\u00e4m\u00e4n tuotteen lasilevyt eiv\u00e4t ole l\u00f6ys\u00e4ll\u00e4, ennen kuin kuljetat sit\u00e4 toiseen paikkaan. Nosta se aina kuljetuksen aikana. \u00c4l\u00e4 raahaa sit\u00e4 lattialla. &#8211; T\u00e4m\u00e4 tuote on tarkoitettu k\u00e4ytett\u00e4v\u00e4ksi vain sis\u00e4tiloissa. Suojaa se kosteudelta.<\/p>\n","protected":false},"excerpt":{"rendered":"<p>VASAGLE TV-p\u00f6yt\u00e4 televisioille, joiden koko on enint\u00e4\u00e4n 60 tuumaa, iso TV-kaappi, TV-kaappi, TV-hylly LED-valaistuksella, matala kaappi, olohuone, 140 x 35 x 45 cm, moderni, kiilt\u00e4v\u00e4, valkoinen LTV14WT<\/p>\n","protected":false},"featured_media":44149,"comment_status":"open","ping_status":"closed","template":"","meta":[],"product_brand":[],"product_cat":[32],"product_tag":[],"class_list":{"0":"post-35588","1":"product","2":"type-product","3":"status-publish","4":"has-post-thumbnail","6":"product_cat-uncategorized-fi","8":"first","9":"instock","10":"shipping-taxable","11":"purchasable","12":"product-type-simple"},"_links":{"self":[{"href":"https:\/\/nordicmart.andreevmaster.com\/fi\/wp-json\/wp\/v2\/product\/35588","targetHints":{"allow":["GET"]}}],"collection":[{"href":"https:\/\/nordicmart.andreevmaster.com\/fi\/wp-json\/wp\/v2\/product"}],"about":[{"href":"https:\/\/nordicmart.andreevmaster.com\/fi\/wp-json\/wp\/v2\/types\/product"}],"replies":[{"embeddable":true,"href":"https:\/\/nordicmart.andreevmaster.com\/fi\/wp-json\/wp\/v2\/comments?post=35588"}],"wp:featuredmedia":[{"embeddable":true,"href":"https:\/\/nordicmart.andreevmaster.com\/fi\/wp-json\/wp\/v2\/media\/44149"}],"wp:attachment":[{"href":"https:\/\/nordicmart.andreevmaster.com\/fi\/wp-json\/wp\/v2\/media?parent=35588"}],"wp:term":[{"taxonomy":"product_brand","embeddable":true,"href":"https:\/\/nordicmart.andreevmaster.com\/fi\/wp-json\/wp\/v2\/product_brand?post=35588"},{"taxonomy":"product_cat","embeddable":true,"href":"https:\/\/nordicmart.andreevmaster.com\/fi\/wp-json\/wp\/v2\/product_cat?post=35588"},{"taxonomy":"product_tag","embeddable":true,"href":"https:\/\/nordicmart.andreevmaster.com\/fi\/wp-json\/wp\/v2\/product_tag?post=35588"}],"curies":[{"name":"wp","href":"https:\/\/api.w.org\/{rel}","templated":true}]}}