{"id":35585,"date":"2026-02-27T00:30:35","date_gmt":"2026-02-27T00:30:35","guid":{"rendered":"https:\/\/nordicmart.andreevmaster.com\/product\/vasagle-tv-alakaappi-ripustettava-147-x-35-x-30-cm-lumivalkoinen\/"},"modified":"2026-02-27T09:49:07","modified_gmt":"2026-02-27T09:49:07","slug":"vasagle-tv-alakaappi-ripustettava-147-x-35-x-30-cm-lumivalkoinen","status":"publish","type":"product","link":"https:\/\/nordicmart.andreevmaster.com\/fi\/tuote\/vasagle-tv-alakaappi-ripustettava-147-x-35-x-30-cm-lumivalkoinen\/","title":{"rendered":"VASAGLE TV-alakaappi, ripustettava, 147 x 35 x 30 cm, lumivalkoinen"},"content":{"rendered":"<p>VASAGLE TV-matala kaappi, TV-taso, ripustettava kaappi, sein\u00e4kaappi, eri televisioille, TV-p\u00f6yt\u00e4, olohuoneeseen, moderni, 147 x 35 x 30 cm, eebenpuunmusta LTV133B02<br \/>\nV\u00e4ri: lumivalkoinen<br \/>\nMateriaali: MDF (keskitihe\u00e4 kuitulevy), lastulevy, ter\u00e4s, karkaistu lasi<br \/>\nKoko: 147 x 35 x 30 cm (P x L x K)<br \/>\nPaino: 22,3 kg<br \/>\nKansi: enimm\u00e4iskantavuus 30 kg<br \/>\nHyllykohtaisen maksimaalisen staattisen kantavuuden: 15 kg<\/p>\n","protected":false},"excerpt":{"rendered":"<p>VASAGLE TV-matala kaappi, TV-taso, ripustettava kaappi, sein\u00e4kaappi, eri televisioille, TV-p\u00f6yt\u00e4, olohuoneeseen, moderni, 147 x 35 x 30 cm, eebenpuunmusta LTV133B02<\/p>\n","protected":false},"featured_media":44146,"comment_status":"open","ping_status":"closed","template":"","meta":[],"product_brand":[],"product_cat":[32],"product_tag":[],"class_list":{"0":"post-35585","1":"product","2":"type-product","3":"status-publish","4":"has-post-thumbnail","6":"product_cat-uncategorized-fi","8":"first","9":"instock","10":"shipping-taxable","11":"purchasable","12":"product-type-simple"},"_links":{"self":[{"href":"https:\/\/nordicmart.andreevmaster.com\/fi\/wp-json\/wp\/v2\/product\/35585","targetHints":{"allow":["GET"]}}],"collection":[{"href":"https:\/\/nordicmart.andreevmaster.com\/fi\/wp-json\/wp\/v2\/product"}],"about":[{"href":"https:\/\/nordicmart.andreevmaster.com\/fi\/wp-json\/wp\/v2\/types\/product"}],"replies":[{"embeddable":true,"href":"https:\/\/nordicmart.andreevmaster.com\/fi\/wp-json\/wp\/v2\/comments?post=35585"}],"wp:featuredmedia":[{"embeddable":true,"href":"https:\/\/nordicmart.andreevmaster.com\/fi\/wp-json\/wp\/v2\/media\/44146"}],"wp:attachment":[{"href":"https:\/\/nordicmart.andreevmaster.com\/fi\/wp-json\/wp\/v2\/media?parent=35585"}],"wp:term":[{"taxonomy":"product_brand","embeddable":true,"href":"https:\/\/nordicmart.andreevmaster.com\/fi\/wp-json\/wp\/v2\/product_brand?post=35585"},{"taxonomy":"product_cat","embeddable":true,"href":"https:\/\/nordicmart.andreevmaster.com\/fi\/wp-json\/wp\/v2\/product_cat?post=35585"},{"taxonomy":"product_tag","embeddable":true,"href":"https:\/\/nordicmart.andreevmaster.com\/fi\/wp-json\/wp\/v2\/product_tag?post=35585"}],"curies":[{"name":"wp","href":"https:\/\/api.w.org\/{rel}","templated":true}]}}