{"id":35583,"date":"2026-02-27T00:30:35","date_gmt":"2026-02-27T00:30:35","guid":{"rendered":"https:\/\/nordicmart.andreevmaster.com\/product\/vasagle-l-muotoinen-tv-kaappi-saadettava-pituus-pilvinen-valkoinen-luonnonbeige\/"},"modified":"2026-02-27T09:49:07","modified_gmt":"2026-02-27T09:49:07","slug":"vasagle-l-muotoinen-tv-kaappi-saadettava-pituus-pilvinen-valkoinen-luonnonbeige","status":"publish","type":"product","link":"https:\/\/nordicmart.andreevmaster.com\/fi\/tuote\/vasagle-l-muotoinen-tv-kaappi-saadettava-pituus-pilvinen-valkoinen-luonnonbeige\/","title":{"rendered":"VASAGLE L-muotoinen TV-kaappi, s\u00e4\u00e4dett\u00e4v\u00e4 pituus, pilvinen valkoinen-luonnonbeige"},"content":{"rendered":"<p>VASAGLE TV-matala kaappi, s\u00e4\u00e4dett\u00e4v\u00e4 pituus 162-270 cm, L-muotoinen TV-kaappi, 2 laatikkoa, 3 avointa lokeroa, LED-valaistus, pistorasiat, olohuone, pilvinen valkoinen-luonnonbeige LTV126W02<br \/>\nV\u00e4ri: pilvinen valkoinen-luonnonbeige<br \/>\nMateriaali: MDF (keskitihe\u00e4 kuitulevy), puuhakelevy<br \/>\nKoko: (162\u2013270) x 39 x 41 cm (P x L x K)<br \/>\nPaino: 42,5 kg<br \/>\nValkoisen televisiop\u00f6yd\u00e4n kansilevyn maks. staattinen kantavuus: 60 kg<br \/>\nS\u00e4\u00e4dett\u00e4v\u00e4n p\u00f6yt\u00e4levyn kansilevyn maks. staattinen kantavuus luonnonbeige: 45 kg<br \/>\nMaks. staattinen kokonaiskuormitus: 130 kg<\/p>\n","protected":false},"excerpt":{"rendered":"<p>VASAGLE TV-matala kaappi, s\u00e4\u00e4dett\u00e4v\u00e4 pituus 162-270 cm, L-muotoinen TV-kaappi, 2 laatikkoa, 3 avointa lokeroa, LED-valaistus, pistorasiat, olohuone, pilvinen valkoinen-luonnonbeige LTV126W02<\/p>\n","protected":false},"featured_media":44144,"comment_status":"open","ping_status":"closed","template":"","meta":[],"product_brand":[],"product_cat":[32],"product_tag":[],"class_list":{"0":"post-35583","1":"product","2":"type-product","3":"status-publish","4":"has-post-thumbnail","6":"product_cat-uncategorized-fi","8":"first","9":"instock","10":"shipping-taxable","11":"purchasable","12":"product-type-simple"},"_links":{"self":[{"href":"https:\/\/nordicmart.andreevmaster.com\/fi\/wp-json\/wp\/v2\/product\/35583","targetHints":{"allow":["GET"]}}],"collection":[{"href":"https:\/\/nordicmart.andreevmaster.com\/fi\/wp-json\/wp\/v2\/product"}],"about":[{"href":"https:\/\/nordicmart.andreevmaster.com\/fi\/wp-json\/wp\/v2\/types\/product"}],"replies":[{"embeddable":true,"href":"https:\/\/nordicmart.andreevmaster.com\/fi\/wp-json\/wp\/v2\/comments?post=35583"}],"wp:featuredmedia":[{"embeddable":true,"href":"https:\/\/nordicmart.andreevmaster.com\/fi\/wp-json\/wp\/v2\/media\/44144"}],"wp:attachment":[{"href":"https:\/\/nordicmart.andreevmaster.com\/fi\/wp-json\/wp\/v2\/media?parent=35583"}],"wp:term":[{"taxonomy":"product_brand","embeddable":true,"href":"https:\/\/nordicmart.andreevmaster.com\/fi\/wp-json\/wp\/v2\/product_brand?post=35583"},{"taxonomy":"product_cat","embeddable":true,"href":"https:\/\/nordicmart.andreevmaster.com\/fi\/wp-json\/wp\/v2\/product_cat?post=35583"},{"taxonomy":"product_tag","embeddable":true,"href":"https:\/\/nordicmart.andreevmaster.com\/fi\/wp-json\/wp\/v2\/product_tag?post=35583"}],"curies":[{"name":"wp","href":"https:\/\/api.w.org\/{rel}","templated":true}]}}