{"id":35581,"date":"2026-02-27T00:30:34","date_gmt":"2026-02-27T00:30:34","guid":{"rendered":"https:\/\/nordicmart.andreevmaster.com\/product\/vasagle-tv-kaappi-120-cm-pitka-teollinen-muotoilu\/"},"modified":"2026-02-27T09:49:06","modified_gmt":"2026-02-27T09:49:06","slug":"vasagle-tv-kaappi-120-cm-pitka-teollinen-muotoilu","status":"publish","type":"product","link":"https:\/\/nordicmart.andreevmaster.com\/fi\/tuote\/vasagle-tv-kaappi-120-cm-pitka-teollinen-muotoilu\/","title":{"rendered":"VASAGLE TV-kaappi 120 cm pitk\u00e4 Teollinen muotoilu"},"content":{"rendered":"<p>VASAGLE TV-kaappi, matala kaappi, televisiokaappi enint\u00e4\u00e4n 55 tuuman televisioille, pituus 120 cm, televisiop\u00f6yt\u00e4, olohuoneeseen, teollinen muotoilu, valkoinen LTV120T46<br \/>\nV\u00e4ri: vintage-ruskea<br \/>\nMateriaali: lastulevy, kumipuu<br \/>\nKoko: 40 x 120 x 49 cm (syvyys x leveys x korkeus)<br \/>\nPaino: 19,7 kg<br \/>\nPinnan maks. staattinen kantavuus: 55 kg<br \/>\nHyllytasojen maks. staattinen kantavuus: 15 kg<\/p>\n","protected":false},"excerpt":{"rendered":"<p>VASAGLE TV-kaappi, matala kaappi, televisiokaappi enint\u00e4\u00e4n 55 tuuman televisioille, pituus 120 cm, televisiop\u00f6yt\u00e4, olohuoneeseen, teollinen muotoilu, valkoinen LTV120T46<\/p>\n","protected":false},"featured_media":44142,"comment_status":"open","ping_status":"closed","template":"","meta":[],"product_brand":[],"product_cat":[32],"product_tag":[],"class_list":{"0":"post-35581","1":"product","2":"type-product","3":"status-publish","4":"has-post-thumbnail","6":"product_cat-uncategorized-fi","8":"first","9":"instock","10":"shipping-taxable","11":"purchasable","12":"product-type-simple"},"_links":{"self":[{"href":"https:\/\/nordicmart.andreevmaster.com\/fi\/wp-json\/wp\/v2\/product\/35581","targetHints":{"allow":["GET"]}}],"collection":[{"href":"https:\/\/nordicmart.andreevmaster.com\/fi\/wp-json\/wp\/v2\/product"}],"about":[{"href":"https:\/\/nordicmart.andreevmaster.com\/fi\/wp-json\/wp\/v2\/types\/product"}],"replies":[{"embeddable":true,"href":"https:\/\/nordicmart.andreevmaster.com\/fi\/wp-json\/wp\/v2\/comments?post=35581"}],"wp:featuredmedia":[{"embeddable":true,"href":"https:\/\/nordicmart.andreevmaster.com\/fi\/wp-json\/wp\/v2\/media\/44142"}],"wp:attachment":[{"href":"https:\/\/nordicmart.andreevmaster.com\/fi\/wp-json\/wp\/v2\/media?parent=35581"}],"wp:term":[{"taxonomy":"product_brand","embeddable":true,"href":"https:\/\/nordicmart.andreevmaster.com\/fi\/wp-json\/wp\/v2\/product_brand?post=35581"},{"taxonomy":"product_cat","embeddable":true,"href":"https:\/\/nordicmart.andreevmaster.com\/fi\/wp-json\/wp\/v2\/product_cat?post=35581"},{"taxonomy":"product_tag","embeddable":true,"href":"https:\/\/nordicmart.andreevmaster.com\/fi\/wp-json\/wp\/v2\/product_tag?post=35581"}],"curies":[{"name":"wp","href":"https:\/\/api.w.org\/{rel}","templated":true}]}}