{"id":35578,"date":"2026-02-27T00:30:33","date_gmt":"2026-02-27T00:30:33","guid":{"rendered":"https:\/\/nordicmart.andreevmaster.com\/product\/vasagle-tv-kaappi-lamelliovilla-vintage-ruskea\/"},"modified":"2026-02-27T09:49:06","modified_gmt":"2026-02-27T09:49:06","slug":"vasagle-tv-kaappi-lamelliovilla-vintage-ruskea","status":"publish","type":"product","link":"https:\/\/nordicmart.andreevmaster.com\/fi\/tuote\/vasagle-tv-kaappi-lamelliovilla-vintage-ruskea\/","title":{"rendered":"VASAGLE TV-kaappi lamelliovilla, vintage-ruskea"},"content":{"rendered":"<p>Tuotetiedot: V\u00e4ri: vintage-ruskea Materiaali: lastulevy Koko: 110 x 40 x 50 cm (P x L x K) Paino: 21,9 kg Maks. staattinen kantavuus per hylly: 5 kg Maks. staattinen kantavuus yhteens\u00e4: 30 kg Toimitus sis\u00e4lt\u00e4\u00e4: 1 x TV-kaappi 1 x lis\u00e4varustepaketti 1 x ohjeet VASAGLE Huomautukset:Turvallisuussyist\u00e4 lapset eiv\u00e4t saa kiivet\u00e4 tuotteen p\u00e4\u00e4lle tai leikki\u00e4 sill\u00e4.<\/p>\n","protected":false},"excerpt":{"rendered":"<p>VASAGLE TV-kaappi, TV-hylly, televisiop\u00f6yt\u00e4, TV-p\u00f6yt\u00e4, lamelliovet, avoimet lokerot, 2 reik\u00e4\u00e4 kaapeleille, s\u00e4\u00e4dett\u00e4v\u00e4t hyllyt, televisioille enint\u00e4\u00e4n 43 tuumaa, vintage-ruskea LTV102X01<\/p>\n","protected":false},"featured_media":44139,"comment_status":"open","ping_status":"closed","template":"","meta":[],"product_brand":[],"product_cat":[32],"product_tag":[],"class_list":{"0":"post-35578","1":"product","2":"type-product","3":"status-publish","4":"has-post-thumbnail","6":"product_cat-uncategorized-fi","8":"first","9":"instock","10":"shipping-taxable","11":"purchasable","12":"product-type-simple"},"_links":{"self":[{"href":"https:\/\/nordicmart.andreevmaster.com\/fi\/wp-json\/wp\/v2\/product\/35578","targetHints":{"allow":["GET"]}}],"collection":[{"href":"https:\/\/nordicmart.andreevmaster.com\/fi\/wp-json\/wp\/v2\/product"}],"about":[{"href":"https:\/\/nordicmart.andreevmaster.com\/fi\/wp-json\/wp\/v2\/types\/product"}],"replies":[{"embeddable":true,"href":"https:\/\/nordicmart.andreevmaster.com\/fi\/wp-json\/wp\/v2\/comments?post=35578"}],"wp:featuredmedia":[{"embeddable":true,"href":"https:\/\/nordicmart.andreevmaster.com\/fi\/wp-json\/wp\/v2\/media\/44139"}],"wp:attachment":[{"href":"https:\/\/nordicmart.andreevmaster.com\/fi\/wp-json\/wp\/v2\/media?parent=35578"}],"wp:term":[{"taxonomy":"product_brand","embeddable":true,"href":"https:\/\/nordicmart.andreevmaster.com\/fi\/wp-json\/wp\/v2\/product_brand?post=35578"},{"taxonomy":"product_cat","embeddable":true,"href":"https:\/\/nordicmart.andreevmaster.com\/fi\/wp-json\/wp\/v2\/product_cat?post=35578"},{"taxonomy":"product_tag","embeddable":true,"href":"https:\/\/nordicmart.andreevmaster.com\/fi\/wp-json\/wp\/v2\/product_tag?post=35578"}],"curies":[{"name":"wp","href":"https:\/\/api.w.org\/{rel}","templated":true}]}}