{"id":35576,"date":"2026-02-27T00:30:33","date_gmt":"2026-02-27T00:30:33","guid":{"rendered":"https:\/\/nordicmart.andreevmaster.com\/product\/vasagle-tv-hylly-3-tasoa-vintage-ruskea-musta\/"},"modified":"2026-02-27T09:49:05","modified_gmt":"2026-02-27T09:49:05","slug":"vasagle-tv-hylly-3-tasoa-vintage-ruskea-musta","status":"publish","type":"product","link":"https:\/\/nordicmart.andreevmaster.com\/fi\/tuote\/vasagle-tv-hylly-3-tasoa-vintage-ruskea-musta\/","title":{"rendered":"VASAGLE TV-hylly, 3 tasoa, vintage-ruskea-musta"},"content":{"rendered":"<p>Tuotetiedot: &#8211; V\u00e4ri: vintage-ruskea-musta &#8211; Materiaali: lastulevy, ter\u00e4srunko &#8211; Koko: 147 x 40 x 50 cm (P x L x K) &#8211; Paino: 22,7 kg &#8211; Pinnan maks. staattinen kantavuus: 50 kg &#8211; Alimman hyllyn maks. staattinen kantavuus: 20 kg Toimitus sis\u00e4lt\u00e4\u00e4:- 1 x TV-hylly &#8211; 1 x lis\u00e4varustepaketti &#8211; 1 x ohjeet VASAGLE Huomautukset: &#8211; Turvallisuussyist\u00e4 lapset eiv\u00e4t saa kiivet\u00e4 tuotteelle tai leikki\u00e4 sill\u00e4. &#8211; Aseta esineet tasaisesti p\u00f6yt\u00e4levylle. T\u00e4m\u00e4n tuotteen suurin staattinen kantavuus on 50 kg. \u00c4l\u00e4 ylit\u00e4 t\u00e4t\u00e4 enimm\u00e4ispainoa.<\/p>\n","protected":false},"excerpt":{"rendered":"<p>VASAGLE TV-hylly, TV-kaappi, matala hylly televisioille, joiden koko on enint\u00e4\u00e4n 65 tuumaa, 147 x 40 x 50 cm, televisiop\u00f6yt\u00e4 avoimilla lokeroilla, X-muotoiset tuet, teollinen muotoilu, vintage-ruskea-musta LTV100B01<\/p>\n","protected":false},"featured_media":44137,"comment_status":"open","ping_status":"closed","template":"","meta":[],"product_brand":[],"product_cat":[32],"product_tag":[],"class_list":{"0":"post-35576","1":"product","2":"type-product","3":"status-publish","4":"has-post-thumbnail","6":"product_cat-uncategorized-fi","8":"first","9":"instock","10":"shipping-taxable","11":"purchasable","12":"product-type-simple"},"_links":{"self":[{"href":"https:\/\/nordicmart.andreevmaster.com\/fi\/wp-json\/wp\/v2\/product\/35576","targetHints":{"allow":["GET"]}}],"collection":[{"href":"https:\/\/nordicmart.andreevmaster.com\/fi\/wp-json\/wp\/v2\/product"}],"about":[{"href":"https:\/\/nordicmart.andreevmaster.com\/fi\/wp-json\/wp\/v2\/types\/product"}],"replies":[{"embeddable":true,"href":"https:\/\/nordicmart.andreevmaster.com\/fi\/wp-json\/wp\/v2\/comments?post=35576"}],"wp:featuredmedia":[{"embeddable":true,"href":"https:\/\/nordicmart.andreevmaster.com\/fi\/wp-json\/wp\/v2\/media\/44137"}],"wp:attachment":[{"href":"https:\/\/nordicmart.andreevmaster.com\/fi\/wp-json\/wp\/v2\/media?parent=35576"}],"wp:term":[{"taxonomy":"product_brand","embeddable":true,"href":"https:\/\/nordicmart.andreevmaster.com\/fi\/wp-json\/wp\/v2\/product_brand?post=35576"},{"taxonomy":"product_cat","embeddable":true,"href":"https:\/\/nordicmart.andreevmaster.com\/fi\/wp-json\/wp\/v2\/product_cat?post=35576"},{"taxonomy":"product_tag","embeddable":true,"href":"https:\/\/nordicmart.andreevmaster.com\/fi\/wp-json\/wp\/v2\/product_tag?post=35576"}],"curies":[{"name":"wp","href":"https:\/\/api.w.org\/{rel}","templated":true}]}}