{"id":35574,"date":"2026-02-27T00:30:32","date_gmt":"2026-02-27T00:30:32","guid":{"rendered":"https:\/\/nordicmart.andreevmaster.com\/product\/vasagle-retro-televisiopoyta\/"},"modified":"2026-02-27T09:49:05","modified_gmt":"2026-02-27T09:49:05","slug":"vasagle-retro-televisiopoyta","status":"publish","type":"product","link":"https:\/\/nordicmart.andreevmaster.com\/fi\/tuote\/vasagle-retro-televisiopoyta\/","title":{"rendered":"VASAGLE Retro-televisiop\u00f6yt\u00e4"},"content":{"rendered":"<p> Retro, 50\/60-luvun tyyli  On syy, miksi 50\/60-luvun tyyliset huonekalut ovat niin suosittuja: ne n\u00e4ytt\u00e4v\u00e4t aina ja kaikkialla upeilta. T\u00e4m\u00e4 matala hylly sopii moniin sisustustyyleihin ja n\u00e4ytt\u00e4\u00e4 upealta olohuoneessa, makuuhuoneessa tai toimistossa. 2 hyllytasoa, kevyell\u00e4 painalluksella avautuva kaapinovi, jonka takana on viel\u00e4 lis\u00e4\u00e4 s\u00e4ilytystilaa, ja suuri p\u00f6yt\u00e4pinta \u2013 t\u00e4m\u00e4 TV-hylly tarjoaa runsaasti tilaa televisiollesi, pelikonsoleillesi, kaapelilaatikoillesi ja monille muille esineille. Luotettava VASAGLE-laatu  T\u00e4m\u00e4 televisiokaappi on valmistettu lastulevyst\u00e4 ja sen kantavuus on jopa 50 kg. Ulosp\u00e4in suuntautuvat jalat viittaavat trendikk\u00e4\u00e4seen retrotyyliin ja on valmistettu kumipuusta, mik\u00e4 tekee niist\u00e4 erityisen tukevat. Ne kiinnitet\u00e4\u00e4n TV-hyllyn runkoon tukevilla ruuveilla ja puutapeilla, jotta ne pysyv\u00e4t aina paikoillaan ja tarjoavat erinomaisen tuen. Jos pid\u00e4t t\u00e4st\u00e4 retrotyylisest\u00e4 televisiokaapista, tutustu my\u00f6s muihin VASAGLE:n sopiviin huonekaluihin! Tuotetiedot: &#8211; V\u00e4ri: retro-ruskea &#8211; Materiaali: lastulevy, kumipuu &#8211; Koko: 110 x 40 x 49,5 cm (P x L x K) &#8211; Paino: 17,4 kg &#8211; Maks. staattinen kantavuus: 50 kg  Toimitus sis\u00e4lt\u00e4\u00e4: &#8211; 1 x retro-televisiop\u00f6yt\u00e4 &#8211; 1 x s\u00e4ilytyslaatikko tarvikkeille &#8211; 1 x ohjeet (DE, EN, FR, ES, IT) VASAGLE-ohjeet: &#8211; Pid\u00e4 lapset poissa p\u00f6yd\u00e4n kulmista, jotta v\u00e4ltyt\u00e4\u00e4n loukkaantumisilta. &#8211; Nosta p\u00f6yt\u00e4, kun haluat siirt\u00e4\u00e4 sit\u00e4. \u00c4l\u00e4 raahaa sit\u00e4 lattian yli. &#8211; \u00c4l\u00e4 paina kaapin ovea liian voimakkaasti, sill\u00e4 se voi vahingoittua.<\/p>\n","protected":false},"excerpt":{"rendered":"<p>VASAGLE retro-matala kaappi, TV-hylly, TV-p\u00f6yt\u00e4, TV-kaappi 50\/60-luvun tyylill\u00e4, retro-huonekalut taulutelevisiollesi, pelikonsolit, olohuone, toimisto, puun ulkon\u00e4k\u00f6 LTV09BX<\/p>\n","protected":false},"featured_media":44135,"comment_status":"open","ping_status":"closed","template":"","meta":[],"product_brand":[],"product_cat":[32],"product_tag":[],"class_list":{"0":"post-35574","1":"product","2":"type-product","3":"status-publish","4":"has-post-thumbnail","6":"product_cat-uncategorized-fi","8":"first","9":"instock","10":"shipping-taxable","11":"purchasable","12":"product-type-simple"},"_links":{"self":[{"href":"https:\/\/nordicmart.andreevmaster.com\/fi\/wp-json\/wp\/v2\/product\/35574","targetHints":{"allow":["GET"]}}],"collection":[{"href":"https:\/\/nordicmart.andreevmaster.com\/fi\/wp-json\/wp\/v2\/product"}],"about":[{"href":"https:\/\/nordicmart.andreevmaster.com\/fi\/wp-json\/wp\/v2\/types\/product"}],"replies":[{"embeddable":true,"href":"https:\/\/nordicmart.andreevmaster.com\/fi\/wp-json\/wp\/v2\/comments?post=35574"}],"wp:featuredmedia":[{"embeddable":true,"href":"https:\/\/nordicmart.andreevmaster.com\/fi\/wp-json\/wp\/v2\/media\/44135"}],"wp:attachment":[{"href":"https:\/\/nordicmart.andreevmaster.com\/fi\/wp-json\/wp\/v2\/media?parent=35574"}],"wp:term":[{"taxonomy":"product_brand","embeddable":true,"href":"https:\/\/nordicmart.andreevmaster.com\/fi\/wp-json\/wp\/v2\/product_brand?post=35574"},{"taxonomy":"product_cat","embeddable":true,"href":"https:\/\/nordicmart.andreevmaster.com\/fi\/wp-json\/wp\/v2\/product_cat?post=35574"},{"taxonomy":"product_tag","embeddable":true,"href":"https:\/\/nordicmart.andreevmaster.com\/fi\/wp-json\/wp\/v2\/product_tag?post=35574"}],"curies":[{"name":"wp","href":"https:\/\/api.w.org\/{rel}","templated":true}]}}