{"id":35573,"date":"2026-02-27T00:30:32","date_gmt":"2026-02-27T00:30:32","guid":{"rendered":"https:\/\/nordicmart.andreevmaster.com\/product\/vasagle-tv-hylly-3-tasolla-olohuoneeseen\/"},"modified":"2026-02-27T09:49:04","modified_gmt":"2026-02-27T09:49:04","slug":"vasagle-tv-hylly-3-tasolla-olohuoneeseen","status":"publish","type":"product","link":"https:\/\/nordicmart.andreevmaster.com\/fi\/tuote\/vasagle-tv-hylly-3-tasolla-olohuoneeseen\/","title":{"rendered":"VASAGLE TV-hylly 3 tasolla olohuoneeseen"},"content":{"rendered":"<p>Tuotetiedot: V\u00e4ri: Vintage-ruskea-musta Materiaali: lastulevy, ter\u00e4s Koko: 178 x 39 x 52 cm (P x L x K) Paino: 21 kg Maks. staattinen kantavuus lastulevyhylly\u00e4 kohti: 80 kg Maks. staattinen kantavuus metalliritil\u00e4hylly\u00e4 kohti: 10 kg Toimitus sis\u00e4lt\u00e4\u00e4: 1 x TV-taso 1 x lis\u00e4varustepaketti 1 x ohjeet VASAGLE Huomautukset:Turvallisuussyist\u00e4 lapset eiv\u00e4t saa kiivet\u00e4 tuotteelle tai leikki\u00e4 sill\u00e4.<\/p>\n","protected":false},"excerpt":{"rendered":"<p>VASAGLE TV-kaappi, televisiop\u00f6yt\u00e4, matala kaappi televisioille, joiden koko on enint\u00e4\u00e4n 75 tuumaa, televisiokaappi hyllyill\u00e4, ter\u00e4srunko, TV-hylly olohuoneeseen, makuuhuoneeseen, vintage-ruskea-musta LTV096B01<\/p>\n","protected":false},"featured_media":0,"comment_status":"open","ping_status":"closed","template":"","meta":[],"product_brand":[],"product_cat":[32],"product_tag":[],"class_list":{"0":"post-35573","1":"product","2":"type-product","3":"status-publish","5":"product_cat-uncategorized-fi","7":"first","8":"instock","9":"shipping-taxable","10":"purchasable","11":"product-type-simple"},"_links":{"self":[{"href":"https:\/\/nordicmart.andreevmaster.com\/fi\/wp-json\/wp\/v2\/product\/35573","targetHints":{"allow":["GET"]}}],"collection":[{"href":"https:\/\/nordicmart.andreevmaster.com\/fi\/wp-json\/wp\/v2\/product"}],"about":[{"href":"https:\/\/nordicmart.andreevmaster.com\/fi\/wp-json\/wp\/v2\/types\/product"}],"replies":[{"embeddable":true,"href":"https:\/\/nordicmart.andreevmaster.com\/fi\/wp-json\/wp\/v2\/comments?post=35573"}],"wp:attachment":[{"href":"https:\/\/nordicmart.andreevmaster.com\/fi\/wp-json\/wp\/v2\/media?parent=35573"}],"wp:term":[{"taxonomy":"product_brand","embeddable":true,"href":"https:\/\/nordicmart.andreevmaster.com\/fi\/wp-json\/wp\/v2\/product_brand?post=35573"},{"taxonomy":"product_cat","embeddable":true,"href":"https:\/\/nordicmart.andreevmaster.com\/fi\/wp-json\/wp\/v2\/product_cat?post=35573"},{"taxonomy":"product_tag","embeddable":true,"href":"https:\/\/nordicmart.andreevmaster.com\/fi\/wp-json\/wp\/v2\/product_tag?post=35573"}],"curies":[{"name":"wp","href":"https:\/\/api.w.org\/{rel}","templated":true}]}}