{"id":35572,"date":"2026-02-27T00:30:32","date_gmt":"2026-02-27T00:30:32","guid":{"rendered":"https:\/\/nordicmart.andreevmaster.com\/product\/vasagle-televisiopoyta-hyllyilla\/"},"modified":"2026-02-27T09:49:04","modified_gmt":"2026-02-27T09:49:04","slug":"vasagle-televisiopoyta-hyllyilla","status":"publish","type":"product","link":"https:\/\/nordicmart.andreevmaster.com\/fi\/tuote\/vasagle-televisiopoyta-hyllyilla\/","title":{"rendered":"VASAGLE-televisiop\u00f6yt\u00e4 hyllyill\u00e4"},"content":{"rendered":"<p>Tuotetiedot: &#8211; V\u00e4ri: greige-musta &#8211; Materiaali: lastulevy, ter\u00e4s &#8211; Koko: 160 x 39,2 x 50 cm (P x L x K) &#8211; Paino: 18,9 kg &#8211; Maks. staattinen kantavuus lastulevyhylly\u00e4 kohti: 60 kg &#8211; Maks. staattinen kantavuus metalliritil\u00e4hylly\u00e4 kohti: 10 kg Toimitus sis\u00e4lt\u00e4\u00e4: &#8211; 1 x televisiop\u00f6yt\u00e4 &#8211; 1 x lis\u00e4varustepaketti &#8211; 1 x ohjeet VASAGLE Huomautukset:- Turvallisuussyist\u00e4 lapset eiv\u00e4t saa kiivet\u00e4 tuotteelle tai leikki\u00e4 sill\u00e4.<\/p>\n","protected":false},"excerpt":{"rendered":"<p>VASAGLE TV-kaappi, televisiop\u00f6yt\u00e4, matala kaappi televisioille, joiden koko on enint\u00e4\u00e4n 70 tuumaa, televisiokaappi hyllyill\u00e4, ter\u00e4srunko, TV-hylly olohuoneeseen, makuuhuoneeseen, vintage-ruskea-musta LTV095B01<\/p>\n","protected":false},"featured_media":44134,"comment_status":"open","ping_status":"closed","template":"","meta":[],"product_brand":[],"product_cat":[32],"product_tag":[],"class_list":{"0":"post-35572","1":"product","2":"type-product","3":"status-publish","4":"has-post-thumbnail","6":"product_cat-uncategorized-fi","8":"first","9":"instock","10":"shipping-taxable","11":"purchasable","12":"product-type-simple"},"_links":{"self":[{"href":"https:\/\/nordicmart.andreevmaster.com\/fi\/wp-json\/wp\/v2\/product\/35572","targetHints":{"allow":["GET"]}}],"collection":[{"href":"https:\/\/nordicmart.andreevmaster.com\/fi\/wp-json\/wp\/v2\/product"}],"about":[{"href":"https:\/\/nordicmart.andreevmaster.com\/fi\/wp-json\/wp\/v2\/types\/product"}],"replies":[{"embeddable":true,"href":"https:\/\/nordicmart.andreevmaster.com\/fi\/wp-json\/wp\/v2\/comments?post=35572"}],"wp:featuredmedia":[{"embeddable":true,"href":"https:\/\/nordicmart.andreevmaster.com\/fi\/wp-json\/wp\/v2\/media\/44134"}],"wp:attachment":[{"href":"https:\/\/nordicmart.andreevmaster.com\/fi\/wp-json\/wp\/v2\/media?parent=35572"}],"wp:term":[{"taxonomy":"product_brand","embeddable":true,"href":"https:\/\/nordicmart.andreevmaster.com\/fi\/wp-json\/wp\/v2\/product_brand?post=35572"},{"taxonomy":"product_cat","embeddable":true,"href":"https:\/\/nordicmart.andreevmaster.com\/fi\/wp-json\/wp\/v2\/product_cat?post=35572"},{"taxonomy":"product_tag","embeddable":true,"href":"https:\/\/nordicmart.andreevmaster.com\/fi\/wp-json\/wp\/v2\/product_tag?post=35572"}],"curies":[{"name":"wp","href":"https:\/\/api.w.org\/{rel}","templated":true}]}}