{"id":35564,"date":"2026-02-27T00:30:30","date_gmt":"2026-02-27T00:30:30","guid":{"rendered":"https:\/\/nordicmart.andreevmaster.com\/product\/tv-kaappi-65-tuumainen-tv-teline-saadettavat-hyllyt-lato-ovet-maalaistalon-muotoilu-metallirunko-maalaismainen-ruskea-ja-musta-2\/"},"modified":"2026-02-27T09:49:03","modified_gmt":"2026-02-27T09:49:03","slug":"tv-kaappi-65-tuumainen-tv-teline-saadettavat-hyllyt-lato-ovet-maalaistalon-muotoilu-metallirunko-maalaismainen-ruskea-ja-musta-2","status":"publish","type":"product","link":"https:\/\/nordicmart.andreevmaster.com\/fi\/tuote\/tv-kaappi-65-tuumainen-tv-teline-saadettavat-hyllyt-lato-ovet-maalaistalon-muotoilu-metallirunko-maalaismainen-ruskea-ja-musta-2\/","title":{"rendered":"TV-kaappi, 65-tuumainen TV-teline, s\u00e4\u00e4dett\u00e4v\u00e4t hyllyt, lato-ovet, maalaistalon muotoilu, metallirunko, maalaismainen ruskea ja musta"},"content":{"rendered":"<p>[Tukeva jalusta] Sen 147 cm:n pinta sopii jopa 65 tuuman televisioille. T\u00e4m\u00e4 lastulevyst\u00e4 ja ter\u00e4ksest\u00e4 valmistettu tv-teline, jossa on s\u00e4ilytystila, kest\u00e4\u00e4 yhteens\u00e4 jopa 91 kg:n painon<br \/>\n[3 s\u00e4ilytysvaihtoehtoa] 2 s\u00e4\u00e4dett\u00e4v\u00e4\u00e4 hylly\u00e4 ovien takana, 2 avointa lokeroa, jotka on erotettu toisistaan s\u00e4\u00e4dett\u00e4v\u00e4ll\u00e4 hyllyll\u00e4, ja avoin hylly yl\u00e4osan alla. Runsaasti tilaa peleille, elokuville ja multimedialaitteille<br \/>\n[Teollinen tyyli] 2 lato-ovea, X-muotoiset kehykset ja rustiikkinen ruskea v\u00e4ri antavat t\u00e4lle TV-kaapille teollisen tunnelman. Siit\u00e4 tulee olohuoneesi t\u00e4hti<br \/>\n[Helppo koota] Kuvitettujen ohjeiden ja numeroitujen osien ansiosta t\u00e4m\u00e4 tv-kaappi on helppo koota.[K\u00e4yt\u00e4nn\u00f6lliset ominaisuudet] Kaapin ovet pysyv\u00e4t tukevasti kiinni. 2 kaapelireik\u00e4\u00e4 auttavat pit\u00e4m\u00e4\u00e4n kaapelit hallinnassa. S\u00e4\u00e4dett\u00e4v\u00e4t jalat antavat hyv\u00e4n vakauden my\u00f6s hieman ep\u00e4tasaisilla lattioilla<\/p>\n","protected":false},"excerpt":{"rendered":"<p>[Tukeva jalusta] Sen 147 cm:n pinta sopii jopa 65 tuuman televisioille. T\u00e4m\u00e4 lastulevyst\u00e4 ja ter\u00e4ksest\u00e4 valmistettu tv-teline, jossa on s\u00e4ilytystila, kest\u00e4\u00e4 yhteens\u00e4 jopa 91 kg:n painon [3 s\u00e4ilytysvaihtoehtoa] 2 s\u00e4\u00e4dett\u00e4v\u00e4\u00e4 hylly\u00e4 ovien takana, 2 avointa lokeroa, jotka on erotettu toisistaan s\u00e4\u00e4dett\u00e4v\u00e4ll\u00e4 hyllyll\u00e4, ja avoin hylly yl\u00e4osan alla. Runsaasti tilaa peleille, elokuville ja multimedialaitteille [Teollinen tyyli] [&hellip;]<\/p>\n","protected":false},"featured_media":0,"comment_status":"open","ping_status":"closed","template":"","meta":[],"product_brand":[],"product_cat":[32],"product_tag":[],"class_list":{"0":"post-35564","1":"product","2":"type-product","3":"status-publish","5":"product_cat-uncategorized-fi","7":"first","8":"instock","9":"shipping-taxable","10":"product-type-simple"},"_links":{"self":[{"href":"https:\/\/nordicmart.andreevmaster.com\/fi\/wp-json\/wp\/v2\/product\/35564","targetHints":{"allow":["GET"]}}],"collection":[{"href":"https:\/\/nordicmart.andreevmaster.com\/fi\/wp-json\/wp\/v2\/product"}],"about":[{"href":"https:\/\/nordicmart.andreevmaster.com\/fi\/wp-json\/wp\/v2\/types\/product"}],"replies":[{"embeddable":true,"href":"https:\/\/nordicmart.andreevmaster.com\/fi\/wp-json\/wp\/v2\/comments?post=35564"}],"wp:attachment":[{"href":"https:\/\/nordicmart.andreevmaster.com\/fi\/wp-json\/wp\/v2\/media?parent=35564"}],"wp:term":[{"taxonomy":"product_brand","embeddable":true,"href":"https:\/\/nordicmart.andreevmaster.com\/fi\/wp-json\/wp\/v2\/product_brand?post=35564"},{"taxonomy":"product_cat","embeddable":true,"href":"https:\/\/nordicmart.andreevmaster.com\/fi\/wp-json\/wp\/v2\/product_cat?post=35564"},{"taxonomy":"product_tag","embeddable":true,"href":"https:\/\/nordicmart.andreevmaster.com\/fi\/wp-json\/wp\/v2\/product_tag?post=35564"}],"curies":[{"name":"wp","href":"https:\/\/api.w.org\/{rel}","templated":true}]}}