{"id":35563,"date":"2026-02-27T00:30:30","date_gmt":"2026-02-27T00:30:30","guid":{"rendered":"https:\/\/nordicmart.andreevmaster.com\/product\/vasagle-tv-kaappi-avoimilla-hyllyilla-sopii-jopa-65-tuuman-televisioille\/"},"modified":"2026-02-27T09:49:02","modified_gmt":"2026-02-27T09:49:02","slug":"vasagle-tv-kaappi-avoimilla-hyllyilla-sopii-jopa-65-tuuman-televisioille","status":"publish","type":"product","link":"https:\/\/nordicmart.andreevmaster.com\/fi\/tuote\/vasagle-tv-kaappi-avoimilla-hyllyilla-sopii-jopa-65-tuuman-televisioille\/","title":{"rendered":"VASAGLE TV-kaappi avoimilla hyllyill\u00e4, sopii jopa 65 tuuman televisioille"},"content":{"rendered":"<p>VASAGLE TV-kaappi, televisiop\u00f6yt\u00e4, TV-hylly, matala kaappi avoimilla hyllyill\u00e4, olohuoneeseen, viihdehuoneeseen, enint\u00e4\u00e4n 65 tuuman televisioille, teollinen muotoilu, vintage-ruskea-mustanmusta LTV061K01<br \/>\nV\u00e4ri: vintage-ruskea-mustanmusta<br \/>\nMateriaali: lastulevy, ter\u00e4s<br \/>\nKoko: 147 x 40 x 50 cm (P x L x K)<br \/>\nPaino: 20,3 kg<br \/>\nKansi levyn maks. staattinen kantavuus: 35 kg<br \/>\nSivutelineen maks. staattinen kantavuus: 20 kg<br \/>\nS\u00e4\u00e4dett\u00e4v\u00e4n hyllyn maks. staattinen kantavuus: 10 kg<br \/>\nMaks. staattinen kokonaiskuormitus: 95 kg<\/p>\n","protected":false},"excerpt":{"rendered":"<p>VASAGLE TV-kaappi, televisiop\u00f6yt\u00e4, TV-hylly, matala kaappi avoimilla hyllyill\u00e4, olohuoneeseen, viihdehuoneeseen, enint\u00e4\u00e4n 65 tuuman televisioille, teollinen muotoilu, vintage-ruskea-mustanmusta LTV061K01<\/p>\n","protected":false},"featured_media":44129,"comment_status":"open","ping_status":"closed","template":"","meta":[],"product_brand":[],"product_cat":[32],"product_tag":[],"class_list":{"0":"post-35563","1":"product","2":"type-product","3":"status-publish","4":"has-post-thumbnail","6":"product_cat-uncategorized-fi","8":"first","9":"instock","10":"shipping-taxable","11":"purchasable","12":"product-type-simple"},"_links":{"self":[{"href":"https:\/\/nordicmart.andreevmaster.com\/fi\/wp-json\/wp\/v2\/product\/35563","targetHints":{"allow":["GET"]}}],"collection":[{"href":"https:\/\/nordicmart.andreevmaster.com\/fi\/wp-json\/wp\/v2\/product"}],"about":[{"href":"https:\/\/nordicmart.andreevmaster.com\/fi\/wp-json\/wp\/v2\/types\/product"}],"replies":[{"embeddable":true,"href":"https:\/\/nordicmart.andreevmaster.com\/fi\/wp-json\/wp\/v2\/comments?post=35563"}],"wp:featuredmedia":[{"embeddable":true,"href":"https:\/\/nordicmart.andreevmaster.com\/fi\/wp-json\/wp\/v2\/media\/44129"}],"wp:attachment":[{"href":"https:\/\/nordicmart.andreevmaster.com\/fi\/wp-json\/wp\/v2\/media?parent=35563"}],"wp:term":[{"taxonomy":"product_brand","embeddable":true,"href":"https:\/\/nordicmart.andreevmaster.com\/fi\/wp-json\/wp\/v2\/product_brand?post=35563"},{"taxonomy":"product_cat","embeddable":true,"href":"https:\/\/nordicmart.andreevmaster.com\/fi\/wp-json\/wp\/v2\/product_cat?post=35563"},{"taxonomy":"product_tag","embeddable":true,"href":"https:\/\/nordicmart.andreevmaster.com\/fi\/wp-json\/wp\/v2\/product_tag?post=35563"}],"curies":[{"name":"wp","href":"https:\/\/api.w.org\/{rel}","templated":true}]}}