{"id":35559,"date":"2026-02-27T00:30:29","date_gmt":"2026-02-27T00:30:29","guid":{"rendered":"https:\/\/nordicmart.andreevmaster.com\/product\/vasagle-tv-kaappi-160-cm-pitka-2-ovea-lumivalkoinen\/"},"modified":"2026-02-27T09:49:01","modified_gmt":"2026-02-27T09:49:01","slug":"vasagle-tv-kaappi-160-cm-pitka-2-ovea-lumivalkoinen","status":"publish","type":"product","link":"https:\/\/nordicmart.andreevmaster.com\/fi\/tuote\/vasagle-tv-kaappi-160-cm-pitka-2-ovea-lumivalkoinen\/","title":{"rendered":"VASAGLE TV-kaappi 160 cm pitk\u00e4, 2 ovea, lumivalkoinen"},"content":{"rendered":"<p>VASAGLE TV-kaappi, 2-ovinen televisiop\u00f6yt\u00e4, pituus 160 cm, TV-hylly televisioille, joiden koko on enint\u00e4\u00e4n 65 tuumaa, s\u00e4\u00e4dett\u00e4v\u00e4t hyllyt, olohuoneeseen, ruokailuhuoneeseen, makuuhuoneeseen, lumivalkoinen LTV030W01<br \/>\nV\u00e4ri: lumivalkoinen<br \/>\nMateriaali: lastulevy<br \/>\nKoko: 160 x 40 x 50 cm (P x L x K)<br \/>\nPaino: 29,4 kg<br \/>\nP\u00f6yt\u00e4levyn maks. staattinen kantavuus: 35 kg<br \/>\nMaks. staattinen kokonaiskuormitus: 75 kg<\/p>\n","protected":false},"excerpt":{"rendered":"<p>VASAGLE TV-kaappi, 2-ovinen televisiop\u00f6yt\u00e4, pituus 160 cm, TV-hylly televisioille, joiden koko on enint\u00e4\u00e4n 65 tuumaa, s\u00e4\u00e4dett\u00e4v\u00e4t hyllyt, olohuoneeseen, ruokailuhuoneeseen, makuuhuoneeseen, lumivalkoinen LTV030W01<\/p>\n","protected":false},"featured_media":0,"comment_status":"open","ping_status":"closed","template":"","meta":[],"product_brand":[],"product_cat":[32],"product_tag":[],"class_list":{"0":"post-35559","1":"product","2":"type-product","3":"status-publish","5":"product_cat-uncategorized-fi","7":"first","8":"instock","9":"shipping-taxable","10":"purchasable","11":"product-type-simple"},"_links":{"self":[{"href":"https:\/\/nordicmart.andreevmaster.com\/fi\/wp-json\/wp\/v2\/product\/35559","targetHints":{"allow":["GET"]}}],"collection":[{"href":"https:\/\/nordicmart.andreevmaster.com\/fi\/wp-json\/wp\/v2\/product"}],"about":[{"href":"https:\/\/nordicmart.andreevmaster.com\/fi\/wp-json\/wp\/v2\/types\/product"}],"replies":[{"embeddable":true,"href":"https:\/\/nordicmart.andreevmaster.com\/fi\/wp-json\/wp\/v2\/comments?post=35559"}],"wp:attachment":[{"href":"https:\/\/nordicmart.andreevmaster.com\/fi\/wp-json\/wp\/v2\/media?parent=35559"}],"wp:term":[{"taxonomy":"product_brand","embeddable":true,"href":"https:\/\/nordicmart.andreevmaster.com\/fi\/wp-json\/wp\/v2\/product_brand?post=35559"},{"taxonomy":"product_cat","embeddable":true,"href":"https:\/\/nordicmart.andreevmaster.com\/fi\/wp-json\/wp\/v2\/product_cat?post=35559"},{"taxonomy":"product_tag","embeddable":true,"href":"https:\/\/nordicmart.andreevmaster.com\/fi\/wp-json\/wp\/v2\/product_tag?post=35559"}],"curies":[{"name":"wp","href":"https:\/\/api.w.org\/{rel}","templated":true}]}}