{"id":35558,"date":"2026-02-27T00:30:28","date_gmt":"2026-02-27T00:30:28","guid":{"rendered":"https:\/\/nordicmart.andreevmaster.com\/product\/vasagle-2-ovinen-televisiopoyta\/"},"modified":"2026-02-27T09:49:01","modified_gmt":"2026-02-27T09:49:01","slug":"vasagle-2-ovinen-televisiopoyta","status":"publish","type":"product","link":"https:\/\/nordicmart.andreevmaster.com\/fi\/tuote\/vasagle-2-ovinen-televisiopoyta\/","title":{"rendered":"VASAGLE 2-ovinen televisiop\u00f6yt\u00e4"},"content":{"rendered":"<p>Mit\u00e4 ohjelmia katsot? Katsotko viikonloppuisin elokuvia perheen kanssa olohuoneessa? Miten olisi rauhallinen elokuvailta olohuoneessa? Miten ikin\u00e4 haluatkaan viett\u00e4\u00e4 vapaa-aikaasi, t\u00e4m\u00e4 televisiokaappi on aina valmiina. Paljastetaan salaisuus! Haluatko tiet\u00e4\u00e4, mit\u00e4 magneettisen oven takana on? No, paljastan sen sinulle: 2 korkeuss\u00e4\u00e4dett\u00e4v\u00e4\u00e4 hyllytasoa. Muuten, hylly vasemmalla puolella kaappia on my\u00f6s s\u00e4\u00e4dett\u00e4viss\u00e4! Kausi kauden per\u00e4\u00e4n! T\u00e4m\u00e4 kaappi on varustettu korkealaatuisilla ja kest\u00e4vill\u00e4 puulevyill\u00e4 ja se pysyy rinnallasi useiden sarjakausien ajan. Nyt voit nauttia suosikkisarjoistasi mukavasti.Tuotetiedot: V\u00e4ri: vintage-ruskea Materiaali: puulevy Koko: 140 x 40 x 50 cm (P x L x K) Paino: 26,2 kg Maks. staattinen kantavuus: 50 kg Toimitus sis\u00e4lt\u00e4\u00e4: 1 x TV-kaappi 1 x lis\u00e4varustepaketti 1 x ohjeet (DE, EN, FR, ES, IT)<\/p>\n","protected":false},"excerpt":{"rendered":"<p>VASAGLE TV-kaappi, 2-ovinen televisiop\u00f6yt\u00e4, TV-hylly televisioille, joiden koko on enint\u00e4\u00e4n 60 tuumaa, televisiokaappi s\u00e4\u00e4dett\u00e4vill\u00e4 hyllyill\u00e4, olohuoneeseen, ruokailuhuoneeseen ja makuuhuoneeseen, vintage-ruskea LTV027X01<\/p>\n","protected":false},"featured_media":44125,"comment_status":"open","ping_status":"closed","template":"","meta":[],"product_brand":[],"product_cat":[32],"product_tag":[],"class_list":{"0":"post-35558","1":"product","2":"type-product","3":"status-publish","4":"has-post-thumbnail","6":"product_cat-uncategorized-fi","8":"first","9":"instock","10":"shipping-taxable","11":"purchasable","12":"product-type-simple"},"_links":{"self":[{"href":"https:\/\/nordicmart.andreevmaster.com\/fi\/wp-json\/wp\/v2\/product\/35558","targetHints":{"allow":["GET"]}}],"collection":[{"href":"https:\/\/nordicmart.andreevmaster.com\/fi\/wp-json\/wp\/v2\/product"}],"about":[{"href":"https:\/\/nordicmart.andreevmaster.com\/fi\/wp-json\/wp\/v2\/types\/product"}],"replies":[{"embeddable":true,"href":"https:\/\/nordicmart.andreevmaster.com\/fi\/wp-json\/wp\/v2\/comments?post=35558"}],"wp:featuredmedia":[{"embeddable":true,"href":"https:\/\/nordicmart.andreevmaster.com\/fi\/wp-json\/wp\/v2\/media\/44125"}],"wp:attachment":[{"href":"https:\/\/nordicmart.andreevmaster.com\/fi\/wp-json\/wp\/v2\/media?parent=35558"}],"wp:term":[{"taxonomy":"product_brand","embeddable":true,"href":"https:\/\/nordicmart.andreevmaster.com\/fi\/wp-json\/wp\/v2\/product_brand?post=35558"},{"taxonomy":"product_cat","embeddable":true,"href":"https:\/\/nordicmart.andreevmaster.com\/fi\/wp-json\/wp\/v2\/product_cat?post=35558"},{"taxonomy":"product_tag","embeddable":true,"href":"https:\/\/nordicmart.andreevmaster.com\/fi\/wp-json\/wp\/v2\/product_tag?post=35558"}],"curies":[{"name":"wp","href":"https:\/\/api.w.org\/{rel}","templated":true}]}}