{"id":35557,"date":"2026-02-27T00:30:28","date_gmt":"2026-02-27T00:30:28","guid":{"rendered":"https:\/\/nordicmart.andreevmaster.com\/product\/vasagle-tv-kaappi-2-ovea-40-x-140-x-50-cm-valkoinen\/"},"modified":"2026-02-27T09:49:01","modified_gmt":"2026-02-27T09:49:01","slug":"vasagle-tv-kaappi-2-ovea-40-x-140-x-50-cm-valkoinen","status":"publish","type":"product","link":"https:\/\/nordicmart.andreevmaster.com\/fi\/tuote\/vasagle-tv-kaappi-2-ovea-40-x-140-x-50-cm-valkoinen\/","title":{"rendered":"VASAGLE TV-kaappi, 2 ovea, 40 x 140 x 50 cm, valkoinen"},"content":{"rendered":"<p>VASAGLE TV-kaappi, 2-ovinen televisiop\u00f6yt\u00e4, TV-hylly televisioille, joiden koko on enint\u00e4\u00e4n 60 tuumaa, televisiokaappi s\u00e4\u00e4dett\u00e4vill\u00e4 hyllyill\u00e4, olohuoneeseen, ruokailuhuoneeseen ja makuuhuoneeseen, vintage-ruskea LTV027X01<br \/>\nV\u00e4ri: valkoinen<br \/>\nMateriaali: lastulevy<br \/>\nKoko: 40 x 140 x 50 cm (S x L x K)<br \/>\nPaino: 26,2 kg<br \/>\nMaks. staattinen kantavuus: 50 kg<\/p>\n","protected":false},"excerpt":{"rendered":"<p>VASAGLE TV-kaappi, 2-ovinen televisiop\u00f6yt\u00e4, TV-hylly televisioille, joiden koko on enint\u00e4\u00e4n 60 tuumaa, televisiokaappi s\u00e4\u00e4dett\u00e4vill\u00e4 hyllyill\u00e4, olohuoneeseen, ruokailuhuoneeseen ja makuuhuoneeseen, vintage-ruskea LTV027X01<\/p>\n","protected":false},"featured_media":44124,"comment_status":"open","ping_status":"closed","template":"","meta":[],"product_brand":[],"product_cat":[32],"product_tag":[],"class_list":{"0":"post-35557","1":"product","2":"type-product","3":"status-publish","4":"has-post-thumbnail","6":"product_cat-uncategorized-fi","8":"first","9":"instock","10":"shipping-taxable","11":"purchasable","12":"product-type-simple"},"_links":{"self":[{"href":"https:\/\/nordicmart.andreevmaster.com\/fi\/wp-json\/wp\/v2\/product\/35557","targetHints":{"allow":["GET"]}}],"collection":[{"href":"https:\/\/nordicmart.andreevmaster.com\/fi\/wp-json\/wp\/v2\/product"}],"about":[{"href":"https:\/\/nordicmart.andreevmaster.com\/fi\/wp-json\/wp\/v2\/types\/product"}],"replies":[{"embeddable":true,"href":"https:\/\/nordicmart.andreevmaster.com\/fi\/wp-json\/wp\/v2\/comments?post=35557"}],"wp:featuredmedia":[{"embeddable":true,"href":"https:\/\/nordicmart.andreevmaster.com\/fi\/wp-json\/wp\/v2\/media\/44124"}],"wp:attachment":[{"href":"https:\/\/nordicmart.andreevmaster.com\/fi\/wp-json\/wp\/v2\/media?parent=35557"}],"wp:term":[{"taxonomy":"product_brand","embeddable":true,"href":"https:\/\/nordicmart.andreevmaster.com\/fi\/wp-json\/wp\/v2\/product_brand?post=35557"},{"taxonomy":"product_cat","embeddable":true,"href":"https:\/\/nordicmart.andreevmaster.com\/fi\/wp-json\/wp\/v2\/product_cat?post=35557"},{"taxonomy":"product_tag","embeddable":true,"href":"https:\/\/nordicmart.andreevmaster.com\/fi\/wp-json\/wp\/v2\/product_tag?post=35557"}],"curies":[{"name":"wp","href":"https:\/\/api.w.org\/{rel}","templated":true}]}}