{"id":35556,"date":"2026-02-27T00:30:28","date_gmt":"2026-02-27T00:30:28","guid":{"rendered":"https:\/\/nordicmart.andreevmaster.com\/product\/vasagle-tv-kaappi-140-cm-pitka-luonnonvarinen-tammi-kermanvalkoinen\/"},"modified":"2026-02-27T09:49:01","modified_gmt":"2026-02-27T09:49:01","slug":"vasagle-tv-kaappi-140-cm-pitka-luonnonvarinen-tammi-kermanvalkoinen","status":"publish","type":"product","link":"https:\/\/nordicmart.andreevmaster.com\/fi\/tuote\/vasagle-tv-kaappi-140-cm-pitka-luonnonvarinen-tammi-kermanvalkoinen\/","title":{"rendered":"VASAGLE TV-kaappi 140 cm pitk\u00e4, luonnonv\u00e4rinen tammi-kermanvalkoinen"},"content":{"rendered":"<p>VASAGLE TV-kaappi, 2-ovinen televisiop\u00f6yt\u00e4, TV-hylly televisioille, joiden koko on enint\u00e4\u00e4n 60 tuumaa, televisiokaappi s\u00e4\u00e4dett\u00e4vill\u00e4 hyllyill\u00e4, olohuoneeseen, ruokailuhuoneeseen ja makuuhuoneeseen, vintage-ruskea LTV027X01<br \/>\nV\u00e4ri: vintage-ruskea<br \/>\nMateriaali: lastulevy<br \/>\nKoko: 140 x 40 x 50 cm (P x L x K)<br \/>\nPaino: 26,8 kg<br \/>\nMaks. staattinen kantavuus: 80 kg<\/p>\n","protected":false},"excerpt":{"rendered":"<p>VASAGLE TV-kaappi, 2-ovinen televisiop\u00f6yt\u00e4, TV-hylly televisioille, joiden koko on enint\u00e4\u00e4n 60 tuumaa, televisiokaappi s\u00e4\u00e4dett\u00e4vill\u00e4 hyllyill\u00e4, olohuoneeseen, ruokailuhuoneeseen ja makuuhuoneeseen, vintage-ruskea LTV027X01<\/p>\n","protected":false},"featured_media":44123,"comment_status":"open","ping_status":"closed","template":"","meta":[],"product_brand":[],"product_cat":[32],"product_tag":[],"class_list":{"0":"post-35556","1":"product","2":"type-product","3":"status-publish","4":"has-post-thumbnail","6":"product_cat-uncategorized-fi","8":"first","9":"instock","10":"shipping-taxable","11":"purchasable","12":"product-type-simple"},"_links":{"self":[{"href":"https:\/\/nordicmart.andreevmaster.com\/fi\/wp-json\/wp\/v2\/product\/35556","targetHints":{"allow":["GET"]}}],"collection":[{"href":"https:\/\/nordicmart.andreevmaster.com\/fi\/wp-json\/wp\/v2\/product"}],"about":[{"href":"https:\/\/nordicmart.andreevmaster.com\/fi\/wp-json\/wp\/v2\/types\/product"}],"replies":[{"embeddable":true,"href":"https:\/\/nordicmart.andreevmaster.com\/fi\/wp-json\/wp\/v2\/comments?post=35556"}],"wp:featuredmedia":[{"embeddable":true,"href":"https:\/\/nordicmart.andreevmaster.com\/fi\/wp-json\/wp\/v2\/media\/44123"}],"wp:attachment":[{"href":"https:\/\/nordicmart.andreevmaster.com\/fi\/wp-json\/wp\/v2\/media?parent=35556"}],"wp:term":[{"taxonomy":"product_brand","embeddable":true,"href":"https:\/\/nordicmart.andreevmaster.com\/fi\/wp-json\/wp\/v2\/product_brand?post=35556"},{"taxonomy":"product_cat","embeddable":true,"href":"https:\/\/nordicmart.andreevmaster.com\/fi\/wp-json\/wp\/v2\/product_cat?post=35556"},{"taxonomy":"product_tag","embeddable":true,"href":"https:\/\/nordicmart.andreevmaster.com\/fi\/wp-json\/wp\/v2\/product_tag?post=35556"}],"curies":[{"name":"wp","href":"https:\/\/api.w.org\/{rel}","templated":true}]}}