{"id":35555,"date":"2026-02-27T00:30:28","date_gmt":"2026-02-27T00:30:28","guid":{"rendered":"https:\/\/nordicmart.andreevmaster.com\/product\/vasagle-tv-poyta-laatikolla-vintage-ruskea\/"},"modified":"2026-02-27T09:49:01","modified_gmt":"2026-02-27T09:49:01","slug":"vasagle-tv-poyta-laatikolla-vintage-ruskea","status":"publish","type":"product","link":"https:\/\/nordicmart.andreevmaster.com\/fi\/tuote\/vasagle-tv-poyta-laatikolla-vintage-ruskea\/","title":{"rendered":"VASAGLE TV-p\u00f6yt\u00e4 laatikolla, vintage-ruskea"},"content":{"rendered":"<p>Tuotetiedot: &#8211; V\u00e4ri: vintage-ruskea &#8211; Materiaali: lastulevy, karkaistu lasi &#8211; Koko: 120 x 35 x 45 cm (P x L x K) &#8211; Paino: 19,7 kg &#8211; Maks. staattinen kantavuus per lasihylly: 5 kg &#8211; Maks. staattinen kantavuus keskell\u00e4 olevassa avoimessa lokerossa: 10 kg &#8211; Maks. staattinen kantavuus yhteens\u00e4: 30 kg Toimitus sis\u00e4lt\u00e4\u00e4: &#8211; 1 x TV-hylly &#8211; 1 x lis\u00e4varustepaketti &#8211; 1 x ohjeet VASAGLE Huomautukset:- Turvallisuussyist\u00e4 lapset eiv\u00e4t saa kiivet\u00e4 tuotteelle tai leikki\u00e4 sill\u00e4.<\/p>\n","protected":false},"excerpt":{"rendered":"<p>VASAGLE TV-kaappi, televisiop\u00f6yt\u00e4, laatikolla, lasihyllyill\u00e4, televisiokaappi, TV-hylly, televisioille jopa 55 tuumaa, vintage-ruskea LTV012X01<\/p>\n","protected":false},"featured_media":44122,"comment_status":"open","ping_status":"closed","template":"","meta":[],"product_brand":[],"product_cat":[32],"product_tag":[],"class_list":{"0":"post-35555","1":"product","2":"type-product","3":"status-publish","4":"has-post-thumbnail","6":"product_cat-uncategorized-fi","8":"first","9":"instock","10":"shipping-taxable","11":"purchasable","12":"product-type-simple"},"_links":{"self":[{"href":"https:\/\/nordicmart.andreevmaster.com\/fi\/wp-json\/wp\/v2\/product\/35555","targetHints":{"allow":["GET"]}}],"collection":[{"href":"https:\/\/nordicmart.andreevmaster.com\/fi\/wp-json\/wp\/v2\/product"}],"about":[{"href":"https:\/\/nordicmart.andreevmaster.com\/fi\/wp-json\/wp\/v2\/types\/product"}],"replies":[{"embeddable":true,"href":"https:\/\/nordicmart.andreevmaster.com\/fi\/wp-json\/wp\/v2\/comments?post=35555"}],"wp:featuredmedia":[{"embeddable":true,"href":"https:\/\/nordicmart.andreevmaster.com\/fi\/wp-json\/wp\/v2\/media\/44122"}],"wp:attachment":[{"href":"https:\/\/nordicmart.andreevmaster.com\/fi\/wp-json\/wp\/v2\/media?parent=35555"}],"wp:term":[{"taxonomy":"product_brand","embeddable":true,"href":"https:\/\/nordicmart.andreevmaster.com\/fi\/wp-json\/wp\/v2\/product_brand?post=35555"},{"taxonomy":"product_cat","embeddable":true,"href":"https:\/\/nordicmart.andreevmaster.com\/fi\/wp-json\/wp\/v2\/product_cat?post=35555"},{"taxonomy":"product_tag","embeddable":true,"href":"https:\/\/nordicmart.andreevmaster.com\/fi\/wp-json\/wp\/v2\/product_tag?post=35555"}],"curies":[{"name":"wp","href":"https:\/\/api.w.org\/{rel}","templated":true}]}}