{"id":35554,"date":"2026-02-27T00:30:27","date_gmt":"2026-02-27T00:30:27","guid":{"rendered":"https:\/\/nordicmart.andreevmaster.com\/product\/vasagle-tv-hylly-televisioille-joiden-koko-on-enintaan-43-tuumaa\/"},"modified":"2026-02-27T09:49:00","modified_gmt":"2026-02-27T09:49:00","slug":"vasagle-tv-hylly-televisioille-joiden-koko-on-enintaan-43-tuumaa","status":"publish","type":"product","link":"https:\/\/nordicmart.andreevmaster.com\/fi\/tuote\/vasagle-tv-hylly-televisioille-joiden-koko-on-enintaan-43-tuumaa\/","title":{"rendered":"VASAGLE TV-hylly televisioille, joiden koko on enint\u00e4\u00e4n 43 tuumaa"},"content":{"rendered":"<p>Retro, 50\/60-luvun tyyli: On syy, miksi 50\/60-luvun tyyliset huonekalut ovat niin suosittuja: ne n\u00e4ytt\u00e4v\u00e4t aina ja kaikkialla upeilta. T\u00e4m\u00e4 matala hylly sopii moniin sisustustyyleihin ja n\u00e4ytt\u00e4\u00e4 upealta olohuoneessa, makuuhuoneessa tai toimistossa. 2 hyllytasoa, kevyell\u00e4 painalluksella avautuva kaapinovi, jonka takana on viel\u00e4 lis\u00e4\u00e4 s\u00e4ilytystilaa, ja suuri p\u00f6yt\u00e4pinta \u2013 t\u00e4m\u00e4 TV-hylly tarjoaa runsaasti tilaa televisiolle, pelikonsoleille, kaapelilaatikoille ja monille muille esineille.<\/p>\n<p>Todistettu VASAGLE-laatu: t\u00e4m\u00e4 televisiokaappi on valmistettu lastulevyst\u00e4 ja kest\u00e4\u00e4 jopa 50 kg:n painon. Ulosp\u00e4in suuntautuvat jalat viittaavat trendikk\u00e4\u00e4seen retrotyyliin ja on valmistettu kumipuusta, mik\u00e4 tekee niist\u00e4 erityisen tukevat. Ne kiinnitet\u00e4\u00e4n TV-hyllyn runkoon tukevilla ruuveilla ja puutapeilla, jotta ne pysyv\u00e4t aina paikoillaan ja tarjoavat erinomaisen tuen. Tuotetiedot:<\/p>\n<p>V\u00e4ri: greige<br \/>\nMateriaali: lastulevy, kumipuu<br \/>\nKoko: 110 x 40 x 49,5 cm (P x L x K)<br \/>\nPaino: 17,4 kg<br \/>\nMaks. staattinen kantavuus: 50 kg<br \/>\nToimitus sis\u00e4lt\u00e4\u00e4:<\/p>\n<p>1 x televisiop\u00f6yt\u00e4<br \/>\n1 x s\u00e4ilytyslaatikko lis\u00e4varusteille<br \/>\n1 x ohjeet (DE, EN, FR, ES, IT)<br \/>\nVASAGLE Huomautukset:<\/p>\n<p>Pid\u00e4 lapset poissa p\u00f6yd\u00e4n kulmista, sill\u00e4 muuten voi sattua tapaturmia.<br \/>\nNosta p\u00f6yt\u00e4, kun haluat siirt\u00e4\u00e4 sit\u00e4. \u00c4l\u00e4 raahaa sit\u00e4 lattian yli.<br \/>\n\u00c4l\u00e4 paina kaapin ovea liian voimakkaasti, sill\u00e4 se voi vahingoittua.<\/p>\n","protected":false},"excerpt":{"rendered":"<p>VASAGLE retro-matala hylly, TV-hylly televisioille, joiden koko on enint\u00e4\u00e4n 43 tuumaa, TV-p\u00f6yt\u00e4, TV-kaappi, retro-huonekalut taulutelevisiollesi, pelikonsolit, olohuone, toimisto, greige LTV009M01<\/p>\n","protected":false},"featured_media":0,"comment_status":"open","ping_status":"closed","template":"","meta":[],"product_brand":[],"product_cat":[32],"product_tag":[],"class_list":{"0":"post-35554","1":"product","2":"type-product","3":"status-publish","5":"product_cat-uncategorized-fi","7":"first","8":"instock","9":"shipping-taxable","10":"purchasable","11":"product-type-simple"},"_links":{"self":[{"href":"https:\/\/nordicmart.andreevmaster.com\/fi\/wp-json\/wp\/v2\/product\/35554","targetHints":{"allow":["GET"]}}],"collection":[{"href":"https:\/\/nordicmart.andreevmaster.com\/fi\/wp-json\/wp\/v2\/product"}],"about":[{"href":"https:\/\/nordicmart.andreevmaster.com\/fi\/wp-json\/wp\/v2\/types\/product"}],"replies":[{"embeddable":true,"href":"https:\/\/nordicmart.andreevmaster.com\/fi\/wp-json\/wp\/v2\/comments?post=35554"}],"wp:attachment":[{"href":"https:\/\/nordicmart.andreevmaster.com\/fi\/wp-json\/wp\/v2\/media?parent=35554"}],"wp:term":[{"taxonomy":"product_brand","embeddable":true,"href":"https:\/\/nordicmart.andreevmaster.com\/fi\/wp-json\/wp\/v2\/product_brand?post=35554"},{"taxonomy":"product_cat","embeddable":true,"href":"https:\/\/nordicmart.andreevmaster.com\/fi\/wp-json\/wp\/v2\/product_cat?post=35554"},{"taxonomy":"product_tag","embeddable":true,"href":"https:\/\/nordicmart.andreevmaster.com\/fi\/wp-json\/wp\/v2\/product_tag?post=35554"}],"curies":[{"name":"wp","href":"https:\/\/api.w.org\/{rel}","templated":true}]}}