{"id":35553,"date":"2026-02-27T00:30:27","date_gmt":"2026-02-27T00:30:27","guid":{"rendered":"https:\/\/nordicmart.andreevmaster.com\/product\/vasagle-tv-poyta-olohuoneeseen-valkoinen-luonnonvari\/"},"modified":"2026-02-27T09:49:00","modified_gmt":"2026-02-27T09:49:00","slug":"vasagle-tv-poyta-olohuoneeseen-valkoinen-luonnonvari","status":"publish","type":"product","link":"https:\/\/nordicmart.andreevmaster.com\/fi\/tuote\/vasagle-tv-poyta-olohuoneeseen-valkoinen-luonnonvari\/","title":{"rendered":"VASAGLE TV-p\u00f6yt\u00e4 olohuoneeseen, valkoinen-luonnonv\u00e4ri"},"content":{"rendered":"<p>Tuotetiedot: &#8211; V\u00e4ri: valkoinen-luonnonv\u00e4ri &#8211; Materiaali: lastulevy, kumipuu &#8211; Koko: 110 x 40 x 49,5 cm (P x L x K) &#8211; Paino: 18,9 kg &#8211; Maks. staattinen kantavuus: 50 kg Toimitus sis\u00e4lt\u00e4\u00e4: &#8211; 1 x televisiop\u00f6yt\u00e4 &#8211; 1 x lis\u00e4varustepaketti &#8211; 1 x ohjeet VASAGLE Huomautukset: &#8211; Pid\u00e4 lapset poissa p\u00f6yd\u00e4n kulmista, koska muuten voi aiheutua loukkaantumisia. &#8211; Nosta p\u00f6yt\u00e4, kun haluat siirt\u00e4\u00e4 sit\u00e4. \u00c4l\u00e4 ved\u00e4 sit\u00e4 lattian yli. &#8211; \u00c4l\u00e4 paina kaapin ovea liian voimakkaasti, sill\u00e4 se voi vahingoittua. &#8211; Lapset saavat k\u00e4ytt\u00e4\u00e4 tuotetta vain aikuisen valvonnassa. &#8211; Tekstiss\u00e4 mainittu maks. kantavuus viittaa staattiseen maksimipainoon.<\/p>\n","protected":false},"excerpt":{"rendered":"<p>VASAGLE TV-kaappi, TV-hylly, matala kaappi, televisioille enint\u00e4\u00e4n 43 tuumaa, televisiop\u00f6yt\u00e4, televisiokaappi, olohuoneeseen, valkoinen-luonnonv\u00e4ri LTV008W01<\/p>\n","protected":false},"featured_media":44121,"comment_status":"open","ping_status":"closed","template":"","meta":[],"product_brand":[],"product_cat":[32],"product_tag":[],"class_list":{"0":"post-35553","1":"product","2":"type-product","3":"status-publish","4":"has-post-thumbnail","6":"product_cat-uncategorized-fi","8":"first","9":"instock","10":"shipping-taxable","11":"purchasable","12":"product-type-simple"},"_links":{"self":[{"href":"https:\/\/nordicmart.andreevmaster.com\/fi\/wp-json\/wp\/v2\/product\/35553","targetHints":{"allow":["GET"]}}],"collection":[{"href":"https:\/\/nordicmart.andreevmaster.com\/fi\/wp-json\/wp\/v2\/product"}],"about":[{"href":"https:\/\/nordicmart.andreevmaster.com\/fi\/wp-json\/wp\/v2\/types\/product"}],"replies":[{"embeddable":true,"href":"https:\/\/nordicmart.andreevmaster.com\/fi\/wp-json\/wp\/v2\/comments?post=35553"}],"wp:featuredmedia":[{"embeddable":true,"href":"https:\/\/nordicmart.andreevmaster.com\/fi\/wp-json\/wp\/v2\/media\/44121"}],"wp:attachment":[{"href":"https:\/\/nordicmart.andreevmaster.com\/fi\/wp-json\/wp\/v2\/media?parent=35553"}],"wp:term":[{"taxonomy":"product_brand","embeddable":true,"href":"https:\/\/nordicmart.andreevmaster.com\/fi\/wp-json\/wp\/v2\/product_brand?post=35553"},{"taxonomy":"product_cat","embeddable":true,"href":"https:\/\/nordicmart.andreevmaster.com\/fi\/wp-json\/wp\/v2\/product_cat?post=35553"},{"taxonomy":"product_tag","embeddable":true,"href":"https:\/\/nordicmart.andreevmaster.com\/fi\/wp-json\/wp\/v2\/product_tag?post=35553"}],"curies":[{"name":"wp","href":"https:\/\/api.w.org\/{rel}","templated":true}]}}