{"id":35548,"date":"2026-02-27T00:30:26","date_gmt":"2026-02-27T00:30:26","guid":{"rendered":"https:\/\/nordicmart.andreevmaster.com\/product\/songmics-lipasto-kaappi-7-kangaspalaista-laatikkoa-kahvoilla\/"},"modified":"2026-02-27T09:48:59","modified_gmt":"2026-02-27T09:48:59","slug":"songmics-lipasto-kaappi-7-kangaspalaista-laatikkoa-kahvoilla","status":"publish","type":"product","link":"https:\/\/nordicmart.andreevmaster.com\/fi\/tuote\/songmics-lipasto-kaappi-7-kangaspalaista-laatikkoa-kahvoilla\/","title":{"rendered":"SONGMICS lipasto, kaappi, 7 kangaspalaista laatikkoa kahvoilla"},"content":{"rendered":"<p>Kompakti, kaappi, 7 kangaspalaista laatikkoa kahvoilla, metallirunko, teollinen muotoilu, kyyhkynharmaa-pilvinen valkoinen<br \/>\n&#8211; V\u00e4ri: liuskekivi-antrasiitti<br \/>\n&#8211; Materiaali: lastulevy, ter\u00e4s, kangasp\u00e4\u00e4llysteiset laatikoiden etuosat<br \/>\n&#8211; Kokonaismitat: 28,5 x 98 x 85 cm (S x L x K)<br \/>\n&#8211; Pienen laatikon koko: 27,4 x 29,5 x 21,6 cm (S x L x K)<br \/>\n&#8211; Kunkin ison laatikon koko: 27,4 x 46 x 21,6 cm (S x L x K)<br \/>\n&#8211; Paino: 12,8 kg<br \/>\n&#8211; Jokaisen laatikon maks. staattinen kantavuus: 3 kg<br \/>\n&#8211; Pinnan maks. staattinen kantavuus: 50 kg<br \/>\n&#8211; Maks. staattinen kokonaiskuormitus: 71 kg<\/p>\n","protected":false},"excerpt":{"rendered":"<p>Kompakti, kaappi, 7 kangaspalaista laatikkoa kahvoilla, metallirunko, teollinen muotoilu, kyyhkynharmaa-pilvinen valkoinen<\/p>\n","protected":false},"featured_media":44116,"comment_status":"open","ping_status":"closed","template":"","meta":[],"product_brand":[],"product_cat":[32],"product_tag":[],"class_list":{"0":"post-35548","1":"product","2":"type-product","3":"status-publish","4":"has-post-thumbnail","6":"product_cat-uncategorized-fi","8":"first","9":"instock","10":"shipping-taxable","11":"purchasable","12":"product-type-simple"},"_links":{"self":[{"href":"https:\/\/nordicmart.andreevmaster.com\/fi\/wp-json\/wp\/v2\/product\/35548","targetHints":{"allow":["GET"]}}],"collection":[{"href":"https:\/\/nordicmart.andreevmaster.com\/fi\/wp-json\/wp\/v2\/product"}],"about":[{"href":"https:\/\/nordicmart.andreevmaster.com\/fi\/wp-json\/wp\/v2\/types\/product"}],"replies":[{"embeddable":true,"href":"https:\/\/nordicmart.andreevmaster.com\/fi\/wp-json\/wp\/v2\/comments?post=35548"}],"wp:featuredmedia":[{"embeddable":true,"href":"https:\/\/nordicmart.andreevmaster.com\/fi\/wp-json\/wp\/v2\/media\/44116"}],"wp:attachment":[{"href":"https:\/\/nordicmart.andreevmaster.com\/fi\/wp-json\/wp\/v2\/media?parent=35548"}],"wp:term":[{"taxonomy":"product_brand","embeddable":true,"href":"https:\/\/nordicmart.andreevmaster.com\/fi\/wp-json\/wp\/v2\/product_brand?post=35548"},{"taxonomy":"product_cat","embeddable":true,"href":"https:\/\/nordicmart.andreevmaster.com\/fi\/wp-json\/wp\/v2\/product_cat?post=35548"},{"taxonomy":"product_tag","embeddable":true,"href":"https:\/\/nordicmart.andreevmaster.com\/fi\/wp-json\/wp\/v2\/product_tag?post=35548"}],"curies":[{"name":"wp","href":"https:\/\/api.w.org\/{rel}","templated":true}]}}