{"id":35547,"date":"2026-02-27T00:30:26","date_gmt":"2026-02-27T00:30:26","guid":{"rendered":"https:\/\/nordicmart.andreevmaster.com\/product\/songmics-lipasto-sailytyskaappi-5-kangaspalaista-laatikkoa\/"},"modified":"2026-02-27T09:48:59","modified_gmt":"2026-02-27T09:48:59","slug":"songmics-lipasto-sailytyskaappi-5-kangaspalaista-laatikkoa","status":"publish","type":"product","link":"https:\/\/nordicmart.andreevmaster.com\/fi\/tuote\/songmics-lipasto-sailytyskaappi-5-kangaspalaista-laatikkoa\/","title":{"rendered":"SONGMICS lipasto, s\u00e4ilytyskaappi, 5 kangaspalaista laatikkoa"},"content":{"rendered":"<p>SONGMICS lipasto, s\u00e4ilytyskaappi, 5 kangaspalaista laatikkoa, eteiseen, olohuoneeseen, vaaleanharmaa-valkoinen LTS514L10<br \/>\nTekniset tiedot:<br \/>\n&#8211; Mitat: 30 x 56 x 93 cm (S x L x K)<br \/>\n&#8211; Paino: 8,1 kg<br \/>\n&#8211; Maks. staattinen kantavuus: 55 kg<br \/>\n&#8211; Materiaali: lastulevy, ter\u00e4s, kangasp\u00e4\u00e4llysteinen laatikon etuosa<br \/>\n&#8211; V\u00e4ri: kelta-valkoinen<\/p>\n","protected":false},"excerpt":{"rendered":"<p>SONGMICS lipasto, s\u00e4ilytyskaappi, 5 kangaspalaista laatikkoa, eteiseen, olohuoneeseen, vaaleanharmaa-valkoinen LTS514L10<\/p>\n","protected":false},"featured_media":44115,"comment_status":"open","ping_status":"closed","template":"","meta":[],"product_brand":[],"product_cat":[32],"product_tag":[],"class_list":{"0":"post-35547","1":"product","2":"type-product","3":"status-publish","4":"has-post-thumbnail","6":"product_cat-uncategorized-fi","8":"first","9":"instock","10":"shipping-taxable","11":"purchasable","12":"product-type-simple"},"_links":{"self":[{"href":"https:\/\/nordicmart.andreevmaster.com\/fi\/wp-json\/wp\/v2\/product\/35547","targetHints":{"allow":["GET"]}}],"collection":[{"href":"https:\/\/nordicmart.andreevmaster.com\/fi\/wp-json\/wp\/v2\/product"}],"about":[{"href":"https:\/\/nordicmart.andreevmaster.com\/fi\/wp-json\/wp\/v2\/types\/product"}],"replies":[{"embeddable":true,"href":"https:\/\/nordicmart.andreevmaster.com\/fi\/wp-json\/wp\/v2\/comments?post=35547"}],"wp:featuredmedia":[{"embeddable":true,"href":"https:\/\/nordicmart.andreevmaster.com\/fi\/wp-json\/wp\/v2\/media\/44115"}],"wp:attachment":[{"href":"https:\/\/nordicmart.andreevmaster.com\/fi\/wp-json\/wp\/v2\/media?parent=35547"}],"wp:term":[{"taxonomy":"product_brand","embeddable":true,"href":"https:\/\/nordicmart.andreevmaster.com\/fi\/wp-json\/wp\/v2\/product_brand?post=35547"},{"taxonomy":"product_cat","embeddable":true,"href":"https:\/\/nordicmart.andreevmaster.com\/fi\/wp-json\/wp\/v2\/product_cat?post=35547"},{"taxonomy":"product_tag","embeddable":true,"href":"https:\/\/nordicmart.andreevmaster.com\/fi\/wp-json\/wp\/v2\/product_tag?post=35547"}],"curies":[{"name":"wp","href":"https:\/\/api.w.org\/{rel}","templated":true}]}}