{"id":35546,"date":"2026-02-27T00:30:25","date_gmt":"2026-02-27T00:30:25","guid":{"rendered":"https:\/\/nordicmart.andreevmaster.com\/product\/songmics-lipasto-sailytyskaappi-5-laatikolla-teras\/"},"modified":"2026-02-27T09:48:59","modified_gmt":"2026-02-27T09:48:59","slug":"songmics-lipasto-sailytyskaappi-5-laatikolla-teras","status":"publish","type":"product","link":"https:\/\/nordicmart.andreevmaster.com\/fi\/tuote\/songmics-lipasto-sailytyskaappi-5-laatikolla-teras\/","title":{"rendered":"SONGMICS lipasto, s\u00e4ilytyskaappi 5 laatikolla, ter\u00e4s"},"content":{"rendered":"<p>SONGMICS lipasto, s\u00e4ilytyskaappi, 5 kangaspalaista laatikkoa, eteiseen, olohuoneeseen, vaaleanharmaa-valkoinen LTS514L10<br \/>\nTekniset tiedot:<br \/>\n&#8211; Kokonaismitat: 30 x 56 x 93 cm (S x L x K)<br \/>\n&#8211; Paino: 9,9 kg<br \/>\n&#8211; Pinnan maks. staattinen kantavuus: 15 kg<br \/>\n&#8211; Jokaisen laatikon maks. staattinen kantavuus: 3 kg<br \/>\n&#8211; Maks. staattinen kokonaiskantavuus: 30 kg<br \/>\n&#8211; Materiaali: lastulevy, ter\u00e4s, kuitukangas<br \/>\n&#8211; V\u00e4ri: vaaleanharmaa-valkoinen<\/p>\n","protected":false},"excerpt":{"rendered":"<p>SONGMICS lipasto, s\u00e4ilytyskaappi, 5 kangaspalaista laatikkoa, eteiseen, olohuoneeseen, vaaleanharmaa-valkoinen LTS514L10<\/p>\n","protected":false},"featured_media":44114,"comment_status":"open","ping_status":"closed","template":"","meta":[],"product_brand":[],"product_cat":[32],"product_tag":[],"class_list":{"0":"post-35546","1":"product","2":"type-product","3":"status-publish","4":"has-post-thumbnail","6":"product_cat-uncategorized-fi","8":"first","9":"instock","10":"shipping-taxable","11":"purchasable","12":"product-type-simple"},"_links":{"self":[{"href":"https:\/\/nordicmart.andreevmaster.com\/fi\/wp-json\/wp\/v2\/product\/35546","targetHints":{"allow":["GET"]}}],"collection":[{"href":"https:\/\/nordicmart.andreevmaster.com\/fi\/wp-json\/wp\/v2\/product"}],"about":[{"href":"https:\/\/nordicmart.andreevmaster.com\/fi\/wp-json\/wp\/v2\/types\/product"}],"replies":[{"embeddable":true,"href":"https:\/\/nordicmart.andreevmaster.com\/fi\/wp-json\/wp\/v2\/comments?post=35546"}],"wp:featuredmedia":[{"embeddable":true,"href":"https:\/\/nordicmart.andreevmaster.com\/fi\/wp-json\/wp\/v2\/media\/44114"}],"wp:attachment":[{"href":"https:\/\/nordicmart.andreevmaster.com\/fi\/wp-json\/wp\/v2\/media?parent=35546"}],"wp:term":[{"taxonomy":"product_brand","embeddable":true,"href":"https:\/\/nordicmart.andreevmaster.com\/fi\/wp-json\/wp\/v2\/product_brand?post=35546"},{"taxonomy":"product_cat","embeddable":true,"href":"https:\/\/nordicmart.andreevmaster.com\/fi\/wp-json\/wp\/v2\/product_cat?post=35546"},{"taxonomy":"product_tag","embeddable":true,"href":"https:\/\/nordicmart.andreevmaster.com\/fi\/wp-json\/wp\/v2\/product_tag?post=35546"}],"curies":[{"name":"wp","href":"https:\/\/api.w.org\/{rel}","templated":true}]}}