{"id":35544,"date":"2026-02-27T00:30:25","date_gmt":"2026-02-27T00:30:25","guid":{"rendered":"https:\/\/nordicmart.andreevmaster.com\/product\/songmics-lipasto-kaappi-6-kangaspussia\/"},"modified":"2026-02-27T09:48:58","modified_gmt":"2026-02-27T09:48:58","slug":"songmics-lipasto-kaappi-6-kangaspussia","status":"publish","type":"product","link":"https:\/\/nordicmart.andreevmaster.com\/fi\/tuote\/songmics-lipasto-kaappi-6-kangaspussia\/","title":{"rendered":"SONGMICS lipasto, kaappi, 6 kangaspussia"},"content":{"rendered":"<p>SONGMICS lipasto 6 kangaspussilla ja metallirungolla S\u00e4ilytysj\u00e4rjestelij\u00e4 Lipasto lastenhuoneeseen, makuuhuoneeseen tai eteiseen<br \/>\nTekniset tiedot:<br \/>\n&#8211; Mitat: 30 x 80 x 71 cm (S x L x K)<br \/>\n&#8211; Paino: 10,2 kg<br \/>\n&#8211; Jokaisen laatikon maks. staattinen kantavuus: 3 kg<br \/>\n&#8211; Pinnan maks. staattinen kantavuus: 15 kg<br \/>\n&#8211; Maks. staattinen kantavuus yhteens\u00e4: 33 kg<br \/>\n&#8211; Materiaali: lastulevy, ter\u00e4s, kangasp\u00e4\u00e4llysteinen laatikon etuosa<br \/>\n&#8211; V\u00e4ri: harmaa-valkoinen<\/p>\n","protected":false},"excerpt":{"rendered":"<p>SONGMICS lipasto 6 kangaspussilla ja metallirungolla S\u00e4ilytysj\u00e4rjestelij\u00e4 Lipasto lastenhuoneeseen, makuuhuoneeseen tai eteiseen<\/p>\n","protected":false},"featured_media":44112,"comment_status":"open","ping_status":"closed","template":"","meta":[],"product_brand":[],"product_cat":[32],"product_tag":[],"class_list":{"0":"post-35544","1":"product","2":"type-product","3":"status-publish","4":"has-post-thumbnail","6":"product_cat-uncategorized-fi","8":"first","9":"instock","10":"shipping-taxable","11":"purchasable","12":"product-type-simple"},"_links":{"self":[{"href":"https:\/\/nordicmart.andreevmaster.com\/fi\/wp-json\/wp\/v2\/product\/35544","targetHints":{"allow":["GET"]}}],"collection":[{"href":"https:\/\/nordicmart.andreevmaster.com\/fi\/wp-json\/wp\/v2\/product"}],"about":[{"href":"https:\/\/nordicmart.andreevmaster.com\/fi\/wp-json\/wp\/v2\/types\/product"}],"replies":[{"embeddable":true,"href":"https:\/\/nordicmart.andreevmaster.com\/fi\/wp-json\/wp\/v2\/comments?post=35544"}],"wp:featuredmedia":[{"embeddable":true,"href":"https:\/\/nordicmart.andreevmaster.com\/fi\/wp-json\/wp\/v2\/media\/44112"}],"wp:attachment":[{"href":"https:\/\/nordicmart.andreevmaster.com\/fi\/wp-json\/wp\/v2\/media?parent=35544"}],"wp:term":[{"taxonomy":"product_brand","embeddable":true,"href":"https:\/\/nordicmart.andreevmaster.com\/fi\/wp-json\/wp\/v2\/product_brand?post=35544"},{"taxonomy":"product_cat","embeddable":true,"href":"https:\/\/nordicmart.andreevmaster.com\/fi\/wp-json\/wp\/v2\/product_cat?post=35544"},{"taxonomy":"product_tag","embeddable":true,"href":"https:\/\/nordicmart.andreevmaster.com\/fi\/wp-json\/wp\/v2\/product_tag?post=35544"}],"curies":[{"name":"wp","href":"https:\/\/api.w.org\/{rel}","templated":true}]}}