{"id":35542,"date":"2026-02-27T00:30:24","date_gmt":"2026-02-27T00:30:24","guid":{"rendered":"https:\/\/nordicmart.andreevmaster.com\/product\/songmics-lipasto-sailytyskaappi-5-kangaspussilla-metallirunko\/"},"modified":"2026-02-27T09:48:58","modified_gmt":"2026-02-27T09:48:58","slug":"songmics-lipasto-sailytyskaappi-5-kangaspussilla-metallirunko","status":"publish","type":"product","link":"https:\/\/nordicmart.andreevmaster.com\/fi\/tuote\/songmics-lipasto-sailytyskaappi-5-kangaspussilla-metallirunko\/","title":{"rendered":"SONGMICS lipasto, s\u00e4ilytyskaappi 5 kangaspussilla, metallirunko"},"content":{"rendered":"<p>SONGMICS lipasto, s\u00e4ilytyskaappi, 5 kangaspussilla varustettua laatikkoa, metallirunko, korkea ja kapea, kyyhkynharmaa-kermanvalkoinen<br \/>\nTekniset tiedot:<br \/>\n&#8211; Mitat: 29,9 x 45,1 x 112,4 cm (S x L x K)<br \/>\n&#8211; Paino: 7,7 kg<br \/>\n&#8211; Maks. staattinen kantavuus: 68 kg<br \/>\n&#8211; Materiaali: lastulevy, ter\u00e4s, kangasp\u00e4\u00e4llysteiset laatikot<br \/>\n&#8211; V\u00e4ri: harmaa-valkoinen<\/p>\n","protected":false},"excerpt":{"rendered":"<p>SONGMICS lipasto, s\u00e4ilytyskaappi, 5 kangaspussilla varustettua laatikkoa, metallirunko, korkea ja kapea, kyyhkynharmaa-kermanvalkoinen<\/p>\n","protected":false},"featured_media":44110,"comment_status":"open","ping_status":"closed","template":"","meta":[],"product_brand":[],"product_cat":[32],"product_tag":[],"class_list":{"0":"post-35542","1":"product","2":"type-product","3":"status-publish","4":"has-post-thumbnail","6":"product_cat-uncategorized-fi","8":"first","9":"instock","10":"shipping-taxable","11":"purchasable","12":"product-type-simple"},"_links":{"self":[{"href":"https:\/\/nordicmart.andreevmaster.com\/fi\/wp-json\/wp\/v2\/product\/35542","targetHints":{"allow":["GET"]}}],"collection":[{"href":"https:\/\/nordicmart.andreevmaster.com\/fi\/wp-json\/wp\/v2\/product"}],"about":[{"href":"https:\/\/nordicmart.andreevmaster.com\/fi\/wp-json\/wp\/v2\/types\/product"}],"replies":[{"embeddable":true,"href":"https:\/\/nordicmart.andreevmaster.com\/fi\/wp-json\/wp\/v2\/comments?post=35542"}],"wp:featuredmedia":[{"embeddable":true,"href":"https:\/\/nordicmart.andreevmaster.com\/fi\/wp-json\/wp\/v2\/media\/44110"}],"wp:attachment":[{"href":"https:\/\/nordicmart.andreevmaster.com\/fi\/wp-json\/wp\/v2\/media?parent=35542"}],"wp:term":[{"taxonomy":"product_brand","embeddable":true,"href":"https:\/\/nordicmart.andreevmaster.com\/fi\/wp-json\/wp\/v2\/product_brand?post=35542"},{"taxonomy":"product_cat","embeddable":true,"href":"https:\/\/nordicmart.andreevmaster.com\/fi\/wp-json\/wp\/v2\/product_cat?post=35542"},{"taxonomy":"product_tag","embeddable":true,"href":"https:\/\/nordicmart.andreevmaster.com\/fi\/wp-json\/wp\/v2\/product_tag?post=35542"}],"curies":[{"name":"wp","href":"https:\/\/api.w.org\/{rel}","templated":true}]}}