{"id":35537,"date":"2026-02-27T00:30:23","date_gmt":"2026-02-27T00:30:23","guid":{"rendered":"https:\/\/nordicmart.andreevmaster.com\/product\/songmics-lipasto-5-kangaspalaista-laatikkoa-vintage-ruskea-mustanmusta\/"},"modified":"2026-02-27T09:48:57","modified_gmt":"2026-02-27T09:48:57","slug":"songmics-lipasto-5-kangaspalaista-laatikkoa-vintage-ruskea-mustanmusta","status":"publish","type":"product","link":"https:\/\/nordicmart.andreevmaster.com\/fi\/tuote\/songmics-lipasto-5-kangaspalaista-laatikkoa-vintage-ruskea-mustanmusta\/","title":{"rendered":"SONGMICS lipasto, 5 kangaspalaista laatikkoa, vintage-ruskea-mustanmusta"},"content":{"rendered":"<p>SONGMICS lipasto, kaappi, 5 kangaspalaa kahvoilla, metallirunko, teollinen muotoilu, vintage-ruskea-mustanmusta LTS135B01<br \/>\n&#8211; V\u00e4ri: vintage-ruskea-mustanmusta<br \/>\n&#8211; Materiaali: lastulevy, ter\u00e4s, kangasp\u00e4\u00e4llysteiset laatikoiden etuosat<br \/>\n&#8211; Kokonaismitat: 29 x 98,2 x 70 cm (S x L x K)<br \/>\n&#8211; Pienien laatikoiden koko: 27,4 x 29,5 x 21,6 cm (S x L x K)<br \/>\n&#8211; Kunkin ison laatikon koko: 27,4 x 46 x 21,6 cm (S x L x K)<br \/>\n&#8211; Paino: 11,2 kg<br \/>\n&#8211; Jokaisen laatikon maks. staattinen kantavuus: 4,5 kg<br \/>\n&#8211; Pinnan maks. staattinen kantavuus: 45,4 kg<br \/>\n&#8211; Maks. staattinen kokonaiskuormitus: 68 kg<\/p>\n","protected":false},"excerpt":{"rendered":"<p>SONGMICS lipasto, kaappi, 5 kangaspalaa kahvoilla, metallirunko, teollinen muotoilu, vintage-ruskea-mustanmusta LTS135B01<\/p>\n","protected":false},"featured_media":44106,"comment_status":"open","ping_status":"closed","template":"","meta":[],"product_brand":[],"product_cat":[32],"product_tag":[],"class_list":{"0":"post-35537","1":"product","2":"type-product","3":"status-publish","4":"has-post-thumbnail","6":"product_cat-uncategorized-fi","8":"first","9":"instock","10":"shipping-taxable","11":"purchasable","12":"product-type-simple"},"_links":{"self":[{"href":"https:\/\/nordicmart.andreevmaster.com\/fi\/wp-json\/wp\/v2\/product\/35537","targetHints":{"allow":["GET"]}}],"collection":[{"href":"https:\/\/nordicmart.andreevmaster.com\/fi\/wp-json\/wp\/v2\/product"}],"about":[{"href":"https:\/\/nordicmart.andreevmaster.com\/fi\/wp-json\/wp\/v2\/types\/product"}],"replies":[{"embeddable":true,"href":"https:\/\/nordicmart.andreevmaster.com\/fi\/wp-json\/wp\/v2\/comments?post=35537"}],"wp:featuredmedia":[{"embeddable":true,"href":"https:\/\/nordicmart.andreevmaster.com\/fi\/wp-json\/wp\/v2\/media\/44106"}],"wp:attachment":[{"href":"https:\/\/nordicmart.andreevmaster.com\/fi\/wp-json\/wp\/v2\/media?parent=35537"}],"wp:term":[{"taxonomy":"product_brand","embeddable":true,"href":"https:\/\/nordicmart.andreevmaster.com\/fi\/wp-json\/wp\/v2\/product_brand?post=35537"},{"taxonomy":"product_cat","embeddable":true,"href":"https:\/\/nordicmart.andreevmaster.com\/fi\/wp-json\/wp\/v2\/product_cat?post=35537"},{"taxonomy":"product_tag","embeddable":true,"href":"https:\/\/nordicmart.andreevmaster.com\/fi\/wp-json\/wp\/v2\/product_tag?post=35537"}],"curies":[{"name":"wp","href":"https:\/\/api.w.org\/{rel}","templated":true}]}}