{"id":35536,"date":"2026-02-27T00:30:23","date_gmt":"2026-02-27T00:30:23","guid":{"rendered":"https:\/\/nordicmart.andreevmaster.com\/product\/songmics-meikkauspoyta-hyllylla-vierekkain-tai-l-muotoisena-lumivalkoinen\/"},"modified":"2026-02-27T09:48:57","modified_gmt":"2026-02-27T09:48:57","slug":"songmics-meikkauspoyta-hyllylla-vierekkain-tai-l-muotoisena-lumivalkoinen","status":"publish","type":"product","link":"https:\/\/nordicmart.andreevmaster.com\/fi\/tuote\/songmics-meikkauspoyta-hyllylla-vierekkain-tai-l-muotoisena-lumivalkoinen\/","title":{"rendered":"SONGMICS meikkausp\u00f6yt\u00e4 hyllyll\u00e4 vierekk\u00e4in tai L-muotoisena lumivalkoinen"},"content":{"rendered":"<p>SONGMICS HOME lipasto, kaappi, peilip\u00f6yt\u00e4 hyllyll\u00e4, nopea asennus ilman ty\u00f6kaluja, vierekk\u00e4in tai L-muotoisena, makuuhuoneeseen, ty\u00f6huoneeseen, ty\u00f6kaluton tekniikka, lumivalkoinen LTS656W01<br \/>\nV\u00e4ri: lumivalkoinen<br \/>\nMateriaali: lastulevy<br \/>\nKomodin koko: 39 x 120 x 72 cm (S x L x K)<br \/>\nP\u00f6yd\u00e4n ja hyllyn koko: 39 x 90 x 74 cm (S x L x K)<br \/>\nKokonaispaino: 49,4 kg<br \/>\nMaks. staattinen kokonaiskuormitus: 120 kg<br \/>\nKomero-osan kansilevyn maks. staattinen kantavuus: 75 kg<br \/>\nJokaisen laatikon maks. staattinen kantavuus: 8 kg<\/p>\n","protected":false},"excerpt":{"rendered":"<p>SONGMICS HOME lipasto, kaappi, peilip\u00f6yt\u00e4 hyllyll\u00e4, nopea asennus ilman ty\u00f6kaluja, vierekk\u00e4in tai L-muotoisena, makuuhuoneeseen, ty\u00f6huoneeseen, ty\u00f6kaluton tekniikka, lumivalkoinen LTS656W01<\/p>\n","protected":false},"featured_media":0,"comment_status":"open","ping_status":"closed","template":"","meta":[],"product_brand":[],"product_cat":[32],"product_tag":[],"class_list":{"0":"post-35536","1":"product","2":"type-product","3":"status-publish","5":"product_cat-uncategorized-fi","7":"first","8":"instock","9":"shipping-taxable","10":"purchasable","11":"product-type-simple"},"_links":{"self":[{"href":"https:\/\/nordicmart.andreevmaster.com\/fi\/wp-json\/wp\/v2\/product\/35536","targetHints":{"allow":["GET"]}}],"collection":[{"href":"https:\/\/nordicmart.andreevmaster.com\/fi\/wp-json\/wp\/v2\/product"}],"about":[{"href":"https:\/\/nordicmart.andreevmaster.com\/fi\/wp-json\/wp\/v2\/types\/product"}],"replies":[{"embeddable":true,"href":"https:\/\/nordicmart.andreevmaster.com\/fi\/wp-json\/wp\/v2\/comments?post=35536"}],"wp:attachment":[{"href":"https:\/\/nordicmart.andreevmaster.com\/fi\/wp-json\/wp\/v2\/media?parent=35536"}],"wp:term":[{"taxonomy":"product_brand","embeddable":true,"href":"https:\/\/nordicmart.andreevmaster.com\/fi\/wp-json\/wp\/v2\/product_brand?post=35536"},{"taxonomy":"product_cat","embeddable":true,"href":"https:\/\/nordicmart.andreevmaster.com\/fi\/wp-json\/wp\/v2\/product_cat?post=35536"},{"taxonomy":"product_tag","embeddable":true,"href":"https:\/\/nordicmart.andreevmaster.com\/fi\/wp-json\/wp\/v2\/product_tag?post=35536"}],"curies":[{"name":"wp","href":"https:\/\/api.w.org\/{rel}","templated":true}]}}