{"id":35531,"date":"2026-02-27T00:30:22","date_gmt":"2026-02-27T00:30:22","guid":{"rendered":"https:\/\/nordicmart.andreevmaster.com\/product\/songmics-lipasto-7-kangasta-laatikkoa-kahvoilla-kyyhkynharmaa-pilvinen-valkoinen\/"},"modified":"2026-02-27T09:48:55","modified_gmt":"2026-02-27T09:48:55","slug":"songmics-lipasto-7-kangasta-laatikkoa-kahvoilla-kyyhkynharmaa-pilvinen-valkoinen","status":"publish","type":"product","link":"https:\/\/nordicmart.andreevmaster.com\/fi\/tuote\/songmics-lipasto-7-kangasta-laatikkoa-kahvoilla-kyyhkynharmaa-pilvinen-valkoinen\/","title":{"rendered":"SONGMICS lipasto 7 kangasta laatikkoa kahvoilla, kyyhkynharmaa-pilvinen valkoinen"},"content":{"rendered":"<p>SONGMICS lipasto, kaappi, 7 kangaspalaista laatikkoa kahvoilla, metallirunko, teollinen muotoilu, vintage-ruskea-musta LTS137B01<br \/>\nV\u00e4ri: kyyhkynharmaa-pilvinen valkoinen<br \/>\nMateriaali: lastulevy, ter\u00e4s, kangasp\u00e4\u00e4llysteiset laatikoiden etuosat<br \/>\nKoko: 28,5 x 98 x 85 cm (S x L x K)<br \/>\nPienien laatikoiden koko: 27,5 x 29,5 x 21,5 cm (S x L x K)<br \/>\nKunkin ison laatikon koko: 27,5 x 46 x 21,5 cm (S x L x K)<br \/>\nPaino: 12,8 kg<br \/>\nJokaisen laatikon maks. staattinen kantavuus: 3 kg<br \/>\nPinnan maks. staattinen kantavuus: 50 kg<br \/>\nSuurin staattinen kantavuus yhteens\u00e4: 71 kg<\/p>\n","protected":false},"excerpt":{"rendered":"<p>SONGMICS lipasto, kaappi, 7 kangaspalaista laatikkoa kahvoilla, metallirunko, teollinen muotoilu, vintage-ruskea-musta LTS137B01<\/p>\n","protected":false},"featured_media":44101,"comment_status":"open","ping_status":"closed","template":"","meta":[],"product_brand":[],"product_cat":[32],"product_tag":[],"class_list":{"0":"post-35531","1":"product","2":"type-product","3":"status-publish","4":"has-post-thumbnail","6":"product_cat-uncategorized-fi","8":"first","9":"instock","10":"shipping-taxable","11":"purchasable","12":"product-type-simple"},"_links":{"self":[{"href":"https:\/\/nordicmart.andreevmaster.com\/fi\/wp-json\/wp\/v2\/product\/35531","targetHints":{"allow":["GET"]}}],"collection":[{"href":"https:\/\/nordicmart.andreevmaster.com\/fi\/wp-json\/wp\/v2\/product"}],"about":[{"href":"https:\/\/nordicmart.andreevmaster.com\/fi\/wp-json\/wp\/v2\/types\/product"}],"replies":[{"embeddable":true,"href":"https:\/\/nordicmart.andreevmaster.com\/fi\/wp-json\/wp\/v2\/comments?post=35531"}],"wp:featuredmedia":[{"embeddable":true,"href":"https:\/\/nordicmart.andreevmaster.com\/fi\/wp-json\/wp\/v2\/media\/44101"}],"wp:attachment":[{"href":"https:\/\/nordicmart.andreevmaster.com\/fi\/wp-json\/wp\/v2\/media?parent=35531"}],"wp:term":[{"taxonomy":"product_brand","embeddable":true,"href":"https:\/\/nordicmart.andreevmaster.com\/fi\/wp-json\/wp\/v2\/product_brand?post=35531"},{"taxonomy":"product_cat","embeddable":true,"href":"https:\/\/nordicmart.andreevmaster.com\/fi\/wp-json\/wp\/v2\/product_cat?post=35531"},{"taxonomy":"product_tag","embeddable":true,"href":"https:\/\/nordicmart.andreevmaster.com\/fi\/wp-json\/wp\/v2\/product_tag?post=35531"}],"curies":[{"name":"wp","href":"https:\/\/api.w.org\/{rel}","templated":true}]}}