{"id":35524,"date":"2026-02-27T00:30:20","date_gmt":"2026-02-27T00:30:20","guid":{"rendered":"https:\/\/nordicmart.andreevmaster.com\/product\/songmics-lipasto-6-kangaspussilla-ja-metallikehyksella\/"},"modified":"2026-02-27T09:48:54","modified_gmt":"2026-02-27T09:48:54","slug":"songmics-lipasto-6-kangaspussilla-ja-metallikehyksella","status":"publish","type":"product","link":"https:\/\/nordicmart.andreevmaster.com\/fi\/tuote\/songmics-lipasto-6-kangaspussilla-ja-metallikehyksella\/","title":{"rendered":"SONGMICS lipasto 6 kangaspussilla ja metallikehyksell\u00e4"},"content":{"rendered":"<p>SONGMICS lipasto 6 kangaspalaa metallikehyksell\u00e4 s\u00e4ilytysj\u00e4rjestelij\u00e4 lipasto lastenhuoneeseen makuuhuoneeseen eteiseen<br \/>\nV\u00e4ri: vaaleanharmaa, valkoinen<br \/>\nMateriaali: lastulevy, ter\u00e4s, kuitukangas<br \/>\nTuotteen koko: 30 x 80 x 71 cm (S x L x K)<br \/>\nTuotteen paino: 10,2 kg. Maks.<br \/>\nJokaisen laatikon staattinen kantavuus: 3 kg Max.<br \/>\nP\u00f6yt\u00e4levyn staattinen kantavuus: 15 kgMax.<br \/>\nStaattinen kokonaiskantavuus: 33 kg<\/p>\n","protected":false},"excerpt":{"rendered":"<p>SONGMICS lipasto 6 kangaspalaa metallikehyksell\u00e4 s\u00e4ilytysj\u00e4rjestelij\u00e4 lipasto lastenhuoneeseen makuuhuoneeseen eteiseen<\/p>\n","protected":false},"featured_media":44094,"comment_status":"open","ping_status":"closed","template":"","meta":[],"product_brand":[],"product_cat":[32],"product_tag":[],"class_list":{"0":"post-35524","1":"product","2":"type-product","3":"status-publish","4":"has-post-thumbnail","6":"product_cat-uncategorized-fi","8":"first","9":"instock","10":"shipping-taxable","11":"purchasable","12":"product-type-simple"},"_links":{"self":[{"href":"https:\/\/nordicmart.andreevmaster.com\/fi\/wp-json\/wp\/v2\/product\/35524","targetHints":{"allow":["GET"]}}],"collection":[{"href":"https:\/\/nordicmart.andreevmaster.com\/fi\/wp-json\/wp\/v2\/product"}],"about":[{"href":"https:\/\/nordicmart.andreevmaster.com\/fi\/wp-json\/wp\/v2\/types\/product"}],"replies":[{"embeddable":true,"href":"https:\/\/nordicmart.andreevmaster.com\/fi\/wp-json\/wp\/v2\/comments?post=35524"}],"wp:featuredmedia":[{"embeddable":true,"href":"https:\/\/nordicmart.andreevmaster.com\/fi\/wp-json\/wp\/v2\/media\/44094"}],"wp:attachment":[{"href":"https:\/\/nordicmart.andreevmaster.com\/fi\/wp-json\/wp\/v2\/media?parent=35524"}],"wp:term":[{"taxonomy":"product_brand","embeddable":true,"href":"https:\/\/nordicmart.andreevmaster.com\/fi\/wp-json\/wp\/v2\/product_brand?post=35524"},{"taxonomy":"product_cat","embeddable":true,"href":"https:\/\/nordicmart.andreevmaster.com\/fi\/wp-json\/wp\/v2\/product_cat?post=35524"},{"taxonomy":"product_tag","embeddable":true,"href":"https:\/\/nordicmart.andreevmaster.com\/fi\/wp-json\/wp\/v2\/product_tag?post=35524"}],"curies":[{"name":"wp","href":"https:\/\/api.w.org\/{rel}","templated":true}]}}