{"id":35522,"date":"2026-02-27T00:30:19","date_gmt":"2026-02-27T00:30:19","guid":{"rendered":"https:\/\/nordicmart.andreevmaster.com\/product\/songmics-lipasto-5-kangaspussilla-kapea-kyyhkynharmaa-kermanvalkoinen\/"},"modified":"2026-02-27T09:48:53","modified_gmt":"2026-02-27T09:48:53","slug":"songmics-lipasto-5-kangaspussilla-kapea-kyyhkynharmaa-kermanvalkoinen","status":"publish","type":"product","link":"https:\/\/nordicmart.andreevmaster.com\/fi\/tuote\/songmics-lipasto-5-kangaspussilla-kapea-kyyhkynharmaa-kermanvalkoinen\/","title":{"rendered":"SONGMICS lipasto, 5 kangaspussilla, kapea, kyyhkynharmaa-kermanvalkoinen"},"content":{"rendered":"<p>SONGMICS lipasto, s\u00e4ilytyskaappi 5 kangaspalalla, metallirunko, korkea ja kapea, kyyhkynharmaa-kermanvalkoinen<br \/>\nV\u00e4ri: kyyhkynharmaa-kermanvalkoinen<br \/>\nMateriaali: lastulevy, ter\u00e4s, kangasp\u00e4\u00e4llysteiset laatikot<br \/>\nKoko: 29,8 x 45 x 112,3 cm (S x L x K)<br \/>\nPaino: 7,7 kg<br \/>\nJokaisen laatikon maks. staattinen kantavuus: 5 kg<br \/>\nPinnan maks. staattinen kantavuus: 25 kg<br \/>\nMaks. staattinen kokonaiskuormitus: 68 kg<\/p>\n","protected":false},"excerpt":{"rendered":"<p>SONGMICS lipasto, s\u00e4ilytyskaappi 5 kangaspalalla, metallirunko, korkea ja kapea, kyyhkynharmaa-kermanvalkoinen<\/p>\n","protected":false},"featured_media":44092,"comment_status":"open","ping_status":"closed","template":"","meta":[],"product_brand":[],"product_cat":[32],"product_tag":[],"class_list":{"0":"post-35522","1":"product","2":"type-product","3":"status-publish","4":"has-post-thumbnail","6":"product_cat-uncategorized-fi","8":"first","9":"instock","10":"shipping-taxable","11":"purchasable","12":"product-type-simple"},"_links":{"self":[{"href":"https:\/\/nordicmart.andreevmaster.com\/fi\/wp-json\/wp\/v2\/product\/35522","targetHints":{"allow":["GET"]}}],"collection":[{"href":"https:\/\/nordicmart.andreevmaster.com\/fi\/wp-json\/wp\/v2\/product"}],"about":[{"href":"https:\/\/nordicmart.andreevmaster.com\/fi\/wp-json\/wp\/v2\/types\/product"}],"replies":[{"embeddable":true,"href":"https:\/\/nordicmart.andreevmaster.com\/fi\/wp-json\/wp\/v2\/comments?post=35522"}],"wp:featuredmedia":[{"embeddable":true,"href":"https:\/\/nordicmart.andreevmaster.com\/fi\/wp-json\/wp\/v2\/media\/44092"}],"wp:attachment":[{"href":"https:\/\/nordicmart.andreevmaster.com\/fi\/wp-json\/wp\/v2\/media?parent=35522"}],"wp:term":[{"taxonomy":"product_brand","embeddable":true,"href":"https:\/\/nordicmart.andreevmaster.com\/fi\/wp-json\/wp\/v2\/product_brand?post=35522"},{"taxonomy":"product_cat","embeddable":true,"href":"https:\/\/nordicmart.andreevmaster.com\/fi\/wp-json\/wp\/v2\/product_cat?post=35522"},{"taxonomy":"product_tag","embeddable":true,"href":"https:\/\/nordicmart.andreevmaster.com\/fi\/wp-json\/wp\/v2\/product_tag?post=35522"}],"curies":[{"name":"wp","href":"https:\/\/api.w.org\/{rel}","templated":true}]}}