{"id":35517,"date":"2026-02-27T00:30:18","date_gmt":"2026-02-27T00:30:18","guid":{"rendered":"https:\/\/nordicmart.andreevmaster.com\/product\/songmics-teollisuussuunnittelun-lipasto-jossa-on-7-kangaspussia\/"},"modified":"2026-02-27T09:48:52","modified_gmt":"2026-02-27T09:48:52","slug":"songmics-teollisuussuunnittelun-lipasto-jossa-on-7-kangaspussia","status":"publish","type":"product","link":"https:\/\/nordicmart.andreevmaster.com\/fi\/tuote\/songmics-teollisuussuunnittelun-lipasto-jossa-on-7-kangaspussia\/","title":{"rendered":"SONGMICS teollisuussuunnittelun lipasto, jossa on 7 kangaspussia"},"content":{"rendered":"<p>Sano hyv\u00e4stit kaaokselle: t\u00e4m\u00e4n lipaston ansiosta saat vihdoin hajallaan olevat tavarat hallintaan! 7 laatikkoa kattavaan s\u00e4ilytystilaan \u2013 luo j\u00e4rjestys helposti! Hyv\u00e4t materiaalit puhuvat puolestaan: kuitukankaiset laatikot yhdistettyn\u00e4 MDF-etulevyyn, MDF-p\u00f6yt\u00e4levy ja metallirunko \u2013 tuloksena on vankka ja kest\u00e4v\u00e4 lipasto, jota on helppo siirt\u00e4\u00e4 mihin tahansa. Tuotetiedot: &#8211; V\u00e4ri: vintage-ruskea-musta &#8211; Materiaali: polyesteri, MDF (keskitihe\u00e4 kuitulevy), Oxford-kangas, kuitukangas, pahvi &#8211; Kokonaismitat: 98 x 28,5 x 85 cm (P x L x K) &#8211; Pienten laatikoiden mitat: 29,5 x 27,5 x 21,5 cm (P x L x K) &#8211; Suurten laatikoiden mitat: 46 x 27, 5 x 21,5 cm (P x L x K) &#8211; Paino: 12,5 kg &#8211; Jokaisen laatikon maks. staattinen kantavuus: 3 kg &#8211; Maks. staattinen kantavuus yhteens\u00e4: 15 kg Toimitus sis\u00e4lt\u00e4\u00e4: &#8211; 1 x lipasto &#8211; 1 x lis\u00e4varustepaketti &#8211; 1 x ohjeet SONGMICS Huomautukset:- Laatikot ovat valmistettu kankaasta, \u00e4l\u00e4 laita niihin liian painavia esineit\u00e4. &#8211; Laatikot eiv\u00e4t ole pest\u00e4vi\u00e4! Puhdista ne kostealla liinalla, jos ne likaantuvat.- Tuote saattaa tuoksua &#8221;uudelta&#8221; avattaessa. Siin\u00e4 tapauksessa voit sijoittaa sen hyvin ilmastoituun tilaan, jotta tuoksu h\u00e4vi\u00e4\u00e4 lyhyess\u00e4 ajassa. &#8211; Kiinnit\u00e4 t\u00e4m\u00e4 tuote sein\u00e4\u00e4n mukana toimitetulla kaatumissuojalla turvallisen k\u00e4yt\u00f6n varmistamiseksi.<\/p>\n","protected":false},"excerpt":{"rendered":"<p>SONGMICS lipasto, kaappi, 7 kangaspalaista laatikkoa kahvoilla, metallirunko, teollinen muotoilu, vintage-ruskea-musta LTS137B01<\/p>\n","protected":false},"featured_media":44087,"comment_status":"open","ping_status":"closed","template":"","meta":[],"product_brand":[],"product_cat":[32],"product_tag":[],"class_list":{"0":"post-35517","1":"product","2":"type-product","3":"status-publish","4":"has-post-thumbnail","6":"product_cat-uncategorized-fi","8":"first","9":"instock","10":"shipping-taxable","11":"purchasable","12":"product-type-simple"},"_links":{"self":[{"href":"https:\/\/nordicmart.andreevmaster.com\/fi\/wp-json\/wp\/v2\/product\/35517","targetHints":{"allow":["GET"]}}],"collection":[{"href":"https:\/\/nordicmart.andreevmaster.com\/fi\/wp-json\/wp\/v2\/product"}],"about":[{"href":"https:\/\/nordicmart.andreevmaster.com\/fi\/wp-json\/wp\/v2\/types\/product"}],"replies":[{"embeddable":true,"href":"https:\/\/nordicmart.andreevmaster.com\/fi\/wp-json\/wp\/v2\/comments?post=35517"}],"wp:featuredmedia":[{"embeddable":true,"href":"https:\/\/nordicmart.andreevmaster.com\/fi\/wp-json\/wp\/v2\/media\/44087"}],"wp:attachment":[{"href":"https:\/\/nordicmart.andreevmaster.com\/fi\/wp-json\/wp\/v2\/media?parent=35517"}],"wp:term":[{"taxonomy":"product_brand","embeddable":true,"href":"https:\/\/nordicmart.andreevmaster.com\/fi\/wp-json\/wp\/v2\/product_brand?post=35517"},{"taxonomy":"product_cat","embeddable":true,"href":"https:\/\/nordicmart.andreevmaster.com\/fi\/wp-json\/wp\/v2\/product_cat?post=35517"},{"taxonomy":"product_tag","embeddable":true,"href":"https:\/\/nordicmart.andreevmaster.com\/fi\/wp-json\/wp\/v2\/product_tag?post=35517"}],"curies":[{"name":"wp","href":"https:\/\/api.w.org\/{rel}","templated":true}]}}