{"id":35513,"date":"2026-02-27T00:30:17","date_gmt":"2026-02-27T00:30:17","guid":{"rendered":"https:\/\/nordicmart.andreevmaster.com\/product\/songmics-tv-kaappi-120-cm-pitka-ovet-ja-3-saadettavaa-hyllya\/"},"modified":"2026-02-27T09:48:51","modified_gmt":"2026-02-27T09:48:51","slug":"songmics-tv-kaappi-120-cm-pitka-ovet-ja-3-saadettavaa-hyllya","status":"publish","type":"product","link":"https:\/\/nordicmart.andreevmaster.com\/fi\/tuote\/songmics-tv-kaappi-120-cm-pitka-ovet-ja-3-saadettavaa-hyllya\/","title":{"rendered":"SONGMICS TV-kaappi 120 cm pitk\u00e4, ovet ja 3 s\u00e4\u00e4dett\u00e4v\u00e4\u00e4 hylly\u00e4"},"content":{"rendered":"<p>SONGMICS TV-kaappi, TV-hylly, 3 s\u00e4\u00e4dett\u00e4v\u00e4\u00e4 hylly\u00e4, televisiop\u00f6yt\u00e4, matala kaappi televisioille, joiden koko on enint\u00e4\u00e4n 55 tuumaa, olohuoneeseen, vintage-ruskea-matta musta LTS103B01<br \/>\nV\u00e4ri: tammipuu-valkoinen<br \/>\nMateriaali: lastulevy, ter\u00e4s<br \/>\nKoko: 40 x 120 x 55 cm (S x L x K)<br \/>\nPaino: 21,9 kg<br \/>\nPinnan maks. staattinen kantavuus: 30 kg<br \/>\nMaks. staattinen kokonaiskuormitus: 80 kg<\/p>\n","protected":false},"excerpt":{"rendered":"<p>SONGMICS TV-kaappi, TV-hylly, 3 s\u00e4\u00e4dett\u00e4v\u00e4\u00e4 hylly\u00e4, televisiop\u00f6yt\u00e4, matala kaappi televisioille, joiden koko on enint\u00e4\u00e4n 55 tuumaa, olohuoneeseen, vintage-ruskea-matta musta LTS103B01<\/p>\n","protected":false},"featured_media":44084,"comment_status":"open","ping_status":"closed","template":"","meta":[],"product_brand":[],"product_cat":[32],"product_tag":[],"class_list":{"0":"post-35513","1":"product","2":"type-product","3":"status-publish","4":"has-post-thumbnail","6":"product_cat-uncategorized-fi","8":"first","9":"instock","10":"shipping-taxable","11":"purchasable","12":"product-type-simple"},"_links":{"self":[{"href":"https:\/\/nordicmart.andreevmaster.com\/fi\/wp-json\/wp\/v2\/product\/35513","targetHints":{"allow":["GET"]}}],"collection":[{"href":"https:\/\/nordicmart.andreevmaster.com\/fi\/wp-json\/wp\/v2\/product"}],"about":[{"href":"https:\/\/nordicmart.andreevmaster.com\/fi\/wp-json\/wp\/v2\/types\/product"}],"replies":[{"embeddable":true,"href":"https:\/\/nordicmart.andreevmaster.com\/fi\/wp-json\/wp\/v2\/comments?post=35513"}],"wp:featuredmedia":[{"embeddable":true,"href":"https:\/\/nordicmart.andreevmaster.com\/fi\/wp-json\/wp\/v2\/media\/44084"}],"wp:attachment":[{"href":"https:\/\/nordicmart.andreevmaster.com\/fi\/wp-json\/wp\/v2\/media?parent=35513"}],"wp:term":[{"taxonomy":"product_brand","embeddable":true,"href":"https:\/\/nordicmart.andreevmaster.com\/fi\/wp-json\/wp\/v2\/product_brand?post=35513"},{"taxonomy":"product_cat","embeddable":true,"href":"https:\/\/nordicmart.andreevmaster.com\/fi\/wp-json\/wp\/v2\/product_cat?post=35513"},{"taxonomy":"product_tag","embeddable":true,"href":"https:\/\/nordicmart.andreevmaster.com\/fi\/wp-json\/wp\/v2\/product_tag?post=35513"}],"curies":[{"name":"wp","href":"https:\/\/api.w.org\/{rel}","templated":true}]}}