{"id":35510,"date":"2026-02-27T00:30:16","date_gmt":"2026-02-27T00:30:16","guid":{"rendered":"https:\/\/nordicmart.andreevmaster.com\/product\/vasagle-tyylikas-tv-kaappi-valkoinen\/"},"modified":"2026-02-27T09:48:50","modified_gmt":"2026-02-27T09:48:50","slug":"vasagle-tyylikas-tv-kaappi-valkoinen","status":"publish","type":"product","link":"https:\/\/nordicmart.andreevmaster.com\/fi\/tuote\/vasagle-tyylikas-tv-kaappi-valkoinen\/","title":{"rendered":"VASAGLE Tyylik\u00e4s TV-kaappi, valkoinen"},"content":{"rendered":"<p>Modernin TV-kaapin edut yhdell\u00e4 silm\u00e4yksell\u00e4: &#8211; Klassinen v\u00e4riyhdistelm\u00e4 valkoista ja puun s\u00e4vyj\u00e4; modernit, ulosp\u00e4in kaarevat metallikahvat. &#8211; K\u00e4yt\u00e4nn\u00f6llinen jako: 2 kaappia, 3 avointa lokeroa, suuri p\u00f6yt\u00e4pinta. &#8211; Melamiinipinnoite; helppo puhdistaa ja kest\u00e4v\u00e4. &#8211; Vakaa matala kaappi kest\u00e4\u00e4 jopa 50 kg:n painon. &#8211; Varustettu kaapelikanavalla.- Helppo ja nopea koota numeroitujen osien ansiosta. Tuotetiedot: &#8211; V\u00e4ri: valkoinen-luonnollinen &#8211; Materiaali: lastulevy &#8211; Koko: 105 x 42 x 52 cm (P x L x K) &#8211; Paino: 25,7 kg &#8211; Maks. staattinen kantavuus: 50 kg Toimitus sis\u00e4lt\u00e4\u00e4:- 1 x TV-p\u00f6yt\u00e4 &#8211; 1 x s\u00e4ilytyslaatikko tarvikkeille &#8211; 1 x ohjeet (DE, EN, FR, ES, IT) VASAGLE-ohjeet: &#8211; Varo ter\u00e4vi\u00e4 kulmia! Varo erityisesti, ett\u00e4 lapset eiv\u00e4t osu niihin. &#8211; Kokoa tuote tarkasti ohjeiden mukaisesti. &#8211; Lapset eiv\u00e4t saa kiivet\u00e4 tuotteelle tai leikki\u00e4 sill\u00e4. &#8211; Tuote ei saa joutua kosketuksiin veden kanssa. &#8211; Pid\u00e4 tuote poissa ter\u00e4vien tai ter\u00e4vien esineiden l\u00e4heisyydest\u00e4 vahingoittumisen v\u00e4ltt\u00e4miseksi.<\/p>\n","protected":false},"excerpt":{"rendered":"<p>VASAGLE TV-kaappi, televisiokaappi, matala kaappi, olohuone, makuuhuone, helppo koota, melamiinipinnoite, helppo puhdistaa, 105 x 42 x 52 cm, valkoinen-luonnonv\u00e4ri LTC03WN<\/p>\n","protected":false},"featured_media":44081,"comment_status":"open","ping_status":"closed","template":"","meta":[],"product_brand":[],"product_cat":[32],"product_tag":[],"class_list":{"0":"post-35510","1":"product","2":"type-product","3":"status-publish","4":"has-post-thumbnail","6":"product_cat-uncategorized-fi","8":"first","9":"instock","10":"shipping-taxable","11":"purchasable","12":"product-type-simple"},"_links":{"self":[{"href":"https:\/\/nordicmart.andreevmaster.com\/fi\/wp-json\/wp\/v2\/product\/35510","targetHints":{"allow":["GET"]}}],"collection":[{"href":"https:\/\/nordicmart.andreevmaster.com\/fi\/wp-json\/wp\/v2\/product"}],"about":[{"href":"https:\/\/nordicmart.andreevmaster.com\/fi\/wp-json\/wp\/v2\/types\/product"}],"replies":[{"embeddable":true,"href":"https:\/\/nordicmart.andreevmaster.com\/fi\/wp-json\/wp\/v2\/comments?post=35510"}],"wp:featuredmedia":[{"embeddable":true,"href":"https:\/\/nordicmart.andreevmaster.com\/fi\/wp-json\/wp\/v2\/media\/44081"}],"wp:attachment":[{"href":"https:\/\/nordicmart.andreevmaster.com\/fi\/wp-json\/wp\/v2\/media?parent=35510"}],"wp:term":[{"taxonomy":"product_brand","embeddable":true,"href":"https:\/\/nordicmart.andreevmaster.com\/fi\/wp-json\/wp\/v2\/product_brand?post=35510"},{"taxonomy":"product_cat","embeddable":true,"href":"https:\/\/nordicmart.andreevmaster.com\/fi\/wp-json\/wp\/v2\/product_cat?post=35510"},{"taxonomy":"product_tag","embeddable":true,"href":"https:\/\/nordicmart.andreevmaster.com\/fi\/wp-json\/wp\/v2\/product_tag?post=35510"}],"curies":[{"name":"wp","href":"https:\/\/api.w.org\/{rel}","templated":true}]}}