{"id":35509,"date":"2026-02-27T00:30:16","date_gmt":"2026-02-27T00:30:16","guid":{"rendered":"https:\/\/nordicmart.andreevmaster.com\/product\/vasagle-tyylikas-tv-taso-pyorilla\/"},"modified":"2026-02-27T09:48:50","modified_gmt":"2026-02-27T09:48:50","slug":"vasagle-tyylikas-tv-taso-pyorilla","status":"publish","type":"product","link":"https:\/\/nordicmart.andreevmaster.com\/fi\/tuote\/vasagle-tyylikas-tv-taso-pyorilla\/","title":{"rendered":"VASAGLE Tyylik\u00e4s TV-taso py\u00f6rill\u00e4"},"content":{"rendered":"<p>Tyylik\u00e4s TV-kaappi  Valkoinen kaappi sopii erinomaisesti monille laitteille, joilla voit katsella suosikkiohjelmiasi. Sen yksinkertainen eleganssi sopii t\u00e4ydellisesti erilaisiin sisustustyyleihin ja kaunistaa hienovaraisesti jokaista sisustustyyli\u00e4. 4 lokeroa lis\u00e4\u00e4 laitteille Jokaiselle laitteelle, kuten vastaanottimelle, kiintolevylle, DVD-soittimelle ja muille rentouttavaan televisioiltaan tarvittaville laitteille, on tilaa t\u00e4ss\u00e4 kaapissa. Jokaisella laitteella on oma lokero, jonka takasein\u00e4ss\u00e4 on reik\u00e4, jotta virtajohtoja ja liit\u00e4nt\u00e4kaapeleita ei n\u00e4y. 4 rullalla enemm\u00e4n vapautta Rullien avulla voit helposti siirt\u00e4\u00e4 TV-telineen, jotta voit imuroida sen alta tai tarvittaessa siirt\u00e4\u00e4 matalan telineen olohuoneesta makuuhuoneeseen. N\u00e4in saat enemm\u00e4n tilaa ja voit toimia joustavammin uuden TV-kaapin kanssa. Tuotetiedot: &#8211; V\u00e4ri: valkoinen &#8211; Materiaali: MDF-levy + puulevy + melamiiniviilu &#8211; Mitat: 85 x 35 x 35 cm (L x K x S) &#8211; Paino: 12,5 kg &#8211; Yl\u00e4levyn enimm\u00e4iskuormitus: 30 kg &#8211; Kunkin hyllyn enimm\u00e4iskuormitus: 15 kg Toimitus sis\u00e4lt\u00e4\u00e4: &#8211; 1 x TV-teline &#8211; 1 x lis\u00e4varustepussi &#8211; 1 x ohjeet (DE, EN, FR, ES, IT)<\/p>\n","protected":false},"excerpt":{"rendered":"<p>VASAGLE TV-kaappi, TV-kaappi 4 lokerolla ja rullilla, TV-p\u00f6yt\u00e4 Avoin matala kaappi televisioille, puu, valkoinen LTC02WT<\/p>\n","protected":false},"featured_media":44080,"comment_status":"open","ping_status":"closed","template":"","meta":[],"product_brand":[],"product_cat":[32],"product_tag":[],"class_list":{"0":"post-35509","1":"product","2":"type-product","3":"status-publish","4":"has-post-thumbnail","6":"product_cat-uncategorized-fi","8":"first","9":"instock","10":"shipping-taxable","11":"purchasable","12":"product-type-simple"},"_links":{"self":[{"href":"https:\/\/nordicmart.andreevmaster.com\/fi\/wp-json\/wp\/v2\/product\/35509","targetHints":{"allow":["GET"]}}],"collection":[{"href":"https:\/\/nordicmart.andreevmaster.com\/fi\/wp-json\/wp\/v2\/product"}],"about":[{"href":"https:\/\/nordicmart.andreevmaster.com\/fi\/wp-json\/wp\/v2\/types\/product"}],"replies":[{"embeddable":true,"href":"https:\/\/nordicmart.andreevmaster.com\/fi\/wp-json\/wp\/v2\/comments?post=35509"}],"wp:featuredmedia":[{"embeddable":true,"href":"https:\/\/nordicmart.andreevmaster.com\/fi\/wp-json\/wp\/v2\/media\/44080"}],"wp:attachment":[{"href":"https:\/\/nordicmart.andreevmaster.com\/fi\/wp-json\/wp\/v2\/media?parent=35509"}],"wp:term":[{"taxonomy":"product_brand","embeddable":true,"href":"https:\/\/nordicmart.andreevmaster.com\/fi\/wp-json\/wp\/v2\/product_brand?post=35509"},{"taxonomy":"product_cat","embeddable":true,"href":"https:\/\/nordicmart.andreevmaster.com\/fi\/wp-json\/wp\/v2\/product_cat?post=35509"},{"taxonomy":"product_tag","embeddable":true,"href":"https:\/\/nordicmart.andreevmaster.com\/fi\/wp-json\/wp\/v2\/product_tag?post=35509"}],"curies":[{"name":"wp","href":"https:\/\/api.w.org\/{rel}","templated":true}]}}