{"id":35508,"date":"2026-02-27T00:30:16","date_gmt":"2026-02-27T00:30:16","guid":{"rendered":"https:\/\/nordicmart.andreevmaster.com\/product\/vasagle-tv-taso-taitettavilla-ovilla-valkoinen-luonnonvari\/"},"modified":"2026-02-27T09:48:50","modified_gmt":"2026-02-27T09:48:50","slug":"vasagle-tv-taso-taitettavilla-ovilla-valkoinen-luonnonvari","status":"publish","type":"product","link":"https:\/\/nordicmart.andreevmaster.com\/fi\/tuote\/vasagle-tv-taso-taitettavilla-ovilla-valkoinen-luonnonvari\/","title":{"rendered":"VASAGLE TV-taso taitettavilla ovilla, valkoinen-luonnonv\u00e4ri"},"content":{"rendered":"<p>Tyylik\u00e4s kaappi televisioillesi ja lis\u00e4varusteillesi T\u00e4h\u00e4n televisiokaappiin mahtuu kaikki suuremmat televisiot, ja sen alla on runsaasti tilaa vastaanottimelle, DVD-soittimelle, kiintolevylle ja kaikelle muulle, mit\u00e4 tarvitset rentouttavaan televisioiltaan. Kahdessa suljetussa lokerossa on tilaa kaikelle, mit\u00e4 haluat piilottaa n\u00e4kyvist\u00e4. T\u00e4h\u00e4n kuuluvat k\u00e4ytt\u00f6ohjeet, DVD-levyt, CD-levyt, kirjat, lehdet ja niin edelleen. Moniv\u00e4rinen ulkon\u00e4k\u00f6 Klassinen valkoinen ja puunv\u00e4rinen malli sopii t\u00e4ydellisesti erilaisiin sisustustyyleihin. Televisiokaappi voidaan yhdist\u00e4\u00e4 yht\u00e4 tyylikk\u00e4\u00e4sti vaaleisiin huonekaluihin kuin tummempaan tyyliin. Puulookin ansiosta se sopii t\u00e4ydellisesti my\u00f6s maalaistyyliin ja lis\u00e4\u00e4 charmia jokaiseen huoneeseen. Kest\u00e4v\u00e4 ja tyylik\u00e4s Paksun kaappilevyn ansiosta my\u00f6s suuremmat televisiot mahtuvat sivup\u00f6yd\u00e4lle. Se kest\u00e4\u00e4 jopa 50 kg:n painon, mik\u00e4 tarkoittaa paljon televisioviihdett\u00e4. Soittimien ja vastaanottimien kaapeleita varten takana on suuri reik\u00e4, joka tarjoaa helpon ja joustavan kaapelien reitityksen liit\u00e4nt\u00e4\u00e4 varten. Tuotetiedot: &#8211; V\u00e4ri: valkoinen + puunv\u00e4rinen &#8211; Materiaali: MDF-levy + puulastulevy + melamiiniviilu &#8211; Mitat: 100 x 40 x 40 cm (L x K x S) &#8211; Paino: 20 kg &#8211; Yl\u00e4kaapin enimm\u00e4iskuormitus: 50 kg &#8211; Kunkin hyllyn enimm\u00e4iskuormitus: 20 kg Toimitus sis\u00e4lt\u00e4\u00e4: &#8211; 1 x TV-kaappi &#8211; 1 x lis\u00e4varustepussi &#8211; 1 x ohjeet (DE, EN, FR, ES, IT)<\/p>\n","protected":false},"excerpt":{"rendered":"<p>VASAGLE TV-p\u00f6yt\u00e4, TV-kaappi lokeroilla ja taittovivuilla, TV-kaappi, TV-taso, matala kaappi, TV-p\u00f6yt\u00e4, valkoinen puunv\u00e4rinen LTC01WN<\/p>\n","protected":false},"featured_media":44079,"comment_status":"open","ping_status":"closed","template":"","meta":[],"product_brand":[],"product_cat":[32],"product_tag":[],"class_list":{"0":"post-35508","1":"product","2":"type-product","3":"status-publish","4":"has-post-thumbnail","6":"product_cat-uncategorized-fi","8":"first","9":"instock","10":"shipping-taxable","11":"purchasable","12":"product-type-simple"},"_links":{"self":[{"href":"https:\/\/nordicmart.andreevmaster.com\/fi\/wp-json\/wp\/v2\/product\/35508","targetHints":{"allow":["GET"]}}],"collection":[{"href":"https:\/\/nordicmart.andreevmaster.com\/fi\/wp-json\/wp\/v2\/product"}],"about":[{"href":"https:\/\/nordicmart.andreevmaster.com\/fi\/wp-json\/wp\/v2\/types\/product"}],"replies":[{"embeddable":true,"href":"https:\/\/nordicmart.andreevmaster.com\/fi\/wp-json\/wp\/v2\/comments?post=35508"}],"wp:featuredmedia":[{"embeddable":true,"href":"https:\/\/nordicmart.andreevmaster.com\/fi\/wp-json\/wp\/v2\/media\/44079"}],"wp:attachment":[{"href":"https:\/\/nordicmart.andreevmaster.com\/fi\/wp-json\/wp\/v2\/media?parent=35508"}],"wp:term":[{"taxonomy":"product_brand","embeddable":true,"href":"https:\/\/nordicmart.andreevmaster.com\/fi\/wp-json\/wp\/v2\/product_brand?post=35508"},{"taxonomy":"product_cat","embeddable":true,"href":"https:\/\/nordicmart.andreevmaster.com\/fi\/wp-json\/wp\/v2\/product_cat?post=35508"},{"taxonomy":"product_tag","embeddable":true,"href":"https:\/\/nordicmart.andreevmaster.com\/fi\/wp-json\/wp\/v2\/product_tag?post=35508"}],"curies":[{"name":"wp","href":"https:\/\/api.w.org\/{rel}","templated":true}]}}