{"id":35507,"date":"2026-02-27T00:30:15","date_gmt":"2026-02-27T00:30:15","guid":{"rendered":"https:\/\/nordicmart.andreevmaster.com\/product\/vasagle-tv-hylly-avoimilla-hyllyilla-vintage-ruskea\/"},"modified":"2026-02-27T09:48:50","modified_gmt":"2026-02-27T09:48:50","slug":"vasagle-tv-hylly-avoimilla-hyllyilla-vintage-ruskea","status":"publish","type":"product","link":"https:\/\/nordicmart.andreevmaster.com\/fi\/tuote\/vasagle-tv-hylly-avoimilla-hyllyilla-vintage-ruskea\/","title":{"rendered":"VASAGLE TV-hylly avoimilla hyllyill\u00e4, vintage-ruskea"},"content":{"rendered":"<p>TV-faneille Aseta televisio t\u00e4lle k\u00e4yt\u00e4nn\u00f6lliselle TV-telineelle ja nauti suosikkisarjoistasi. Viel\u00e4 enemm\u00e4n s\u00e4ilytystilaa?! Nelj\u00e4ss\u00e4 avoimessa hyllyss\u00e4 on tilaa DVD-levyille, pelikonsoleille ja kaukos\u00e4\u00e4timille. Tuotetiedot: &#8211; V\u00e4ri: vintage-ruskea &#8211; Materiaali: lastulevy, MDF (keskitihe\u00e4 kuitulevy) &#8211; Koko: 110 x 40 x 50 cm (P x L x K) &#8211; Paino: 19,2 kg &#8211; Maks. staattinen kantavuus: 50 kg Toimitus sis\u00e4lt\u00e4\u00e4: &#8211; 1 x TV-hylly &#8211; 1 x lis\u00e4varustepaketti &#8211; 1 x ohjeet (DE, EN, FR, ES, IT)<\/p>\n","protected":false},"excerpt":{"rendered":"<p>VASAGLE TV-hylly, TV-kaappi, kaapelirei&#8217;ill\u00e4, avoimet hyllyt, pelikonsolille, DVD-levyille, olohuoneeseen, vintage-ruskea LTC004B01<\/p>\n","protected":false},"featured_media":44078,"comment_status":"open","ping_status":"closed","template":"","meta":[],"product_brand":[],"product_cat":[32],"product_tag":[],"class_list":{"0":"post-35507","1":"product","2":"type-product","3":"status-publish","4":"has-post-thumbnail","6":"product_cat-uncategorized-fi","8":"first","9":"instock","10":"shipping-taxable","11":"purchasable","12":"product-type-simple"},"_links":{"self":[{"href":"https:\/\/nordicmart.andreevmaster.com\/fi\/wp-json\/wp\/v2\/product\/35507","targetHints":{"allow":["GET"]}}],"collection":[{"href":"https:\/\/nordicmart.andreevmaster.com\/fi\/wp-json\/wp\/v2\/product"}],"about":[{"href":"https:\/\/nordicmart.andreevmaster.com\/fi\/wp-json\/wp\/v2\/types\/product"}],"replies":[{"embeddable":true,"href":"https:\/\/nordicmart.andreevmaster.com\/fi\/wp-json\/wp\/v2\/comments?post=35507"}],"wp:featuredmedia":[{"embeddable":true,"href":"https:\/\/nordicmart.andreevmaster.com\/fi\/wp-json\/wp\/v2\/media\/44078"}],"wp:attachment":[{"href":"https:\/\/nordicmart.andreevmaster.com\/fi\/wp-json\/wp\/v2\/media?parent=35507"}],"wp:term":[{"taxonomy":"product_brand","embeddable":true,"href":"https:\/\/nordicmart.andreevmaster.com\/fi\/wp-json\/wp\/v2\/product_brand?post=35507"},{"taxonomy":"product_cat","embeddable":true,"href":"https:\/\/nordicmart.andreevmaster.com\/fi\/wp-json\/wp\/v2\/product_cat?post=35507"},{"taxonomy":"product_tag","embeddable":true,"href":"https:\/\/nordicmart.andreevmaster.com\/fi\/wp-json\/wp\/v2\/product_tag?post=35507"}],"curies":[{"name":"wp","href":"https:\/\/api.w.org\/{rel}","templated":true}]}}