{"id":35503,"date":"2026-02-27T00:30:15","date_gmt":"2026-02-27T00:30:15","guid":{"rendered":"https:\/\/nordicmart.andreevmaster.com\/product\/songmics-roskakori-ripustettava-8-litran-teraksinen-roskakori-kannella-biojatteelle-ripustettavaksi-kaapin-oveen-tai-seinalle\/"},"modified":"2026-02-27T09:48:49","modified_gmt":"2026-02-27T09:48:49","slug":"songmics-roskakori-ripustettava-8-litran-teraksinen-roskakori-kannella-biojatteelle-ripustettavaksi-kaapin-oveen-tai-seinalle","status":"publish","type":"product","link":"https:\/\/nordicmart.andreevmaster.com\/fi\/tuote\/songmics-roskakori-ripustettava-8-litran-teraksinen-roskakori-kannella-biojatteelle-ripustettavaksi-kaapin-oveen-tai-seinalle\/","title":{"rendered":"SONGMICS roskakori, ripustettava, 8 litran ter\u00e4ksinen roskakori kannella bioj\u00e4tteelle, ripustettavaksi kaapin oveen tai sein\u00e4lle"},"content":{"rendered":"<p>SONGMICS roskakori, 8 l kompostikori keitti\u00f6\u00f6n, ter\u00e4ksinen roskakori kannella bioj\u00e4tteelle, koukulla, kaapin oveen tai sein\u00e4lle, alakaapin kylpyhuoneeseen<\/p>\n<p>Tekniset tiedot:<br \/>\n&#8211; Mitat: 25,8 x 15,2 x 32 cm (P x L x K)<br \/>\n&#8211; Kokonaiskorkeus (kansi auki): 46 cm<br \/>\n&#8211; Sis\u00e4astian koko: 21,9 x 13,3 x 30,5 cm (P x L x K)<br \/>\n&#8211; Tilavuus: 8 litraa<br \/>\n&#8211; Paino: 1,2 kg<br \/>\n&#8211; Materiaali: Ulkopakkaus ter\u00e4st\u00e4, sis\u00e4s\u00e4ili\u00f6 PP-muovia, jalusta ABS-muovia<br \/>\n&#8211; V\u00e4ri: musta<\/p>\n","protected":false},"excerpt":{"rendered":"<p>SONGMICS roskakori, 8 l kompostikori keitti\u00f6\u00f6n, ter\u00e4ksinen roskakori kannella bioj\u00e4tteelle, koukulla, kaapin oveen tai sein\u00e4lle, alakaapin kylpyhuoneeseen<\/p>\n","protected":false},"featured_media":44074,"comment_status":"open","ping_status":"closed","template":"","meta":[],"product_brand":[],"product_cat":[32],"product_tag":[],"class_list":{"0":"post-35503","1":"product","2":"type-product","3":"status-publish","4":"has-post-thumbnail","6":"product_cat-uncategorized-fi","8":"first","9":"instock","10":"shipping-taxable","11":"purchasable","12":"product-type-simple"},"_links":{"self":[{"href":"https:\/\/nordicmart.andreevmaster.com\/fi\/wp-json\/wp\/v2\/product\/35503","targetHints":{"allow":["GET"]}}],"collection":[{"href":"https:\/\/nordicmart.andreevmaster.com\/fi\/wp-json\/wp\/v2\/product"}],"about":[{"href":"https:\/\/nordicmart.andreevmaster.com\/fi\/wp-json\/wp\/v2\/types\/product"}],"replies":[{"embeddable":true,"href":"https:\/\/nordicmart.andreevmaster.com\/fi\/wp-json\/wp\/v2\/comments?post=35503"}],"wp:featuredmedia":[{"embeddable":true,"href":"https:\/\/nordicmart.andreevmaster.com\/fi\/wp-json\/wp\/v2\/media\/44074"}],"wp:attachment":[{"href":"https:\/\/nordicmart.andreevmaster.com\/fi\/wp-json\/wp\/v2\/media?parent=35503"}],"wp:term":[{"taxonomy":"product_brand","embeddable":true,"href":"https:\/\/nordicmart.andreevmaster.com\/fi\/wp-json\/wp\/v2\/product_brand?post=35503"},{"taxonomy":"product_cat","embeddable":true,"href":"https:\/\/nordicmart.andreevmaster.com\/fi\/wp-json\/wp\/v2\/product_cat?post=35503"},{"taxonomy":"product_tag","embeddable":true,"href":"https:\/\/nordicmart.andreevmaster.com\/fi\/wp-json\/wp\/v2\/product_tag?post=35503"}],"curies":[{"name":"wp","href":"https:\/\/api.w.org\/{rel}","templated":true}]}}