{"id":35492,"date":"2026-02-27T00:30:11","date_gmt":"2026-02-27T00:30:11","guid":{"rendered":"https:\/\/nordicmart.andreevmaster.com\/product\/songmics-roskakori-keittioon-20-litran-roskakori-poljettava-roskakori\/"},"modified":"2026-02-27T09:48:47","modified_gmt":"2026-02-27T09:48:47","slug":"songmics-roskakori-keittioon-20-litran-roskakori-poljettava-roskakori","status":"publish","type":"product","link":"https:\/\/nordicmart.andreevmaster.com\/fi\/tuote\/songmics-roskakori-keittioon-20-litran-roskakori-poljettava-roskakori\/","title":{"rendered":"SONGMICS roskakori keitti\u00f6\u00f6n, 20 litran roskakori, poljettava roskakori"},"content":{"rendered":"<p>Keitti\u00f6n roskakori, 30 litran roskakori, poljettava roskakori, ter\u00e4s, sis\u00e4astia, pehme\u00e4 sulkeutuminen, auki-pys\u00e4ytys, musta<br \/>\nTekniset tiedot:<br \/>\n&#8211; Mitat: 34,1 x 28,6 x 54,5 cm (P x L x K)<br \/>\n&#8211; Paino: 3,1 kg<br \/>\n&#8211; Maks. staattinen kantavuus:<br \/>\n&#8211; Materiaali: ter\u00e4s, PP-muovi<br \/>\n&#8211; V\u00e4ri: musta<\/p>\n","protected":false},"excerpt":{"rendered":"<p>Keitti\u00f6n roskakori, 30 litran roskakori, poljettava roskakori, ter\u00e4s, sis\u00e4astia, pehme\u00e4 sulkeutuminen, auki-pys\u00e4ytys, musta<\/p>\n","protected":false},"featured_media":44064,"comment_status":"open","ping_status":"closed","template":"","meta":[],"product_brand":[],"product_cat":[32],"product_tag":[],"class_list":{"0":"post-35492","1":"product","2":"type-product","3":"status-publish","4":"has-post-thumbnail","6":"product_cat-uncategorized-fi","8":"first","9":"instock","10":"shipping-taxable","11":"purchasable","12":"product-type-simple"},"_links":{"self":[{"href":"https:\/\/nordicmart.andreevmaster.com\/fi\/wp-json\/wp\/v2\/product\/35492","targetHints":{"allow":["GET"]}}],"collection":[{"href":"https:\/\/nordicmart.andreevmaster.com\/fi\/wp-json\/wp\/v2\/product"}],"about":[{"href":"https:\/\/nordicmart.andreevmaster.com\/fi\/wp-json\/wp\/v2\/types\/product"}],"replies":[{"embeddable":true,"href":"https:\/\/nordicmart.andreevmaster.com\/fi\/wp-json\/wp\/v2\/comments?post=35492"}],"wp:featuredmedia":[{"embeddable":true,"href":"https:\/\/nordicmart.andreevmaster.com\/fi\/wp-json\/wp\/v2\/media\/44064"}],"wp:attachment":[{"href":"https:\/\/nordicmart.andreevmaster.com\/fi\/wp-json\/wp\/v2\/media?parent=35492"}],"wp:term":[{"taxonomy":"product_brand","embeddable":true,"href":"https:\/\/nordicmart.andreevmaster.com\/fi\/wp-json\/wp\/v2\/product_brand?post=35492"},{"taxonomy":"product_cat","embeddable":true,"href":"https:\/\/nordicmart.andreevmaster.com\/fi\/wp-json\/wp\/v2\/product_cat?post=35492"},{"taxonomy":"product_tag","embeddable":true,"href":"https:\/\/nordicmart.andreevmaster.com\/fi\/wp-json\/wp\/v2\/product_tag?post=35492"}],"curies":[{"name":"wp","href":"https:\/\/api.w.org\/{rel}","templated":true}]}}