{"id":35491,"date":"2026-02-27T00:30:11","date_gmt":"2026-02-27T00:30:11","guid":{"rendered":"https:\/\/nordicmart.andreevmaster.com\/product\/songmics-kosmetiikkasailio-6-litraa-poljin-teras-valkoinen\/"},"modified":"2026-02-27T09:48:46","modified_gmt":"2026-02-27T09:48:46","slug":"songmics-kosmetiikkasailio-6-litraa-poljin-teras-valkoinen","status":"publish","type":"product","link":"https:\/\/nordicmart.andreevmaster.com\/fi\/tuote\/songmics-kosmetiikkasailio-6-litraa-poljin-teras-valkoinen\/","title":{"rendered":"SONGMICS kosmetiikkas\u00e4ili\u00f6 6 litraa, poljin, ter\u00e4s, valkoinen"},"content":{"rendered":"<p>SONGMICS kosmetiikkakori, 6 litraa, kylpyhuoneen roskakori, pieni roskakori, poljettava roskakori, polkimella, pieniin tiloihin, kannella, pehme\u00e4 sulkeutuminen, ter\u00e4s<br \/>\nV\u00e4ri: valkoinen<br \/>\nMateriaali: Ulkopuoli ter\u00e4st\u00e4, sis\u00e4kori PP-muovia, jalusta ABS-muovia<br \/>\nKoko: 23,9 x 19,3 x 25,5 cm (P x L x K)<br \/>\nKokonaiskorkeus (kansi auki): 44,5 cm<br \/>\nSis\u00e4astian koko: 19,3 x 19,1 x 21,3 cm (P x L x K)<br \/>\nTilavuus: 6 litraa<br \/>\nPaino: 0,8 kg<\/p>\n","protected":false},"excerpt":{"rendered":"<p>SONGMICS kosmetiikkakori, 6 litraa, kylpyhuoneen roskakori, pieni roskakori, poljettava roskakori, polkimella, pieniin tiloihin, kannella, pehme\u00e4 sulkeutuminen, ter\u00e4s<\/p>\n","protected":false},"featured_media":44063,"comment_status":"open","ping_status":"closed","template":"","meta":[],"product_brand":[],"product_cat":[32],"product_tag":[],"class_list":{"0":"post-35491","1":"product","2":"type-product","3":"status-publish","4":"has-post-thumbnail","6":"product_cat-uncategorized-fi","8":"first","9":"instock","10":"shipping-taxable","11":"purchasable","12":"product-type-simple"},"_links":{"self":[{"href":"https:\/\/nordicmart.andreevmaster.com\/fi\/wp-json\/wp\/v2\/product\/35491","targetHints":{"allow":["GET"]}}],"collection":[{"href":"https:\/\/nordicmart.andreevmaster.com\/fi\/wp-json\/wp\/v2\/product"}],"about":[{"href":"https:\/\/nordicmart.andreevmaster.com\/fi\/wp-json\/wp\/v2\/types\/product"}],"replies":[{"embeddable":true,"href":"https:\/\/nordicmart.andreevmaster.com\/fi\/wp-json\/wp\/v2\/comments?post=35491"}],"wp:featuredmedia":[{"embeddable":true,"href":"https:\/\/nordicmart.andreevmaster.com\/fi\/wp-json\/wp\/v2\/media\/44063"}],"wp:attachment":[{"href":"https:\/\/nordicmart.andreevmaster.com\/fi\/wp-json\/wp\/v2\/media?parent=35491"}],"wp:term":[{"taxonomy":"product_brand","embeddable":true,"href":"https:\/\/nordicmart.andreevmaster.com\/fi\/wp-json\/wp\/v2\/product_brand?post=35491"},{"taxonomy":"product_cat","embeddable":true,"href":"https:\/\/nordicmart.andreevmaster.com\/fi\/wp-json\/wp\/v2\/product_cat?post=35491"},{"taxonomy":"product_tag","embeddable":true,"href":"https:\/\/nordicmart.andreevmaster.com\/fi\/wp-json\/wp\/v2\/product_tag?post=35491"}],"curies":[{"name":"wp","href":"https:\/\/api.w.org\/{rel}","templated":true}]}}