{"id":35490,"date":"2026-02-27T00:30:11","date_gmt":"2026-02-27T00:30:11","guid":{"rendered":"https:\/\/nordicmart.andreevmaster.com\/product\/songmics-jateerottelujarjestelma-2-lokerolla-pilvinen-valkoinen-metallinen-hopea\/"},"modified":"2026-02-27T09:48:46","modified_gmt":"2026-02-27T09:48:46","slug":"songmics-jateerottelujarjestelma-2-lokerolla-pilvinen-valkoinen-metallinen-hopea","status":"publish","type":"product","link":"https:\/\/nordicmart.andreevmaster.com\/fi\/tuote\/songmics-jateerottelujarjestelma-2-lokerolla-pilvinen-valkoinen-metallinen-hopea\/","title":{"rendered":"SONGMICS J\u00e4teerotteluj\u00e4rjestelm\u00e4 2 lokerolla, pilvinen valkoinen-metallinen hopea"},"content":{"rendered":"<p>SONGMICS roskakori keitti\u00f6\u00f6n, j\u00e4tehuoltoj\u00e4rjestelm\u00e4 2 lokeroa, 30 l ja 20 l, kapea roskakori, poljettava roskakori keltaiselle s\u00e4kille ja j\u00e4tteelle, 2-osainen kansi, metallinen<br \/>\nV\u00e4ri: pilvinen valkoinen-metallinen hopea<br \/>\nMateriaali: ter\u00e4s, sis\u00e4s\u00e4ili\u00f6 PP-muovia<br \/>\nKoko (jalkapolkimella): 49 x 29 x 64 cm (P x L x K)<br \/>\nKokonaiskorkeus (kansi auki): 77 cm<br \/>\n20 litran sis\u00e4astian koko: 25,6 x 17,8 x 60,5 cm (P x L x K)<br \/>\n30 litran sis\u00e4astian koko: 25,6 x 25 x 60,5 cm (P x L x K)<br \/>\nPaino: 7,3 kg<\/p>\n","protected":false},"excerpt":{"rendered":"<p>SONGMICS roskakori keitti\u00f6\u00f6n, j\u00e4tehuoltoj\u00e4rjestelm\u00e4 2 lokeroa, 30 l ja 20 l, kapea roskakori, poljettava roskakori keltaiselle s\u00e4kille ja j\u00e4tteelle, 2-osainen kansi, metallinen<\/p>\n","protected":false},"featured_media":44062,"comment_status":"open","ping_status":"closed","template":"","meta":[],"product_brand":[],"product_cat":[32],"product_tag":[],"class_list":{"0":"post-35490","1":"product","2":"type-product","3":"status-publish","4":"has-post-thumbnail","6":"product_cat-uncategorized-fi","8":"first","9":"instock","10":"shipping-taxable","11":"purchasable","12":"product-type-simple"},"_links":{"self":[{"href":"https:\/\/nordicmart.andreevmaster.com\/fi\/wp-json\/wp\/v2\/product\/35490","targetHints":{"allow":["GET"]}}],"collection":[{"href":"https:\/\/nordicmart.andreevmaster.com\/fi\/wp-json\/wp\/v2\/product"}],"about":[{"href":"https:\/\/nordicmart.andreevmaster.com\/fi\/wp-json\/wp\/v2\/types\/product"}],"replies":[{"embeddable":true,"href":"https:\/\/nordicmart.andreevmaster.com\/fi\/wp-json\/wp\/v2\/comments?post=35490"}],"wp:featuredmedia":[{"embeddable":true,"href":"https:\/\/nordicmart.andreevmaster.com\/fi\/wp-json\/wp\/v2\/media\/44062"}],"wp:attachment":[{"href":"https:\/\/nordicmart.andreevmaster.com\/fi\/wp-json\/wp\/v2\/media?parent=35490"}],"wp:term":[{"taxonomy":"product_brand","embeddable":true,"href":"https:\/\/nordicmart.andreevmaster.com\/fi\/wp-json\/wp\/v2\/product_brand?post=35490"},{"taxonomy":"product_cat","embeddable":true,"href":"https:\/\/nordicmart.andreevmaster.com\/fi\/wp-json\/wp\/v2\/product_cat?post=35490"},{"taxonomy":"product_tag","embeddable":true,"href":"https:\/\/nordicmart.andreevmaster.com\/fi\/wp-json\/wp\/v2\/product_tag?post=35490"}],"curies":[{"name":"wp","href":"https:\/\/api.w.org\/{rel}","templated":true}]}}