{"id":35479,"date":"2026-02-27T00:30:08","date_gmt":"2026-02-27T00:30:08","guid":{"rendered":"https:\/\/nordicmart.andreevmaster.com\/product\/songmics-3-osainen-poljettava-roskakori\/"},"modified":"2026-02-27T09:48:44","modified_gmt":"2026-02-27T09:48:44","slug":"songmics-3-osainen-poljettava-roskakori","status":"publish","type":"product","link":"https:\/\/nordicmart.andreevmaster.com\/fi\/tuote\/songmics-3-osainen-poljettava-roskakori\/","title":{"rendered":"SONGMICS 3-osainen poljettava roskakori"},"content":{"rendered":"<p>Kierr\u00e4tt\u00e4minen voi olla helppoa: t\u00e4m\u00e4n 3 erillisen lokeron poljinkorin avulla voit lajitella j\u00e4tteesi, kuten kiinte\u00e4n j\u00e4tteen ja bioj\u00e4tteen, helposti. Sinun tarvitsee vain painaa poljinta ja heitt\u00e4\u00e4 j\u00e4te sis\u00e4korin sis\u00e4\u00e4n. Sinun ei tarvitse edes koskettaa roskakoria k\u00e4sin, mik\u00e4 takaa hygienian.&#8221;Koiranpentu- ja lapsiturvallinen&#8221; roskakori: Kaiveleeko koirasi usein roskakoria? Kurottavatko lapsesi usein avoimeen roskakoriin? Jos n\u00e4in on, haluat varmasti lopettaa t\u00e4m\u00e4n. T\u00e4ss\u00e4 tulee poljettava roskakori! Kansi avautuu vasta, kun painat poljinta. Tuotetiedot: V\u00e4ri: savuharmaa Materiaali: ter\u00e4s, PP-muovi (sis\u00e4astia), ABS-muovi (kansi) Kokonaismitat: 61,5 x 31,5 x 56 cm (P x L x K) Sis\u00e4astian mitat: 18 x 26,5 x 49 cm (P x L x K) Kokonaiskorkeus (kansi auki): 84,5 cm Paino: 9,1 kg Toimitus sis\u00e4lt\u00e4\u00e4: 1 x roskakori 1 x k\u00e4ytt\u00f6ohje (DE, EN, FR, ES, IT) SONGMICS-ohjeet: Puhdista tuote kostealla liinalla ja kuivaa se sen j\u00e4lkeen.<\/p>\n","protected":false},"excerpt":{"rendered":"<p>SONGMICS roskakori, j\u00e4tteiden lajitteluj\u00e4rjestelm\u00e4, 3 muovisella sis\u00e4astialla, poljettava roskakori, roskakori jalkapolkimella, sormenj\u00e4lki\u00e4 j\u00e4tt\u00e4m\u00e4tt\u00f6m\u00e4st\u00e4 ruostumattomasta ter\u00e4ksest\u00e4, kahvoilla (54 litraa 3 x 18 l) LTB54NL<\/p>\n","protected":false},"featured_media":44055,"comment_status":"open","ping_status":"closed","template":"","meta":[],"product_brand":[],"product_cat":[32],"product_tag":[],"class_list":{"0":"post-35479","1":"product","2":"type-product","3":"status-publish","4":"has-post-thumbnail","6":"product_cat-uncategorized-fi","8":"first","9":"instock","10":"shipping-taxable","11":"purchasable","12":"product-type-simple"},"_links":{"self":[{"href":"https:\/\/nordicmart.andreevmaster.com\/fi\/wp-json\/wp\/v2\/product\/35479","targetHints":{"allow":["GET"]}}],"collection":[{"href":"https:\/\/nordicmart.andreevmaster.com\/fi\/wp-json\/wp\/v2\/product"}],"about":[{"href":"https:\/\/nordicmart.andreevmaster.com\/fi\/wp-json\/wp\/v2\/types\/product"}],"replies":[{"embeddable":true,"href":"https:\/\/nordicmart.andreevmaster.com\/fi\/wp-json\/wp\/v2\/comments?post=35479"}],"wp:featuredmedia":[{"embeddable":true,"href":"https:\/\/nordicmart.andreevmaster.com\/fi\/wp-json\/wp\/v2\/media\/44055"}],"wp:attachment":[{"href":"https:\/\/nordicmart.andreevmaster.com\/fi\/wp-json\/wp\/v2\/media?parent=35479"}],"wp:term":[{"taxonomy":"product_brand","embeddable":true,"href":"https:\/\/nordicmart.andreevmaster.com\/fi\/wp-json\/wp\/v2\/product_brand?post=35479"},{"taxonomy":"product_cat","embeddable":true,"href":"https:\/\/nordicmart.andreevmaster.com\/fi\/wp-json\/wp\/v2\/product_cat?post=35479"},{"taxonomy":"product_tag","embeddable":true,"href":"https:\/\/nordicmart.andreevmaster.com\/fi\/wp-json\/wp\/v2\/product_tag?post=35479"}],"curies":[{"name":"wp","href":"https:\/\/api.w.org\/{rel}","templated":true}]}}