{"id":35475,"date":"2026-02-27T00:30:07","date_gmt":"2026-02-27T00:30:07","guid":{"rendered":"https:\/\/nordicmart.andreevmaster.com\/product\/songmics-roskakori-keittioon-suuri-roskakori-kannella-terasta\/"},"modified":"2026-02-27T09:48:43","modified_gmt":"2026-02-27T09:48:43","slug":"songmics-roskakori-keittioon-suuri-roskakori-kannella-terasta","status":"publish","type":"product","link":"https:\/\/nordicmart.andreevmaster.com\/fi\/tuote\/songmics-roskakori-keittioon-suuri-roskakori-kannella-terasta\/","title":{"rendered":"SONGMICS roskakori keitti\u00f6\u00f6n, suuri roskakori kannella, ter\u00e4st\u00e4"},"content":{"rendered":"<p>SONGMICS roskakori keitti\u00f6\u00f6n, 40 litran roskakori, suuri poljettava roskakori, kannella, ter\u00e4st\u00e4, pehme\u00e4 sulkeutuminen, sis\u00e4lt\u00e4\u00e4 15 roskapussia<br \/>\nTekniset tiedot:<br \/>\n&#8211; Mitat: 34,8 x 32,1 x 55,7 cm (P x L x K)<br \/>\n&#8211; Paino: 3,3 kg<br \/>\n&#8211; Materiaali: ter\u00e4s<br \/>\n&#8211; V\u00e4ri: musta<\/p>\n","protected":false},"excerpt":{"rendered":"<p>SONGMICS roskakori keitti\u00f6\u00f6n, 40 litran roskakori, suuri poljettava roskakori, kannella, ter\u00e4st\u00e4, pehme\u00e4 sulkeutuminen, sis\u00e4lt\u00e4\u00e4 15 roskapussia<\/p>\n","protected":false},"featured_media":44051,"comment_status":"open","ping_status":"closed","template":"","meta":[],"product_brand":[],"product_cat":[32],"product_tag":[],"class_list":{"0":"post-35475","1":"product","2":"type-product","3":"status-publish","4":"has-post-thumbnail","6":"product_cat-uncategorized-fi","8":"first","9":"instock","10":"shipping-taxable","11":"purchasable","12":"product-type-simple"},"_links":{"self":[{"href":"https:\/\/nordicmart.andreevmaster.com\/fi\/wp-json\/wp\/v2\/product\/35475","targetHints":{"allow":["GET"]}}],"collection":[{"href":"https:\/\/nordicmart.andreevmaster.com\/fi\/wp-json\/wp\/v2\/product"}],"about":[{"href":"https:\/\/nordicmart.andreevmaster.com\/fi\/wp-json\/wp\/v2\/types\/product"}],"replies":[{"embeddable":true,"href":"https:\/\/nordicmart.andreevmaster.com\/fi\/wp-json\/wp\/v2\/comments?post=35475"}],"wp:featuredmedia":[{"embeddable":true,"href":"https:\/\/nordicmart.andreevmaster.com\/fi\/wp-json\/wp\/v2\/media\/44051"}],"wp:attachment":[{"href":"https:\/\/nordicmart.andreevmaster.com\/fi\/wp-json\/wp\/v2\/media?parent=35475"}],"wp:term":[{"taxonomy":"product_brand","embeddable":true,"href":"https:\/\/nordicmart.andreevmaster.com\/fi\/wp-json\/wp\/v2\/product_brand?post=35475"},{"taxonomy":"product_cat","embeddable":true,"href":"https:\/\/nordicmart.andreevmaster.com\/fi\/wp-json\/wp\/v2\/product_cat?post=35475"},{"taxonomy":"product_tag","embeddable":true,"href":"https:\/\/nordicmart.andreevmaster.com\/fi\/wp-json\/wp\/v2\/product_tag?post=35475"}],"curies":[{"name":"wp","href":"https:\/\/api.w.org\/{rel}","templated":true}]}}