{"id":35474,"date":"2026-02-27T00:30:07","date_gmt":"2026-02-27T00:30:07","guid":{"rendered":"https:\/\/nordicmart.andreevmaster.com\/product\/songmics-roskakori-40-litran-roskakori-15-roskapussia-mukana\/"},"modified":"2026-02-27T09:48:43","modified_gmt":"2026-02-27T09:48:43","slug":"songmics-roskakori-40-litran-roskakori-15-roskapussia-mukana","status":"publish","type":"product","link":"https:\/\/nordicmart.andreevmaster.com\/fi\/tuote\/songmics-roskakori-40-litran-roskakori-15-roskapussia-mukana\/","title":{"rendered":"SONGMICS roskakori, 40 litran roskakori, 15 roskapussia mukana"},"content":{"rendered":"<p>SONGMICS roskakori keitti\u00f6\u00f6n, 40 litran roskakori, suuri poljettava roskakori, kannella, ter\u00e4st\u00e4, pehme\u00e4 sulkeutuminen, sis\u00e4lt\u00e4\u00e4 15 roskapussia<br \/>\nMitat: 34,8 x 32,1 x 55,7 cm (P x L x K)<br \/>\nKokonaiskorkeus (kansi auki): 83,3 cm<br \/>\nPaino: 3,3 kg<br \/>\nMateriaali: ter\u00e4s<br \/>\nV\u00e4ri: hiekanbeige<\/p>\n","protected":false},"excerpt":{"rendered":"<p>SONGMICS roskakori keitti\u00f6\u00f6n, 40 litran roskakori, suuri poljettava roskakori, kannella, ter\u00e4st\u00e4, pehme\u00e4 sulkeutuminen, sis\u00e4lt\u00e4\u00e4 15 roskapussia<\/p>\n","protected":false},"featured_media":44050,"comment_status":"open","ping_status":"closed","template":"","meta":[],"product_brand":[],"product_cat":[32],"product_tag":[],"class_list":{"0":"post-35474","1":"product","2":"type-product","3":"status-publish","4":"has-post-thumbnail","6":"product_cat-uncategorized-fi","8":"first","9":"instock","10":"shipping-taxable","11":"purchasable","12":"product-type-simple"},"_links":{"self":[{"href":"https:\/\/nordicmart.andreevmaster.com\/fi\/wp-json\/wp\/v2\/product\/35474","targetHints":{"allow":["GET"]}}],"collection":[{"href":"https:\/\/nordicmart.andreevmaster.com\/fi\/wp-json\/wp\/v2\/product"}],"about":[{"href":"https:\/\/nordicmart.andreevmaster.com\/fi\/wp-json\/wp\/v2\/types\/product"}],"replies":[{"embeddable":true,"href":"https:\/\/nordicmart.andreevmaster.com\/fi\/wp-json\/wp\/v2\/comments?post=35474"}],"wp:featuredmedia":[{"embeddable":true,"href":"https:\/\/nordicmart.andreevmaster.com\/fi\/wp-json\/wp\/v2\/media\/44050"}],"wp:attachment":[{"href":"https:\/\/nordicmart.andreevmaster.com\/fi\/wp-json\/wp\/v2\/media?parent=35474"}],"wp:term":[{"taxonomy":"product_brand","embeddable":true,"href":"https:\/\/nordicmart.andreevmaster.com\/fi\/wp-json\/wp\/v2\/product_brand?post=35474"},{"taxonomy":"product_cat","embeddable":true,"href":"https:\/\/nordicmart.andreevmaster.com\/fi\/wp-json\/wp\/v2\/product_cat?post=35474"},{"taxonomy":"product_tag","embeddable":true,"href":"https:\/\/nordicmart.andreevmaster.com\/fi\/wp-json\/wp\/v2\/product_tag?post=35474"}],"curies":[{"name":"wp","href":"https:\/\/api.w.org\/{rel}","templated":true}]}}