{"id":35467,"date":"2026-02-27T00:30:05","date_gmt":"2026-02-27T00:30:05","guid":{"rendered":"https:\/\/nordicmart.andreevmaster.com\/product\/songmics-roskakori-keittioon-68-litran-roskakori-metallinen-poljettava-roskakori\/"},"modified":"2026-02-27T09:48:41","modified_gmt":"2026-02-27T09:48:41","slug":"songmics-roskakori-keittioon-68-litran-roskakori-metallinen-poljettava-roskakori","status":"publish","type":"product","link":"https:\/\/nordicmart.andreevmaster.com\/fi\/tuote\/songmics-roskakori-keittioon-68-litran-roskakori-metallinen-poljettava-roskakori\/","title":{"rendered":"SONGMICS roskakori keitti\u00f6\u00f6n, 68 litran roskakori, metallinen poljettava roskakori"},"content":{"rendered":"<p>SONGMICS Keitti\u00f6n roskakori, 68 litran roskakori, metallinen poljettava roskakori, kannella, korkea, kapea ja tilava, valkoinen-musta LTB520W6802<br \/>\nTekniset tiedot:<br \/>\n&#8211; Mitat: 40,5 x 38,1 x 77,1 cm (P x L x K) (ilman jalkapoljinta)<br \/>\n&#8211; Kokonaiskorkeus (kansi auki): 108 cm<br \/>\n&#8211; Jalkapolkimen mitat: 19,7 x 5,9 cm (P x L)<br \/>\n&#8211; Paino: 5,5 kg<br \/>\n&#8211; Materiaali: ter\u00e4s, PP-muovi<br \/>\n&#8211; V\u00e4ri: musta<\/p>\n","protected":false},"excerpt":{"rendered":"<p>SONGMICS Keitti\u00f6n roskakori, 68 litran roskakori, metallinen poljettava roskakori, kannella, korkea, kapea ja tilava, valkoinen-musta LTB520W6802<\/p>\n","protected":false},"featured_media":44045,"comment_status":"open","ping_status":"closed","template":"","meta":[],"product_brand":[],"product_cat":[32],"product_tag":[],"class_list":{"0":"post-35467","1":"product","2":"type-product","3":"status-publish","4":"has-post-thumbnail","6":"product_cat-uncategorized-fi","8":"first","9":"instock","10":"shipping-taxable","11":"purchasable","12":"product-type-simple"},"_links":{"self":[{"href":"https:\/\/nordicmart.andreevmaster.com\/fi\/wp-json\/wp\/v2\/product\/35467","targetHints":{"allow":["GET"]}}],"collection":[{"href":"https:\/\/nordicmart.andreevmaster.com\/fi\/wp-json\/wp\/v2\/product"}],"about":[{"href":"https:\/\/nordicmart.andreevmaster.com\/fi\/wp-json\/wp\/v2\/types\/product"}],"replies":[{"embeddable":true,"href":"https:\/\/nordicmart.andreevmaster.com\/fi\/wp-json\/wp\/v2\/comments?post=35467"}],"wp:featuredmedia":[{"embeddable":true,"href":"https:\/\/nordicmart.andreevmaster.com\/fi\/wp-json\/wp\/v2\/media\/44045"}],"wp:attachment":[{"href":"https:\/\/nordicmart.andreevmaster.com\/fi\/wp-json\/wp\/v2\/media?parent=35467"}],"wp:term":[{"taxonomy":"product_brand","embeddable":true,"href":"https:\/\/nordicmart.andreevmaster.com\/fi\/wp-json\/wp\/v2\/product_brand?post=35467"},{"taxonomy":"product_cat","embeddable":true,"href":"https:\/\/nordicmart.andreevmaster.com\/fi\/wp-json\/wp\/v2\/product_cat?post=35467"},{"taxonomy":"product_tag","embeddable":true,"href":"https:\/\/nordicmart.andreevmaster.com\/fi\/wp-json\/wp\/v2\/product_tag?post=35467"}],"curies":[{"name":"wp","href":"https:\/\/api.w.org\/{rel}","templated":true}]}}