{"id":35463,"date":"2026-02-27T00:30:04","date_gmt":"2026-02-27T00:30:04","guid":{"rendered":"https:\/\/nordicmart.andreevmaster.com\/product\/songmics-roskakori-3-lokeroa-jatteiden-lajittelujarjestelma-keittioon-roskakori\/"},"modified":"2026-02-27T09:48:40","modified_gmt":"2026-02-27T09:48:40","slug":"songmics-roskakori-3-lokeroa-jatteiden-lajittelujarjestelma-keittioon-roskakori","status":"publish","type":"product","link":"https:\/\/nordicmart.andreevmaster.com\/fi\/tuote\/songmics-roskakori-3-lokeroa-jatteiden-lajittelujarjestelma-keittioon-roskakori\/","title":{"rendered":"SONGMICS roskakori 3 lokeroa, j\u00e4tteiden lajitteluj\u00e4rjestelm\u00e4 keitti\u00f6\u00f6n, roskakori"},"content":{"rendered":"<p>SONGMICS roskakori j\u00e4teastia j\u00e4teastia sis\u00e4astia j\u00e4tteiden lajitteluj\u00e4rjestelm\u00e4t poljettava roskakori ruostumaton ter\u00e4s 45 litraa 3 x 15 litraa, v\u00e4rillinen<br \/>\nTekniset tiedot:<br \/>\n&#8211; Koko: 60,5 x 40,5 x 48,5 cm (P x L x K)<br \/>\n&#8211; Kokonaismitat (kansi auki): 73 cm<br \/>\n&#8211; Sis\u00e4astian mitat: 17,7 x 26,5 x 40,5 cm (P x L x K)<br \/>\n&#8211; Jalkapolkimen mitat: 10 x 5,5 cm (P x L)<br \/>\n&#8211; Tilavuus: 45 litraa<br \/>\n&#8211; Paino: 6,3 kg<br \/>\n&#8211; Materiaali: ulkokuori ter\u00e4st\u00e4, sis\u00e4s\u00e4ili\u00f6 PP-muovia, kansi ABS-muovia<br \/>\n&#8211; V\u00e4ri: musta<\/p>\n","protected":false},"excerpt":{"rendered":"<p>SONGMICS roskakori j\u00e4teastia j\u00e4teastia sis\u00e4astia j\u00e4tteiden lajitteluj\u00e4rjestelm\u00e4t poljettava roskakori ruostumaton ter\u00e4s 45 litraa 3 x 15 litraa, v\u00e4rillinen<\/p>\n","protected":false},"featured_media":44041,"comment_status":"open","ping_status":"closed","template":"","meta":[],"product_brand":[],"product_cat":[32],"product_tag":[],"class_list":{"0":"post-35463","1":"product","2":"type-product","3":"status-publish","4":"has-post-thumbnail","6":"product_cat-uncategorized-fi","8":"first","9":"instock","10":"shipping-taxable","11":"purchasable","12":"product-type-simple"},"_links":{"self":[{"href":"https:\/\/nordicmart.andreevmaster.com\/fi\/wp-json\/wp\/v2\/product\/35463","targetHints":{"allow":["GET"]}}],"collection":[{"href":"https:\/\/nordicmart.andreevmaster.com\/fi\/wp-json\/wp\/v2\/product"}],"about":[{"href":"https:\/\/nordicmart.andreevmaster.com\/fi\/wp-json\/wp\/v2\/types\/product"}],"replies":[{"embeddable":true,"href":"https:\/\/nordicmart.andreevmaster.com\/fi\/wp-json\/wp\/v2\/comments?post=35463"}],"wp:featuredmedia":[{"embeddable":true,"href":"https:\/\/nordicmart.andreevmaster.com\/fi\/wp-json\/wp\/v2\/media\/44041"}],"wp:attachment":[{"href":"https:\/\/nordicmart.andreevmaster.com\/fi\/wp-json\/wp\/v2\/media?parent=35463"}],"wp:term":[{"taxonomy":"product_brand","embeddable":true,"href":"https:\/\/nordicmart.andreevmaster.com\/fi\/wp-json\/wp\/v2\/product_brand?post=35463"},{"taxonomy":"product_cat","embeddable":true,"href":"https:\/\/nordicmart.andreevmaster.com\/fi\/wp-json\/wp\/v2\/product_cat?post=35463"},{"taxonomy":"product_tag","embeddable":true,"href":"https:\/\/nordicmart.andreevmaster.com\/fi\/wp-json\/wp\/v2\/product_tag?post=35463"}],"curies":[{"name":"wp","href":"https:\/\/api.w.org\/{rel}","templated":true}]}}