{"id":35460,"date":"2026-02-27T00:30:03","date_gmt":"2026-02-27T00:30:03","guid":{"rendered":"https:\/\/nordicmart.andreevmaster.com\/product\/songmics-roskakori-2-x-20-l-2-osioinen-jatteiden-lajittelujarjestelma-metallinen-roskakori\/"},"modified":"2026-02-27T09:48:39","modified_gmt":"2026-02-27T09:48:39","slug":"songmics-roskakori-2-x-20-l-2-osioinen-jatteiden-lajittelujarjestelma-metallinen-roskakori","status":"publish","type":"product","link":"https:\/\/nordicmart.andreevmaster.com\/fi\/tuote\/songmics-roskakori-2-x-20-l-2-osioinen-jatteiden-lajittelujarjestelma-metallinen-roskakori\/","title":{"rendered":"SONGMICS roskakori 2 x 20 l, 2-osioinen j\u00e4tteiden lajitteluj\u00e4rjestelm\u00e4, metallinen roskakori"},"content":{"rendered":"<p>SONGMICS 40 litran roskakori, 2 lokeroa, 2 x 20 litraa, roskakori, metallinen poljettava roskakori, muovinen sis\u00e4kori, kansi ja kahvat, pehme\u00e4 sulkeutuminen, ilmatiivis, valkoinen LTB40WT<br \/>\nTekniset tiedot:<br \/>\n&#8211; Mitat (jalkapolkimella): 44,4 x 40,8 x 60,2 cm (P x L x K)<br \/>\n&#8211; Sis\u00e4astian mitat: 19 x 28,5 x 50 cm (P x L x K)<br \/>\n&#8211; Kokonaiskorkeus (kansi auki): 92 cm<br \/>\n&#8211; Paino: 7,1 kg<br \/>\n&#8211; Materiaali: ter\u00e4s, sis\u00e4s\u00e4ili\u00f6 PP-muovia<br \/>\n&#8211; V\u00e4ri: vihre\u00e4nharmaa<\/p>\n","protected":false},"excerpt":{"rendered":"<p>SONGMICS 40 litran roskakori, 2 lokeroa, 2 x 20 litraa, roskakori, metallinen poljettava roskakori, muovinen sis\u00e4kori, kansi ja kahvat, pehme\u00e4 sulkeutuminen, ilmatiivis, valkoinen LTB40WT<\/p>\n","protected":false},"featured_media":44038,"comment_status":"open","ping_status":"closed","template":"","meta":[],"product_brand":[],"product_cat":[32],"product_tag":[],"class_list":{"0":"post-35460","1":"product","2":"type-product","3":"status-publish","4":"has-post-thumbnail","6":"product_cat-uncategorized-fi","8":"first","9":"instock","10":"shipping-taxable","11":"purchasable","12":"product-type-simple"},"_links":{"self":[{"href":"https:\/\/nordicmart.andreevmaster.com\/fi\/wp-json\/wp\/v2\/product\/35460","targetHints":{"allow":["GET"]}}],"collection":[{"href":"https:\/\/nordicmart.andreevmaster.com\/fi\/wp-json\/wp\/v2\/product"}],"about":[{"href":"https:\/\/nordicmart.andreevmaster.com\/fi\/wp-json\/wp\/v2\/types\/product"}],"replies":[{"embeddable":true,"href":"https:\/\/nordicmart.andreevmaster.com\/fi\/wp-json\/wp\/v2\/comments?post=35460"}],"wp:featuredmedia":[{"embeddable":true,"href":"https:\/\/nordicmart.andreevmaster.com\/fi\/wp-json\/wp\/v2\/media\/44038"}],"wp:attachment":[{"href":"https:\/\/nordicmart.andreevmaster.com\/fi\/wp-json\/wp\/v2\/media?parent=35460"}],"wp:term":[{"taxonomy":"product_brand","embeddable":true,"href":"https:\/\/nordicmart.andreevmaster.com\/fi\/wp-json\/wp\/v2\/product_brand?post=35460"},{"taxonomy":"product_cat","embeddable":true,"href":"https:\/\/nordicmart.andreevmaster.com\/fi\/wp-json\/wp\/v2\/product_cat?post=35460"},{"taxonomy":"product_tag","embeddable":true,"href":"https:\/\/nordicmart.andreevmaster.com\/fi\/wp-json\/wp\/v2\/product_tag?post=35460"}],"curies":[{"name":"wp","href":"https:\/\/api.w.org\/{rel}","templated":true}]}}