{"id":35455,"date":"2026-02-27T00:30:01","date_gmt":"2026-02-27T00:30:01","guid":{"rendered":"https:\/\/nordicmart.andreevmaster.com\/product\/songmics-roskakori-2-x-15-litraa-2-osioinen-jatteiden-lajittelujarjestelma-sisaltaa-15-roskapussia\/"},"modified":"2026-02-27T09:48:38","modified_gmt":"2026-02-27T09:48:38","slug":"songmics-roskakori-2-x-15-litraa-2-osioinen-jatteiden-lajittelujarjestelma-sisaltaa-15-roskapussia","status":"publish","type":"product","link":"https:\/\/nordicmart.andreevmaster.com\/fi\/tuote\/songmics-roskakori-2-x-15-litraa-2-osioinen-jatteiden-lajittelujarjestelma-sisaltaa-15-roskapussia\/","title":{"rendered":"SONGMICS roskakori 2 x 15 litraa, 2-osioinen j\u00e4tteiden lajitteluj\u00e4rjestelm\u00e4, sis\u00e4lt\u00e4\u00e4 15 roskapussia"},"content":{"rendered":"<p>SONGMICS 30 L roskakori J\u00e4tteiden lajittelu J\u00e4tteiden lajitteluj\u00e4rjestelm\u00e4t, 2 sis\u00e4astiaa Jalkapoljettava roskakori keitti\u00f6\u00f6n Ruostumaton ter\u00e4s 2 x 15 L LTB30H<br \/>\nTekniset tiedot:<br \/>\n&#8211; Mitat (ilman jalkapoljinta): 41 x 31,5 x 47 cm (P x L x K)<br \/>\n&#8211; Kokonaiskorkeus (kansi auki): 73,5 cm<br \/>\n&#8211; Sis\u00e4astian mitat: 18,4 x 26,3 x 40 cm (P x L x K)<br \/>\n&#8211; Jalkapolkimen mitat: 11 x 3,5 cm (P x L)<br \/>\n&#8211; Tilavuus: 2 x 15 litraa<br \/>\n&#8211; Paino: 5,1 kg<br \/>\n&#8211; Materiaali: ulkokuori ter\u00e4st\u00e4, sis\u00e4s\u00e4ili\u00f6 PP-muovia, kansi ABS-muovia<br \/>\n&#8211; V\u00e4ri: beige-musta<\/p>\n","protected":false},"excerpt":{"rendered":"<p>SONGMICS 30 L roskakori J\u00e4tteiden lajittelu J\u00e4tteiden lajitteluj\u00e4rjestelm\u00e4t, 2 sis\u00e4astiaa Jalkapoljettava roskakori keitti\u00f6\u00f6n Ruostumaton ter\u00e4s 2 x 15 L LTB30H<\/p>\n","protected":false},"featured_media":44033,"comment_status":"open","ping_status":"closed","template":"","meta":[],"product_brand":[],"product_cat":[32],"product_tag":[],"class_list":{"0":"post-35455","1":"product","2":"type-product","3":"status-publish","4":"has-post-thumbnail","6":"product_cat-uncategorized-fi","8":"first","9":"instock","10":"shipping-taxable","11":"purchasable","12":"product-type-simple"},"_links":{"self":[{"href":"https:\/\/nordicmart.andreevmaster.com\/fi\/wp-json\/wp\/v2\/product\/35455","targetHints":{"allow":["GET"]}}],"collection":[{"href":"https:\/\/nordicmart.andreevmaster.com\/fi\/wp-json\/wp\/v2\/product"}],"about":[{"href":"https:\/\/nordicmart.andreevmaster.com\/fi\/wp-json\/wp\/v2\/types\/product"}],"replies":[{"embeddable":true,"href":"https:\/\/nordicmart.andreevmaster.com\/fi\/wp-json\/wp\/v2\/comments?post=35455"}],"wp:featuredmedia":[{"embeddable":true,"href":"https:\/\/nordicmart.andreevmaster.com\/fi\/wp-json\/wp\/v2\/media\/44033"}],"wp:attachment":[{"href":"https:\/\/nordicmart.andreevmaster.com\/fi\/wp-json\/wp\/v2\/media?parent=35455"}],"wp:term":[{"taxonomy":"product_brand","embeddable":true,"href":"https:\/\/nordicmart.andreevmaster.com\/fi\/wp-json\/wp\/v2\/product_brand?post=35455"},{"taxonomy":"product_cat","embeddable":true,"href":"https:\/\/nordicmart.andreevmaster.com\/fi\/wp-json\/wp\/v2\/product_cat?post=35455"},{"taxonomy":"product_tag","embeddable":true,"href":"https:\/\/nordicmart.andreevmaster.com\/fi\/wp-json\/wp\/v2\/product_tag?post=35455"}],"curies":[{"name":"wp","href":"https:\/\/api.w.org\/{rel}","templated":true}]}}