{"id":35450,"date":"2026-02-27T00:30:00","date_gmt":"2026-02-27T00:30:00","guid":{"rendered":"https:\/\/nordicmart.andreevmaster.com\/product\/songmics-roskakori-50-litraa\/"},"modified":"2026-02-27T09:48:37","modified_gmt":"2026-02-27T09:48:37","slug":"songmics-roskakori-50-litraa","status":"publish","type":"product","link":"https:\/\/nordicmart.andreevmaster.com\/fi\/tuote\/songmics-roskakori-50-litraa\/","title":{"rendered":"SONGMICS roskakori 50 litraa"},"content":{"rendered":"<p>Katso t\u00e4m\u00e4n poljinkorin kohokohdat: &#8211; Sen tilavuus on 50 litraa. &#8211; Voit avata kannen helposti polkimella. &#8211; Kansi voi pysy\u00e4 auki pidemp\u00e4\u00e4n. &#8211; Se sulkeutuu hitaasti ja pehme\u00e4sti ilman \u00e4\u00e4nt\u00e4. &#8211; Sen mukana toimitetaan irrotettava muovinen sis\u00e4kori. &#8211; Sis\u00e4koriin on tehty aukko muovipussille.Tuotetiedot:- V\u00e4ri: valkoinen- Materiaali: ter\u00e4s, PP-muovi (sis\u00e4astia)- Kokonaismitat: 42,4 x 32 x 65 cm (P x L x K)- Sis\u00e4astian mitat: 40,4 x 27,4 x 58,4 cm (P x L x K)- Kokonaiskorkeus (kansi auki): 93 cm &#8211; Paino: 6,2 kg Toimitus sis\u00e4lt\u00e4\u00e4: &#8211; 1 x roskakori SONGMICS-ohjeet: &#8211; Pyyhi tuote puhtaaksi pehme\u00e4ll\u00e4, kostealla liinalla ja k\u00e4yt\u00e4 tarvittaessa mietoa puhdistusainetta.<\/p>\n","protected":false},"excerpt":{"rendered":"<p>SONGMICS roskakori, 50 litraa, ter\u00e4ksinen poljettava roskakori, muovinen sis\u00e4kori, kansi, pehme\u00e4 sulkeutuminen, ilmatiivis, keitti\u00f6\u00f6n, valkoinen LTB101W01<\/p>\n","protected":false},"featured_media":44028,"comment_status":"open","ping_status":"closed","template":"","meta":[],"product_brand":[],"product_cat":[32],"product_tag":[],"class_list":{"0":"post-35450","1":"product","2":"type-product","3":"status-publish","4":"has-post-thumbnail","6":"product_cat-uncategorized-fi","8":"first","9":"instock","10":"shipping-taxable","11":"purchasable","12":"product-type-simple"},"_links":{"self":[{"href":"https:\/\/nordicmart.andreevmaster.com\/fi\/wp-json\/wp\/v2\/product\/35450","targetHints":{"allow":["GET"]}}],"collection":[{"href":"https:\/\/nordicmart.andreevmaster.com\/fi\/wp-json\/wp\/v2\/product"}],"about":[{"href":"https:\/\/nordicmart.andreevmaster.com\/fi\/wp-json\/wp\/v2\/types\/product"}],"replies":[{"embeddable":true,"href":"https:\/\/nordicmart.andreevmaster.com\/fi\/wp-json\/wp\/v2\/comments?post=35450"}],"wp:featuredmedia":[{"embeddable":true,"href":"https:\/\/nordicmart.andreevmaster.com\/fi\/wp-json\/wp\/v2\/media\/44028"}],"wp:attachment":[{"href":"https:\/\/nordicmart.andreevmaster.com\/fi\/wp-json\/wp\/v2\/media?parent=35450"}],"wp:term":[{"taxonomy":"product_brand","embeddable":true,"href":"https:\/\/nordicmart.andreevmaster.com\/fi\/wp-json\/wp\/v2\/product_brand?post=35450"},{"taxonomy":"product_cat","embeddable":true,"href":"https:\/\/nordicmart.andreevmaster.com\/fi\/wp-json\/wp\/v2\/product_cat?post=35450"},{"taxonomy":"product_tag","embeddable":true,"href":"https:\/\/nordicmart.andreevmaster.com\/fi\/wp-json\/wp\/v2\/product_tag?post=35450"}],"curies":[{"name":"wp","href":"https:\/\/api.w.org\/{rel}","templated":true}]}}