{"id":35449,"date":"2026-02-27T00:30:00","date_gmt":"2026-02-27T00:30:00","guid":{"rendered":"https:\/\/nordicmart.andreevmaster.com\/product\/songmics-roskakori-2-x-30-litraa-2-lokeroa\/"},"modified":"2026-02-27T09:48:37","modified_gmt":"2026-02-27T09:48:37","slug":"songmics-roskakori-2-x-30-litraa-2-lokeroa","status":"publish","type":"product","link":"https:\/\/nordicmart.andreevmaster.com\/fi\/tuote\/songmics-roskakori-2-x-30-litraa-2-lokeroa\/","title":{"rendered":"SONGMICS roskakori, 2 x 30 litraa, 2 lokeroa,"},"content":{"rendered":"<p>SONGMICS roskakori, j\u00e4tteiden lajitteluj\u00e4rjestelm\u00e4, 2 muovista sis\u00e4astiaa, 2 x 30 litran poljettava roskakori, jalkapoljettava roskakori, kahvat, hopea LTB60NL<br \/>\n&#8211; V\u00e4ri: valkoinen<br \/>\n&#8211; Materiaali: Ulkokuori ter\u00e4st\u00e4, sis\u00e4kori PP-muovia, kansi ABS-muovia<br \/>\n&#8211; Koko (jalkapolkimella): 59 x 36,5 x 65,2 cm (P x L x K)<br \/>\n&#8211; Kokonaiskorkeus (kansi auki): 94 cm<br \/>\n&#8211; Sis\u00e4s\u00e4ili\u00f6n koko: 27 x 27 x 58,5 cm (P x L x K)<br \/>\n&#8211; Jalkapolkimen koko: 13,5 x 4 cm (P x L)<br \/>\n&#8211; Tilavuus: 2 x 30 litraa<br \/>\n&#8211; Paino: 10,5 kg<\/p>\n","protected":false},"excerpt":{"rendered":"<p>SONGMICS roskakori, j\u00e4tteiden lajitteluj\u00e4rjestelm\u00e4, 2 muovista sis\u00e4astiaa, 2 x 30 litran poljettava roskakori, jalkapoljettava roskakori, kahvat, hopea LTB60NL<\/p>\n","protected":false},"featured_media":0,"comment_status":"open","ping_status":"closed","template":"","meta":[],"product_brand":[],"product_cat":[32],"product_tag":[],"class_list":{"0":"post-35449","1":"product","2":"type-product","3":"status-publish","5":"product_cat-uncategorized-fi","7":"first","8":"instock","9":"shipping-taxable","10":"purchasable","11":"product-type-simple"},"_links":{"self":[{"href":"https:\/\/nordicmart.andreevmaster.com\/fi\/wp-json\/wp\/v2\/product\/35449","targetHints":{"allow":["GET"]}}],"collection":[{"href":"https:\/\/nordicmart.andreevmaster.com\/fi\/wp-json\/wp\/v2\/product"}],"about":[{"href":"https:\/\/nordicmart.andreevmaster.com\/fi\/wp-json\/wp\/v2\/types\/product"}],"replies":[{"embeddable":true,"href":"https:\/\/nordicmart.andreevmaster.com\/fi\/wp-json\/wp\/v2\/comments?post=35449"}],"wp:attachment":[{"href":"https:\/\/nordicmart.andreevmaster.com\/fi\/wp-json\/wp\/v2\/media?parent=35449"}],"wp:term":[{"taxonomy":"product_brand","embeddable":true,"href":"https:\/\/nordicmart.andreevmaster.com\/fi\/wp-json\/wp\/v2\/product_brand?post=35449"},{"taxonomy":"product_cat","embeddable":true,"href":"https:\/\/nordicmart.andreevmaster.com\/fi\/wp-json\/wp\/v2\/product_cat?post=35449"},{"taxonomy":"product_tag","embeddable":true,"href":"https:\/\/nordicmart.andreevmaster.com\/fi\/wp-json\/wp\/v2\/product_tag?post=35449"}],"curies":[{"name":"wp","href":"https:\/\/api.w.org\/{rel}","templated":true}]}}